{"id":34782,"date":"2025-02-20T23:36:37","date_gmt":"2025-02-20T22:36:37","guid":{"rendered":"http:\/\/olemosaic.com\/producto\/mug-xl-de-ceramica-punt-de-trobada-barcelona-blanco-13-cm\/"},"modified":"2025-07-25T20:03:41","modified_gmt":"2025-07-25T18:03:41","slug":"mug-xl-en-ceramique-punt-de-trobada-barcelone-blanc-13-cm","status":"publish","type":"product","link":"https:\/\/olemosaic.com\/fr\/produit\/mug-xl-en-ceramique-punt-de-trobada-barcelone-blanc-13-cm\/","title":{"rendered":"Mug XL en c\u00e9ramique. Punt de trobada. Barcelone. Blanc. 13 cm."},"content":{"rendered":"<p>Mug XL en c\u00e9ramique inspir\u00e9 du c\u00e9l\u00e8bre \u00ab\u00a0Punt de Trobada\u00a0\u00bb de Barcelone. Ce magnifique mug, de 13 cm de hauteur, pr\u00e9sente un design vibrant combinant des \u00e9l\u00e9ments de mosa\u00efque dans une gamme exquise de tons bleus, rouges et verts sur un fond blanc, \u00e9voquant l&rsquo;essence du modernisme catalan. Sa finition distinctive peinte \u00e0 la main garantit que chaque pi\u00e8ce est unique, ce qui fait de ce mug non seulement un objet fonctionnel, mais aussi une \u0153uvre d&rsquo;art d\u00e9corative capturant la cr\u00e9ativit\u00e9 et le dynamisme de la ville.<\/p>\n<p>Le \u00ab\u00a0Punt de Trobada\u00a0\u00bb est un symbole embl\u00e9matique de Barcelone, reconnaissable \u00e0 son utilisation de couleurs et de formes repr\u00e9sentant la fusion artistique propre \u00e0 la r\u00e9gion. Ce mug est id\u00e9al pour savourer vos boissons pr\u00e9f\u00e9r\u00e9es, que ce soit du caf\u00e9, du th\u00e9 ou du chocolat chaud. De plus, en tant qu&rsquo;authentique souvenir de Barcelone, il devient le cadeau parfait pour les touristes et les amateurs de culture cherchant \u00e0 emporter un morceau de cette ville merveilleuse.<\/p>\n<p>Chez Ol\u00e9 Mosaic, en tant que distributeurs de souvenirs en gros, nous proposons des produits qui se distinguent par leur qualit\u00e9 et leur connexion culturelle. Ce mug XL n&rsquo;est pas seulement un souvenir repr\u00e9sentatif de Barcelone, mais une excellente option pour les boutiques de cadeaux touristiques souhaitant offrir des articles authentiques et inspirants. Avec son design attrayant et son riche h\u00e9ritage culturel, ce mug est un compl\u00e9ment id\u00e9al pour toute collection de souvenirs de Barcelone.<\/p>\n","protected":false},"excerpt":{"rendered":"<p>Mug XL en c\u00e9ramique, inspir\u00e9 du c\u00e9l\u00e8bre \u00ab\u00a0Punt de Trobada\u00a0\u00bb de Barcelone. Avec un design vibrant incluant des \u00e9l\u00e9ments de mosa\u00efque color\u00e9e dans des tons bleus, rouges et verts sur un fond blanc, cette tasse de 13 cm allie fonctionnalit\u00e9 et art. Id\u00e9al pour savourer vos boissons pr\u00e9f\u00e9r\u00e9es, sa finition artisanale distinctive, peinte \u00e0 la main, fait de chaque pi\u00e8ce une \u0153uvre unique, capturant l&rsquo;essence du modernisme catalan et l&rsquo;ambiance dynamique de la ville.<\/p>\n","protected":false},"featured_media":9157,"template":"","meta":{"_acf_changed":false},"product_brand":[],"product_cat":[728],"product_tag":[585],"class_list":{"0":"post-34782","1":"product","2":"type-product","3":"status-publish","4":"has-post-thumbnail","6":"product_cat-mugs","7":"product_tag-ceramique","8":"pa_ciudad-barcelona","9":"pa_motivo-punt-de-trobada","10":"pa_pais-espana","12":"first","13":"instock","14":"shipping-taxable","15":"product-type-simple"},"acf":[],"_links":{"self":[{"href":"https:\/\/olemosaic.com\/fr\/wp-json\/wp\/v2\/product\/34782","targetHints":{"allow":["GET"]}}],"collection":[{"href":"https:\/\/olemosaic.com\/fr\/wp-json\/wp\/v2\/product"}],"about":[{"href":"https:\/\/olemosaic.com\/fr\/wp-json\/wp\/v2\/types\/product"}],"wp:featuredmedia":[{"embeddable":true,"href":"https:\/\/olemosaic.com\/fr\/wp-json\/wp\/v2\/media\/9157"}],"wp:attachment":[{"href":"https:\/\/olemosaic.com\/fr\/wp-json\/wp\/v2\/media?parent=34782"}],"wp:term":[{"taxonomy":"product_brand","embeddable":true,"href":"https:\/\/olemosaic.com\/fr\/wp-json\/wp\/v2\/product_brand?post=34782"},{"taxonomy":"product_cat","embeddable":true,"href":"https:\/\/olemosaic.com\/fr\/wp-json\/wp\/v2\/product_cat?post=34782"},{"taxonomy":"product_tag","embeddable":true,"href":"https:\/\/olemosaic.com\/fr\/wp-json\/wp\/v2\/product_tag?post=34782"}],"curies":[{"name":"wp","href":"https:\/\/api.w.org\/{rel}","templated":true}]}}