{"id":34781,"date":"2025-02-20T22:36:37","date_gmt":"2025-02-20T22:36:37","guid":{"rendered":"http:\/\/olemosaic.com\/producto\/mug-xl-de-ceramica-sevilla-blanco-13-cm\/"},"modified":"2025-07-25T19:55:57","modified_gmt":"2025-07-25T17:55:57","slug":"mug-xl-en-ceramique-seville-blanc-13-cm","status":"publish","type":"product","link":"https:\/\/olemosaic.com\/fr\/produit\/mug-xl-en-ceramique-seville-blanc-13-cm\/","title":{"rendered":"Mug XL en c\u00e9ramique. S\u00e9ville. Blanc. 13 cm."},"content":{"rendered":"<p>Mug XL en c\u00e9ramique d\u00e9cor\u00e9 d&rsquo;une repr\u00e9sentation vibrante de l&rsquo;architecture s\u00e9villane. Ce mug exclusif de 13 cm, avec une finition blanche \u00e9l\u00e9gante, arbore le mot \u00ab\u00a0Sevilla\u00a0\u00bb en lettres multicolores qui capturent l&rsquo;essence festive de cette charmante ville andalouse. Son design se distingue par la repr\u00e9sentation de monuments embl\u00e9matiques, chacun m\u00e9ticuleusement illustr\u00e9 pour que les d\u00e9tails architecturaux prennent vie, refl\u00e9tant la riche histoire et culture de S\u00e9ville. La base du mug pr\u00e9sente une mosa\u00efque de couleurs \u00e9voquant les traditions artistiques andalouses, tandis que l&rsquo;int\u00e9rieur, dans un ton rouge vibrant, ajoute une touche contemporaine.<\/p>\n<p>Ce mug n&rsquo;est pas seulement id\u00e9al pour savourer vos boissons pr\u00e9f\u00e9r\u00e9es, mais il fonctionne \u00e9galement comme un objet d\u00e9coratif rappelant la singularit\u00e9 de S\u00e9ville \u00e0 chaque gorg\u00e9e. Parfait comme souvenir, ce mug devient un tr\u00e9sor pour ceux qui souhaitent garder une partie de leur exp\u00e9rience dans la ville. Par son authenticit\u00e9 et son design attrayant, c&rsquo;est une option id\u00e9ale pour les boutiques de cadeaux touristiques recherchant des souvenirs repr\u00e9sentatifs de S\u00e9ville. Chez Ol\u00e9 Mosaic, en tant que grossistes de souvenirs, nous garantissons la qualit\u00e9 et la valeur culturelle de cada produit, orient\u00e9s vers l&rsquo;offre de souvenirs authentiques qui mettent en valeur la richesse de l&rsquo;h\u00e9ritage andalou.<\/p>\n","protected":false},"excerpt":{"rendered":"<p>Mug XL en c\u00e9ramique de 13 cm, d\u00e9cor\u00e9 d&rsquo;une repr\u00e9sentation color\u00e9e de l&rsquo;architecture s\u00e9villane. Ce design vibrant inclut le nom \u00ab\u00a0Sevilla\u00a0\u00bb en lettres multicolores et des d\u00e9tails ornementaux qui refl\u00e8tent la vie culturelle de la ville. La base du mug pr\u00e9sente une mosa\u00efque de couleurs \u00e9voquant la tradition andalouse, le tout avec une finition brillante. Id\u00e9al pour savourer vos boissons pr\u00e9f\u00e9r\u00e9es tout en vous rappelant l&rsquo;essence de S\u00e9ville.<\/p>\n","protected":false},"featured_media":9937,"template":"","meta":{"_acf_changed":false},"product_brand":[],"product_cat":[728],"product_tag":[585],"class_list":{"0":"post-34781","1":"product","2":"type-product","3":"status-publish","4":"has-post-thumbnail","6":"product_cat-mugs","7":"product_tag-ceramique","8":"pa_ciudad-sevilla","9":"pa_pais-espana","11":"first","12":"instock","13":"shipping-taxable","14":"product-type-simple"},"acf":[],"_links":{"self":[{"href":"https:\/\/olemosaic.com\/fr\/wp-json\/wp\/v2\/product\/34781","targetHints":{"allow":["GET"]}}],"collection":[{"href":"https:\/\/olemosaic.com\/fr\/wp-json\/wp\/v2\/product"}],"about":[{"href":"https:\/\/olemosaic.com\/fr\/wp-json\/wp\/v2\/types\/product"}],"wp:featuredmedia":[{"embeddable":true,"href":"https:\/\/olemosaic.com\/fr\/wp-json\/wp\/v2\/media\/9937"}],"wp:attachment":[{"href":"https:\/\/olemosaic.com\/fr\/wp-json\/wp\/v2\/media?parent=34781"}],"wp:term":[{"taxonomy":"product_brand","embeddable":true,"href":"https:\/\/olemosaic.com\/fr\/wp-json\/wp\/v2\/product_brand?post=34781"},{"taxonomy":"product_cat","embeddable":true,"href":"https:\/\/olemosaic.com\/fr\/wp-json\/wp\/v2\/product_cat?post=34781"},{"taxonomy":"product_tag","embeddable":true,"href":"https:\/\/olemosaic.com\/fr\/wp-json\/wp\/v2\/product_tag?post=34781"}],"curies":[{"name":"wp","href":"https:\/\/api.w.org\/{rel}","templated":true}]}}