{"id":34780,"date":"2025-02-20T22:36:37","date_gmt":"2025-02-20T22:36:37","guid":{"rendered":"http:\/\/olemosaic.com\/producto\/mug-xl-de-ceramica-sagrada-familia-barcelona-beige\/"},"modified":"2025-07-25T18:48:37","modified_gmt":"2025-07-25T16:48:37","slug":"mug-xl-en-ceramique-sagrada-familia-barcelone-beige","status":"publish","type":"product","link":"https:\/\/olemosaic.com\/fr\/produit\/mug-xl-en-ceramique-sagrada-familia-barcelone-beige\/","title":{"rendered":"Mug XL en c\u00e9ramique. Sagrada Familia. Barcelone. Beige."},"content":{"rendered":"<p>Mug XL en c\u00e9ramique d\u00e9cor\u00e9 d&rsquo;une repr\u00e9sentation color\u00e9e de la Sagrada Familia de Barcelone. Cette pi\u00e8ce unique est un hommage \u00e0 la merveille architecturale d&rsquo;Antoni Gaud\u00ed, capturant l&rsquo;essence de son style incomparable \u00e0 travers un design vibrant de mosa\u00efques dans des tons beiges, oranges et verts. Avec une finition brillante, ce mug montre la majest\u00e9 de la Sagrada Familia, mettant en valeur ses tours embl\u00e9matiques et les d\u00e9tails architecturaux \u00e9labor\u00e9s qui en font un symbole de la ville. La partie sup\u00e9rieure pr\u00e9sente une bande rouge qui compl\u00e8te la palette de couleurs du design, tandis que le texte \u00ab Barcelona \u00bb s&rsquo;affiche avec une typographie joyeuse, ajoutant une touche amusante et contemporaine. Ce mug n&rsquo;est pas seulement une excellente option pour savourer vos boissons chaudes ou froides, mais il sert \u00e9galement de rappel tangible de la riche culture et du patrimoine de Barcelone. Parfait pour les touristes \u00e0 la recherche de souvenirs authentiques et repr\u00e9sentatifs, ce mug XL en c\u00e9ramique est un produit phare parmi nos souvenirs de Barcelone. Chez Ol\u00e9 Mosaic, nous nous sp\u00e9cialisons dans la distribution de souvenirs en gros, garantissant que chaque article, comme ce mug, refl\u00e8te l&rsquo;authenticit\u00e9 et la beaut\u00e9 culturelle de son origine. Attirez vos clients avec ce souvenir essentiel qui c\u00e9l\u00e8bre l&rsquo;art et la tradition de Barcelone, id\u00e9al pour les boutiques de cadeaux touristiques souhaitant offrir des produits de qualit\u00e9.<\/p>\n","protected":false},"excerpt":{"rendered":"<p>Tasse XL en c\u00e9ramique d\u00e9cor\u00e9e d&rsquo;une repr\u00e9sentation color\u00e9e de la Sagrada Familia de Barcelone. Ce design, inspir\u00e9 du c\u00e9l\u00e8bre monument, pr\u00e9sente une vari\u00e9t\u00e9 de mosa\u00efques dans des tons beiges, oranges et verts, capturant l&rsquo;essence du style architectural de Gaud\u00ed. L&rsquo;illustration est compl\u00e9t\u00e9e par le mot \u00ab\u00a0Barcelona\u00a0\u00bb dans une typographie joyeuse, faisant de cette tasse un souvenir fonctionnel et attrayant pour les amoureux de la ville. Parfaite pour savourer vos boissons pr\u00e9f\u00e9r\u00e9es tout en c\u00e9l\u00e9brant l&rsquo;art et la culture de Barcelone.<\/p>\n","protected":false},"featured_media":7680,"template":"","meta":{"_acf_changed":false},"product_brand":[],"product_cat":[728],"product_tag":[585],"class_list":{"0":"post-34780","1":"product","2":"type-product","3":"status-publish","4":"has-post-thumbnail","6":"product_cat-mugs","7":"product_tag-ceramique","8":"pa_ciudad-barcelona","9":"pa_motivo-sagrada-familia","10":"pa_pais-espana","12":"first","13":"instock","14":"shipping-taxable","15":"product-type-simple"},"acf":[],"_links":{"self":[{"href":"https:\/\/olemosaic.com\/fr\/wp-json\/wp\/v2\/product\/34780","targetHints":{"allow":["GET"]}}],"collection":[{"href":"https:\/\/olemosaic.com\/fr\/wp-json\/wp\/v2\/product"}],"about":[{"href":"https:\/\/olemosaic.com\/fr\/wp-json\/wp\/v2\/types\/product"}],"wp:featuredmedia":[{"embeddable":true,"href":"https:\/\/olemosaic.com\/fr\/wp-json\/wp\/v2\/media\/7680"}],"wp:attachment":[{"href":"https:\/\/olemosaic.com\/fr\/wp-json\/wp\/v2\/media?parent=34780"}],"wp:term":[{"taxonomy":"product_brand","embeddable":true,"href":"https:\/\/olemosaic.com\/fr\/wp-json\/wp\/v2\/product_brand?post=34780"},{"taxonomy":"product_cat","embeddable":true,"href":"https:\/\/olemosaic.com\/fr\/wp-json\/wp\/v2\/product_cat?post=34780"},{"taxonomy":"product_tag","embeddable":true,"href":"https:\/\/olemosaic.com\/fr\/wp-json\/wp\/v2\/product_tag?post=34780"}],"curies":[{"name":"wp","href":"https:\/\/api.w.org\/{rel}","templated":true}]}}