{"id":34779,"date":"2025-02-20T22:36:36","date_gmt":"2025-02-20T22:36:36","guid":{"rendered":"http:\/\/olemosaic.com\/producto\/mug-xl-de-ceramica-tortuga-mallorca-beige\/"},"modified":"2025-07-25T20:27:14","modified_gmt":"2025-07-25T18:27:14","slug":"mug-xl-en-ceramique-tortue-majorque-beige","status":"publish","type":"product","link":"https:\/\/olemosaic.com\/fr\/produit\/mug-xl-en-ceramique-tortue-majorque-beige\/","title":{"rendered":"Mug XL en c\u00e9ramique. Tortue. Majorque. Beige."},"content":{"rendered":"<p>Mug XL en c\u00e9ramique d\u00e9cor\u00e9 de tortues marines color\u00e9es, inspir\u00e9 par la beaut\u00e9 de Majorque. Cette magnifique tasse allie fonctionnalit\u00e9 et charme, se distinguant par son design spectaculaire dans des tons beiges \u00e9voquant la mer M\u00e9diterran\u00e9e. Les illustrations en mosa\u00efque de tortues nageant parmi des coraux vibrants et des \u00e9l\u00e9ments marins apportent une touche artistique qui c\u00e9l\u00e8bre la riche biodiversit\u00e9 de la r\u00e9gion. Sur la partie sup\u00e9rieure, le mot \u00ab\u00a0MALLORCA\u00a0\u00bb en lettres frappantes souligne son origine, transformant chaque gorg\u00e9e en une exp\u00e9rience qui vous transporte aux \u00eeles Bal\u00e9ares.<\/p>\n<p>Ce mug XL est id\u00e9al pour savourer vos boissons pr\u00e9f\u00e9r\u00e9es, que ce soit du caf\u00e9, du th\u00e9 ou m\u00eame une d\u00e9licieuse infusion. Avec sa grande capacit\u00e9, c&rsquo;est un choix pratique et attrayant pour la maison ou le bureau. De plus, son design unique en fait un excellent souvenir pour les touristes visitant Majorque, offrant un petit morceau de la culture bal\u00e9are \u00e0 emporter chez soi. Chez Ol\u00e9 Mosaic, nous sommes sp\u00e9cialis\u00e9s dans la distribution de souvenirs en gros et ce mug repr\u00e9sente l&rsquo;authenticit\u00e9 et la valeur culturelle de la r\u00e9gion. Parfait pour les boutiques de cadeaux touristiques, ce mug de tortues marines est une excellente option qui combine artisanat et style, faisant de chaque achat un souvenir m\u00e9morable.<\/p>\n","protected":false},"excerpt":{"rendered":"<p>Mug XL en c\u00e9ramique d\u00e9cor\u00e9 de joyeuses tortues marines, inspir\u00e9 par la beaut\u00e9 de Majorque. Ce design unique pr\u00e9sente une finition dans des tons beiges, avec des illustrations en mosa\u00efque de tortues nageant parmi des coraux et des \u00e9l\u00e9ments marins, compl\u00e9t\u00e9es par le mot \u00ab\u00a0MALLORCA\u00a0\u00bb sur la partie sup\u00e9rieure. La tasse est id\u00e9ale pour savourer vos boissons pr\u00e9f\u00e9r\u00e9es, alliant fonctionnalit\u00e9 et charme du folklore bal\u00e9are. Parfaite comme souvenir ou cadeau.<\/p>\n","protected":false},"featured_media":9316,"template":"","meta":{"_acf_changed":false},"product_brand":[],"product_cat":[728],"product_tag":[530,585],"class_list":{"0":"post-34779","1":"product","2":"type-product","3":"status-publish","4":"has-post-thumbnail","6":"product_cat-mugs","7":"product_tag-animaux","8":"product_tag-ceramique","9":"pa_ciudad-mallorca","10":"pa_motivo-tortues","11":"pa_pais-espana","13":"first","14":"instock","15":"shipping-taxable","16":"product-type-simple"},"acf":[],"_links":{"self":[{"href":"https:\/\/olemosaic.com\/fr\/wp-json\/wp\/v2\/product\/34779","targetHints":{"allow":["GET"]}}],"collection":[{"href":"https:\/\/olemosaic.com\/fr\/wp-json\/wp\/v2\/product"}],"about":[{"href":"https:\/\/olemosaic.com\/fr\/wp-json\/wp\/v2\/types\/product"}],"wp:featuredmedia":[{"embeddable":true,"href":"https:\/\/olemosaic.com\/fr\/wp-json\/wp\/v2\/media\/9316"}],"wp:attachment":[{"href":"https:\/\/olemosaic.com\/fr\/wp-json\/wp\/v2\/media?parent=34779"}],"wp:term":[{"taxonomy":"product_brand","embeddable":true,"href":"https:\/\/olemosaic.com\/fr\/wp-json\/wp\/v2\/product_brand?post=34779"},{"taxonomy":"product_cat","embeddable":true,"href":"https:\/\/olemosaic.com\/fr\/wp-json\/wp\/v2\/product_cat?post=34779"},{"taxonomy":"product_tag","embeddable":true,"href":"https:\/\/olemosaic.com\/fr\/wp-json\/wp\/v2\/product_tag?post=34779"}],"curies":[{"name":"wp","href":"https:\/\/api.w.org\/{rel}","templated":true}]}}