{"id":34768,"date":"2025-02-20T23:36:36","date_gmt":"2025-02-20T22:36:36","guid":{"rendered":"http:\/\/olemosaic.com\/producto\/mug-de-ceramica-salamandra-menorca-beige\/"},"modified":"2025-07-25T18:39:54","modified_gmt":"2025-07-25T16:39:54","slug":"mug-en-ceramique-salamandre-minorque-beige","status":"publish","type":"product","link":"https:\/\/olemosaic.com\/fr\/produit\/mug-en-ceramique-salamandre-minorque-beige\/","title":{"rendered":"Mug en c\u00e9ramique. Salamandre. Minorque. Beige."},"content":{"rendered":"<p>Tasse en c\u00e9ramique vibrante inspir\u00e9e par les salamandres de Minorque. Cette charmante tasse se distingue par sa teinte beige doux, orn\u00e9e de d\u00e9tails peints \u00e0 la main faisant r\u00e9f\u00e9rence au folklore color\u00e9 de Minorque. Les illustrations de salamandres en mosa\u00efque ont \u00e9t\u00e9 soigneusement con\u00e7ues, chacune avec un m\u00e9lange de couleurs vives, compl\u00e9t\u00e9es par des fleurs qui apportent un air frais et joyeux. Le mot \u00ab\u00a0MENORCA\u00a0\u00bb est pr\u00e9sent\u00e9 en lettres frappantes, ajoutant une touche de personnalit\u00e9 au design. Le bord de la tasse ressort dans des tons rouges, cr\u00e9ant un contraste attrayant qui compl\u00e8te son esth\u00e9tique distinctive.<\/p>\n<p>Cette tasse n&rsquo;est pas seulement id\u00e9ale pour vos pauses caf\u00e9, mais elle est aussi un merveilleux repr\u00e9sentant de la riche culture de Minorque, o\u00f9 les salamandres sont un symbole de la beaut\u00e9 naturelle de l&rsquo;\u00eele. Son design artisanal rehausse son authenticit\u00e9 en tant que souvenir, en faisant un cadeau parfait pour ceux qui cherchent \u00e0 emporter un petit morceau de Minorque. Chez Ol\u00e9 Mosaic, nous nous sp\u00e9cialisons dans la distribution de souvenirs en gros, offrant des produits authentiques comme cette tasse en c\u00e9ramique qui capture l&rsquo;essence de la culture de Minorque. Un choix parfait pour les boutiques de cadeaux touristiques cherchant \u00e0 ajouter des souvenirs de qualit\u00e9 \u00e0 leur offre.<\/p>\n","protected":false},"excerpt":{"rendered":"<p>Mug en c\u00e9ramique au design vibrant, inspir\u00e9 par les salamandres de Minorque. Ce produit se distingue par sa couleur beige et ses d\u00e9tails peints \u00e0 la main, incluant des salamandres en mosa\u00efque color\u00e9e, des fleurs et le mot \u00ab\u00a0MENORCA\u00a0\u00bb dans des tons joyeux. Le bord, dans des tons rouges, compl\u00e8te son esth\u00e9tique frappante. Ce mug est id\u00e9al pour donner une touche distinctive \u00e0 vos pauses caf\u00e9, tout en mettant en avant la culture de Minorque.<\/p>\n","protected":false},"featured_media":6727,"template":"","meta":{"_acf_changed":false},"product_brand":[],"product_cat":[728],"product_tag":[530,585],"class_list":{"0":"post-34768","1":"product","2":"type-product","3":"status-publish","4":"has-post-thumbnail","6":"product_cat-mugs","7":"product_tag-animaux","8":"product_tag-ceramique","9":"pa_ciudad-menorca","10":"pa_motivo-salamandres","11":"pa_pais-espana","13":"first","14":"instock","15":"shipping-taxable","16":"product-type-simple"},"acf":[],"_links":{"self":[{"href":"https:\/\/olemosaic.com\/fr\/wp-json\/wp\/v2\/product\/34768","targetHints":{"allow":["GET"]}}],"collection":[{"href":"https:\/\/olemosaic.com\/fr\/wp-json\/wp\/v2\/product"}],"about":[{"href":"https:\/\/olemosaic.com\/fr\/wp-json\/wp\/v2\/types\/product"}],"wp:featuredmedia":[{"embeddable":true,"href":"https:\/\/olemosaic.com\/fr\/wp-json\/wp\/v2\/media\/6727"}],"wp:attachment":[{"href":"https:\/\/olemosaic.com\/fr\/wp-json\/wp\/v2\/media?parent=34768"}],"wp:term":[{"taxonomy":"product_brand","embeddable":true,"href":"https:\/\/olemosaic.com\/fr\/wp-json\/wp\/v2\/product_brand?post=34768"},{"taxonomy":"product_cat","embeddable":true,"href":"https:\/\/olemosaic.com\/fr\/wp-json\/wp\/v2\/product_cat?post=34768"},{"taxonomy":"product_tag","embeddable":true,"href":"https:\/\/olemosaic.com\/fr\/wp-json\/wp\/v2\/product_tag?post=34768"}],"curies":[{"name":"wp","href":"https:\/\/api.w.org\/{rel}","templated":true}]}}