{"id":34767,"date":"2025-02-20T23:36:36","date_gmt":"2025-02-20T22:36:36","guid":{"rendered":"http:\/\/olemosaic.com\/producto\/mug-de-ceramica-salamandra-barcelona-beige\/"},"modified":"2025-07-25T19:53:44","modified_gmt":"2025-07-25T17:53:44","slug":"mug-en-ceramique-salamandre-barcelone-beige-fr","status":"publish","type":"product","link":"https:\/\/olemosaic.com\/fr\/produit\/mug-en-ceramique-salamandre-barcelone-beige-fr\/","title":{"rendered":"Mug en c\u00e9ramique. Salamandre. Barcelone. Beige."},"content":{"rendered":"<p>Mug en c\u00e9ramique d\u00e9cor\u00e9 de salamandres vibrantes sur un fond beige, inspir\u00e9 par la ville magique de Barcelone. Ce design attrayant inclut des mosa\u00efques color\u00e9es et des fleurs qui \u00e9voquent le style moderniste de Gaud\u00ed, se distinguant par son originalit\u00e9 et sa cr\u00e9ativit\u00e9. Le mug pr\u00e9sente une base beige d\u00e9cor\u00e9e de salamandres stylis\u00e9es avec une finition en mosa\u00efque, dans des tons vari\u00e9s tels que le rouge, le vert, le bleu et le jaune, refl\u00e9tant la biodiversit\u00e9 et la richesse visuelle de la ville. \u00c0 l&rsquo;int\u00e9rieur, une couleur rouge intense contraste harmonieusement avec l&rsquo;ext\u00e9rieur beige, apportant une touche vibrante et chaleureuse.<\/p>\n<p>De plus, il comprend une cuill\u00e8re assortie pratique, ce qui en fait un article fonctionnel id\u00e9al pour savourer vos boissons pr\u00e9f\u00e9r\u00e9es, d&rsquo;un caf\u00e9 chaud \u00e0 un d\u00e9licieux chocolat. Ce souvenir n&rsquo;est pas seulement une pi\u00e8ce d\u00e9corative, mais un rappel repr\u00e9sentatif de Barcelone, qui connecte l&rsquo;utilisateur \u00e0 la riche culture et \u00e0 l&rsquo;art de la ville. Chez Ol\u00e9 Mosaic, notre engagement est d&rsquo;offrir des souvenirs authentiques qui capturent l&rsquo;essence de chaque destination. Ce mug en c\u00e9ramique est une excellente option pour les boutiques de cadeaux touristiques recherchant des produits qui mettent en valeur l&rsquo;identit\u00e9 culturelle de Barcelone, se positionnant comme un incontournable pour les visiteurs souhaitant emporter un petit morceau de cette ville embl\u00e9matique.<\/p>\n","protected":false},"excerpt":{"rendered":"<p>Tasse en c\u00e9ramique d\u00e9cor\u00e9e de salamandres vibrantes sur un fond beige, inspir\u00e9e par la ville magique de Barcelone. Ce design attrayant inclut des mosa\u00efques color\u00e9es et des fleurs, \u00e9voquant le style moderniste de Gaud\u00ed. Avec un int\u00e9rieur rouge contrastant harmonieusement avec l&rsquo;ext\u00e9rieur blanc, cette tasse comprend \u00e9galement une cuill\u00e8re pratique. Elle est id\u00e9ale pour savourer vos boissons pr\u00e9f\u00e9r\u00e9es tout en \u00e9voquant la cr\u00e9ativit\u00e9 et l&rsquo;art de Barcelone.<\/p>\n","protected":false},"featured_media":6725,"template":"","meta":{"_acf_changed":false},"product_brand":[],"product_cat":[728],"product_tag":[530,585],"class_list":{"0":"post-34767","1":"product","2":"type-product","3":"status-publish","4":"has-post-thumbnail","6":"product_cat-mugs","7":"product_tag-animaux","8":"product_tag-ceramique","9":"pa_ciudad-barcelona","10":"pa_motivo-salamandres","11":"pa_pais-espana","13":"first","14":"instock","15":"shipping-taxable","16":"product-type-simple"},"acf":[],"_links":{"self":[{"href":"https:\/\/olemosaic.com\/fr\/wp-json\/wp\/v2\/product\/34767","targetHints":{"allow":["GET"]}}],"collection":[{"href":"https:\/\/olemosaic.com\/fr\/wp-json\/wp\/v2\/product"}],"about":[{"href":"https:\/\/olemosaic.com\/fr\/wp-json\/wp\/v2\/types\/product"}],"wp:featuredmedia":[{"embeddable":true,"href":"https:\/\/olemosaic.com\/fr\/wp-json\/wp\/v2\/media\/6725"}],"wp:attachment":[{"href":"https:\/\/olemosaic.com\/fr\/wp-json\/wp\/v2\/media?parent=34767"}],"wp:term":[{"taxonomy":"product_brand","embeddable":true,"href":"https:\/\/olemosaic.com\/fr\/wp-json\/wp\/v2\/product_brand?post=34767"},{"taxonomy":"product_cat","embeddable":true,"href":"https:\/\/olemosaic.com\/fr\/wp-json\/wp\/v2\/product_cat?post=34767"},{"taxonomy":"product_tag","embeddable":true,"href":"https:\/\/olemosaic.com\/fr\/wp-json\/wp\/v2\/product_tag?post=34767"}],"curies":[{"name":"wp","href":"https:\/\/api.w.org\/{rel}","templated":true}]}}