{"id":34766,"date":"2025-02-20T23:36:36","date_gmt":"2025-02-20T22:36:36","guid":{"rendered":"http:\/\/olemosaic.com\/producto\/mug-de-ceramica-bailaora-madrid-beige-2\/"},"modified":"2025-07-25T19:44:44","modified_gmt":"2025-07-25T17:44:44","slug":"mug-en-ceramique-danseuse-flamenco-madrid-beige-2","status":"publish","type":"product","link":"https:\/\/olemosaic.com\/fr\/produit\/mug-en-ceramique-danseuse-flamenco-madrid-beige-2\/","title":{"rendered":"Mug en c\u00e9ramique. Danseuse de flamenco. Pois noirs. Madrid. Beige."},"content":{"rendered":"<p>Mug en c\u00e9ramique d\u00e9cor\u00e9 d&rsquo;un design vibrant qui capture l&rsquo;essence du flamenco \u00e0 Madrid. Ce r\u00e9cipient attrayant pr\u00e9sente une illustration captivante de deux danseuses, l&rsquo;une v\u00eatue d&rsquo;un \u00e9blouissant costume rouge orn\u00e9 de volants et l&rsquo;autre d&rsquo;une \u00e9l\u00e9gante robe noire \u00e0 pois. Le fond beige, parsem\u00e9 de d\u00e9tails rouges et de fleurs, apporte une touche subtile, tandis que le texte \u00ab\u00a0MADRID\u00a0\u00bb ressort avec un air festif, \u00e9voquant la vitalit\u00e9 de la capitale espagnole. Sa finition peinte \u00e0 la main souligne non seulement la qualit\u00e9 artisanale, mais refl\u00e8te \u00e9galement la riche tradition culturelle de Madrid, en faisant un objet d\u00e9coratif et fonctionnel.<\/p>\n<p>Parfait pour savourer vos boissons pr\u00e9f\u00e9r\u00e9es, ce mug combine l&rsquo;utilit\u00e9 avec un style authentique et vibrant, \u00e9tant le souvenir id\u00e9al pour ceux qui souhaitent emporter un petit morceau de la culture espagnole. En plus d&rsquo;\u00eatre un cadeau m\u00e9morable, son design frappant et sa repr\u00e9sentativit\u00e9 culturelle en font un excellent article pour les boutiques de souvenirs souhaitant proposer des produits qui parlent de l&rsquo;identit\u00e9 locale. Chez Ol\u00e9 Mosaic, nous distribuons de l&rsquo;artisanat authentique, proposant ce mug en c\u00e9ramique dans le cadre de notre large gamme de souvenirs de qualit\u00e9, qui capturent l&rsquo;essence de Madrid pour les touristes et les amoureux de la culture espagnole.<\/p>\n","protected":false},"excerpt":{"rendered":"<p>Mug en c\u00e9ramique au design vibrant repr\u00e9sentant deux danseuses de flamenco. L&rsquo;une porte une robe rouge \u00e0 volants, tandis que l&rsquo;autre est v\u00eatue de noir \u00e0 pois. Cette tasse attrayante, id\u00e9ale pour savourer vos boissons pr\u00e9f\u00e9r\u00e9es, pr\u00e9sente un fond beige avec des d\u00e9tails rouges et des fleurs, ainsi que le mot \u00ab\u00a0MADRID\u00a0\u00bb imprim\u00e9. Sa finition au design artisanal, peinte \u00e0 la main, souligne la tradition culturelle de la capitale espagnole, en faisant un souvenir d\u00e9coratif et fonctionnel.<\/p>\n","protected":false},"featured_media":6827,"template":"","meta":{"_acf_changed":false},"product_brand":[],"product_cat":[728],"product_tag":[585],"class_list":{"0":"post-34766","1":"product","2":"type-product","3":"status-publish","4":"has-post-thumbnail","6":"product_cat-mugs","7":"product_tag-ceramique","8":"pa_ciudad-madrid","9":"pa_motivo-danseurs","10":"pa_pais-espana","12":"first","13":"instock","14":"shipping-taxable","15":"product-type-simple"},"acf":[],"_links":{"self":[{"href":"https:\/\/olemosaic.com\/fr\/wp-json\/wp\/v2\/product\/34766","targetHints":{"allow":["GET"]}}],"collection":[{"href":"https:\/\/olemosaic.com\/fr\/wp-json\/wp\/v2\/product"}],"about":[{"href":"https:\/\/olemosaic.com\/fr\/wp-json\/wp\/v2\/types\/product"}],"wp:featuredmedia":[{"embeddable":true,"href":"https:\/\/olemosaic.com\/fr\/wp-json\/wp\/v2\/media\/6827"}],"wp:attachment":[{"href":"https:\/\/olemosaic.com\/fr\/wp-json\/wp\/v2\/media?parent=34766"}],"wp:term":[{"taxonomy":"product_brand","embeddable":true,"href":"https:\/\/olemosaic.com\/fr\/wp-json\/wp\/v2\/product_brand?post=34766"},{"taxonomy":"product_cat","embeddable":true,"href":"https:\/\/olemosaic.com\/fr\/wp-json\/wp\/v2\/product_cat?post=34766"},{"taxonomy":"product_tag","embeddable":true,"href":"https:\/\/olemosaic.com\/fr\/wp-json\/wp\/v2\/product_tag?post=34766"}],"curies":[{"name":"wp","href":"https:\/\/api.w.org\/{rel}","templated":true}]}}