{"id":34765,"date":"2025-02-20T23:36:36","date_gmt":"2025-02-20T22:36:36","guid":{"rendered":"http:\/\/olemosaic.com\/producto\/mug-de-ceramica-barcelona-azul-95-cm\/"},"modified":"2025-07-25T18:49:53","modified_gmt":"2025-07-25T16:49:53","slug":"mug-en-ceramique-barcelone-bleu-9-5-cm","status":"publish","type":"product","link":"https:\/\/olemosaic.com\/fr\/produit\/mug-en-ceramique-barcelone-bleu-9-5-cm\/","title":{"rendered":"Mug en c\u00e9ramique. Barcelone. Bleu. 9,5 cm."},"content":{"rendered":"<p>Mug en c\u00e9ramique de Barcelone<\/p>\n<p>Ce mug vibrant en c\u00e9ramique de 9,5 cm est un souvenir attrayant de Barcelone qui capture l&rsquo;essence architecturale et culturelle de la ville. D\u00e9cor\u00e9 d&rsquo;une magnifique illustration de b\u00e2timents embl\u00e9matiques, il met en avant l&rsquo;\u0153uvre du c\u00e9l\u00e8bre architecte Antoni Gaud\u00ed, avec des chefs-d&rsquo;\u0153uvre tels que la Sagrada Familia et le Parc G\u00fcell refl\u00e9t\u00e9s dans ses designs color\u00e9s. Principalement dans des tons bleus, le mug comprend des d\u00e9tails int\u00e9rieurs en orange, cr\u00e9ant un contraste visuel qui \u00e9gayera chaque moment. L&rsquo;anse, ing\u00e9nieusement con\u00e7ue, fait allusion \u00e0 des \u00e9l\u00e9ments architecturaux iconiques de la ville, transformant chaque utilisation en une exp\u00e9rience culturelle unique.<\/p>\n<p>Parfait pour savourer vos boissons pr\u00e9f\u00e9r\u00e9es, ce mug n&rsquo;est pas seulement fonctionnel, mais aussi un beau rappel de la richesse artistique de Barcelone. En tant que souvenir, il offre une connexion palpable avec l&rsquo;histoire et l&rsquo;h\u00e9ritage culturel de la r\u00e9gion, id\u00e9al pour ceux qui souhaitent ramener un morceau de Barcelone chez eux. Chez Ol\u00e9 Mosaic, en tant que grossistes de souvenirs, nous garantissons l&rsquo;authenticit\u00e9 et la qualit\u00e9 de chaque produit. Ce mug est un choix exceptionnel pour les boutiques de cadeaux touristiques cherchant \u00e0 proposer des articles qui soulignent la beaut\u00e9 et la diversit\u00e9 de la culture espagnole.<\/p>\n","protected":false},"excerpt":{"rendered":"<p>Mug en c\u00e9ramique de 9,5 cm d\u00e9cor\u00e9 d&rsquo;une illustration vibrante repr\u00e9sentant les b\u00e2timents les plus embl\u00e9matiques de Barcelone, incluant des motifs de l&rsquo;\u0153uvre de Gaud\u00ed. La tasse se distingue par son design color\u00e9, avec une pr\u00e9dominance de bleus et des d\u00e9tails orange \u00e0 l&rsquo;int\u00e9rieur. L&rsquo;anse a une forme cr\u00e9ative qui \u00e9voque des \u00e9l\u00e9ments architecturaux de la ville. Parfait pour savourer vos boissons pr\u00e9f\u00e9r\u00e9es tout en appr\u00e9ciant l&rsquo;art et la culture barcelonaise.<\/p>\n","protected":false},"featured_media":12090,"template":"","meta":{"_acf_changed":false},"product_brand":[],"product_cat":[728],"product_tag":[585],"class_list":{"0":"post-34765","1":"product","2":"type-product","3":"status-publish","4":"has-post-thumbnail","6":"product_cat-mugs","7":"product_tag-ceramique","8":"pa_ciudad-barcelona","9":"pa_pais-espana","11":"first","12":"instock","13":"shipping-taxable","14":"product-type-simple"},"acf":[],"_links":{"self":[{"href":"https:\/\/olemosaic.com\/fr\/wp-json\/wp\/v2\/product\/34765","targetHints":{"allow":["GET"]}}],"collection":[{"href":"https:\/\/olemosaic.com\/fr\/wp-json\/wp\/v2\/product"}],"about":[{"href":"https:\/\/olemosaic.com\/fr\/wp-json\/wp\/v2\/types\/product"}],"wp:featuredmedia":[{"embeddable":true,"href":"https:\/\/olemosaic.com\/fr\/wp-json\/wp\/v2\/media\/12090"}],"wp:attachment":[{"href":"https:\/\/olemosaic.com\/fr\/wp-json\/wp\/v2\/media?parent=34765"}],"wp:term":[{"taxonomy":"product_brand","embeddable":true,"href":"https:\/\/olemosaic.com\/fr\/wp-json\/wp\/v2\/product_brand?post=34765"},{"taxonomy":"product_cat","embeddable":true,"href":"https:\/\/olemosaic.com\/fr\/wp-json\/wp\/v2\/product_cat?post=34765"},{"taxonomy":"product_tag","embeddable":true,"href":"https:\/\/olemosaic.com\/fr\/wp-json\/wp\/v2\/product_tag?post=34765"}],"curies":[{"name":"wp","href":"https:\/\/api.w.org\/{rel}","templated":true}]}}