{"id":34763,"date":"2025-02-20T23:36:36","date_gmt":"2025-02-20T22:36:36","guid":{"rendered":"http:\/\/olemosaic.com\/producto\/llavero-de-madera-dragon-barcelona-2\/"},"modified":"2025-07-25T20:31:20","modified_gmt":"2025-07-25T18:31:20","slug":"porte-cles-en-bois-dragon-barcelone-fr","status":"publish","type":"product","link":"https:\/\/olemosaic.com\/fr\/produit\/porte-cles-en-bois-dragon-barcelone-fr\/","title":{"rendered":"Porte-cl\u00e9s en bois. Dragon. Gaud\u00ed. Barcelone."},"content":{"rendered":"<p>Porte-cl\u00e9s en bois repr\u00e9sentant l&rsquo;iconique dragon du Park G\u00fcell de Barcelone. Cet article attrayant est une pi\u00e8ce unique qui capture l&rsquo;essence du modernisme catalan, m\u00e9ticuleusement con\u00e7u pour reproduire le c\u00e9l\u00e8bre dragon en mosa\u00efque qui accueille les visiteurs du parc. Fabriqu\u00e9 en bois, le porte-cl\u00e9s se distingue par sa palette de couleurs vibrantes, avec des tons bleus, verts, rouges et jaunes qui \u00e9voquent l&rsquo;\u0153uvre magique d&rsquo;Antoni Gaud\u00ed. Le corps du dragon, recouvert de petites pi\u00e8ces de mosa\u00efque, souligne non seulement sa forme extraordinaire, mais aussi la singularit\u00e9 du design artistique qui caract\u00e9rise cette structure embl\u00e9matique.<\/p>\n<p>Ce porte-cl\u00e9s n&rsquo;est pas seulement un objet pratique, mais aussi un souvenir significatif qui permet d&#8217;emporter un morceau de l&rsquo;architecture et de la culture catalanes n&rsquo;importe o\u00f9. Parfait comme souvenir, il repr\u00e9sente la visite de l&rsquo;un des monuments les plus embl\u00e9matiques de Barcelone, id\u00e9al pour les touristes \u00e0 la recherche d&rsquo;un souvenir authentique de leur exp\u00e9rience. Chez Ol\u00e9 Mosaic, nous connaissons l&rsquo;importance de proposer des articles qui fusionnent art et fonctionnalit\u00e9, et ce porte-cl\u00e9s du dragon de Barcelone est une excellente option pour les boutiques de cadeaux touristiques, garantissant qualit\u00e9 et connexion culturelle pour tous les amoureux de l&rsquo;art et de l&rsquo;histoire.<\/p>\n","protected":false},"excerpt":{"rendered":"<p>Porte-cl\u00e9s en bois repr\u00e9sentant l&rsquo;iconique dragon du Park G\u00fcell de Barcelone. Ce design attrayant, r\u00e9alis\u00e9 avec une mosa\u00efque de couleurs vibrantes, \u00e9voque l&rsquo;\u0153uvre de Gaud\u00ed, avec son corps color\u00e9 entour\u00e9 de nuances bleues, vertes, rouges et jaunes. Un article pratique et m\u00e9morable qui fusionne art et fonctionnalit\u00e9, id\u00e9al pour se souvenir de la magie architecturale de la cit\u00e9 comtale. Parfait comme souvenir ou cadeau pour les amoureux de l&rsquo;art et de la culture catalane.<\/p>\n","protected":false},"featured_media":10447,"template":"","meta":{"_acf_changed":false},"product_brand":[],"product_cat":[607],"product_tag":[],"class_list":{"0":"post-34763","1":"product","2":"type-product","3":"status-publish","4":"has-post-thumbnail","6":"product_cat-porte-cles","7":"pa_ciudad-barcelona","8":"pa_motivo-dragon","9":"pa_pais-espana","11":"first","12":"instock","13":"shipping-taxable","14":"product-type-simple"},"acf":[],"_links":{"self":[{"href":"https:\/\/olemosaic.com\/fr\/wp-json\/wp\/v2\/product\/34763","targetHints":{"allow":["GET"]}}],"collection":[{"href":"https:\/\/olemosaic.com\/fr\/wp-json\/wp\/v2\/product"}],"about":[{"href":"https:\/\/olemosaic.com\/fr\/wp-json\/wp\/v2\/types\/product"}],"wp:featuredmedia":[{"embeddable":true,"href":"https:\/\/olemosaic.com\/fr\/wp-json\/wp\/v2\/media\/10447"}],"wp:attachment":[{"href":"https:\/\/olemosaic.com\/fr\/wp-json\/wp\/v2\/media?parent=34763"}],"wp:term":[{"taxonomy":"product_brand","embeddable":true,"href":"https:\/\/olemosaic.com\/fr\/wp-json\/wp\/v2\/product_brand?post=34763"},{"taxonomy":"product_cat","embeddable":true,"href":"https:\/\/olemosaic.com\/fr\/wp-json\/wp\/v2\/product_cat?post=34763"},{"taxonomy":"product_tag","embeddable":true,"href":"https:\/\/olemosaic.com\/fr\/wp-json\/wp\/v2\/product_tag?post=34763"}],"curies":[{"name":"wp","href":"https:\/\/api.w.org\/{rel}","templated":true}]}}