{"id":34762,"date":"2025-02-20T23:36:35","date_gmt":"2025-02-20T22:36:35","guid":{"rendered":"http:\/\/olemosaic.com\/producto\/llavero-de-madera-letra-w-barcelona-2\/"},"modified":"2025-07-25T18:46:15","modified_gmt":"2025-07-25T16:46:15","slug":"porte-cles-en-bois-lettre-w-barcelone-fr","status":"publish","type":"product","link":"https:\/\/olemosaic.com\/fr\/produit\/porte-cles-en-bois-lettre-w-barcelone-fr\/","title":{"rendered":"Porte-cl\u00e9s en bois. Lettre W. Sagrada Familia et Casa Batll\u00f3. Barcelone."},"content":{"rendered":"<p>Porte-cl\u00e9s en bois en forme de lettre \u00ab\u00a0W\u00a0\u00bb, inspir\u00e9 par l&rsquo;architecture vibrante de Barcelone. Ce porte-cl\u00e9s attrayant est un hommage \u00e0 l&#8217;embl\u00e9matique modernisme catalan, avec des illustrations color\u00e9es de la Sagrada Familia et de la Casa Batll\u00f3, deux des \u0153uvres les plus repr\u00e9sentatives d&rsquo;Antoni Gaud\u00ed. Le design, avec une finition brillante, rehausse les tons vifs et le style distinctif de ces chefs-d&rsquo;\u0153uvre, avec des d\u00e9tails en mosa\u00efque qui \u00e9voquent l&rsquo;utilisation c\u00e9l\u00e8bre de la couleur et des formes organiques caract\u00e9ristiques de l&rsquo;architecture de Gaud\u00ed.<\/p>\n<p>Le porte-cl\u00e9s n&rsquo;est pas seulement fonctionnel, il sert \u00e9galement de rappel visuel de la richesse culturelle de Barcelone. La lettre \u00ab\u00a0W\u00a0\u00bb ne fonctionne pas seulement comme une initiale, mais capture l&rsquo;essence du lieu, id\u00e9al pour ceux qui souhaitent emporter un petit morceau de la ville. Ce souvenir de Barcelone est parfait pour les touristes \u00e0 la recherche d&rsquo;articles authentiques et repr\u00e9sentatifs qui encapsulent la magie de la ville.<\/p>\n<p>Chez Ol\u00e9 Mosaic, nous distribuons des souvenirs en gros qui refl\u00e8tent la diversit\u00e9 et le patrimoine culturel de l&rsquo;Espagne. Ce porte-cl\u00e9s est une excellente option pour les boutiques de cadeaux touristiques \u00e0 la recherche de produits uniques alliant design et fonctionnalit\u00e9, ce qui en fait un excellent souvenir de Barcelone, v\u00e9ritable symbole de l&rsquo;art et de l&rsquo;histoire qui a \u00e9bloui le monde.<\/p>\n","protected":false},"excerpt":{"rendered":"<p>Porte-cl\u00e9s en bois en forme de lettre \u00ab\u00a0W\u00a0\u00bb, inspir\u00e9 par l&rsquo;architecture vibrante de Barcelone. Ce porte-cl\u00e9s attrayant pr\u00e9sente une illustration color\u00e9e de la Sagrada Familia et de la Casa Batll\u00f3, capturant l&rsquo;essence du modernisme catalan. Avec une finition brillante et des d\u00e9tails en mosa\u00efque qui \u00e9voquent le style embl\u00e9matique de Gaud\u00ed, ce porte-cl\u00e9s est une pi\u00e8ce distinctive et fonctionnelle qui c\u00e9l\u00e8bre la richesse culturelle de la ville.<\/p>\n","protected":false},"featured_media":10508,"template":"","meta":{"_acf_changed":false},"product_brand":[],"product_cat":[607],"product_tag":[614],"class_list":{"0":"post-34762","1":"product","2":"type-product","3":"status-publish","4":"has-post-thumbnail","6":"product_cat-porte-cles","7":"product_tag-lettres","8":"pa_ciudad-barcelona","9":"pa_motivo-lettre-w","10":"pa_pais-espana","12":"first","13":"instock","14":"shipping-taxable","15":"product-type-simple"},"acf":[],"_links":{"self":[{"href":"https:\/\/olemosaic.com\/fr\/wp-json\/wp\/v2\/product\/34762","targetHints":{"allow":["GET"]}}],"collection":[{"href":"https:\/\/olemosaic.com\/fr\/wp-json\/wp\/v2\/product"}],"about":[{"href":"https:\/\/olemosaic.com\/fr\/wp-json\/wp\/v2\/types\/product"}],"wp:featuredmedia":[{"embeddable":true,"href":"https:\/\/olemosaic.com\/fr\/wp-json\/wp\/v2\/media\/10508"}],"wp:attachment":[{"href":"https:\/\/olemosaic.com\/fr\/wp-json\/wp\/v2\/media?parent=34762"}],"wp:term":[{"taxonomy":"product_brand","embeddable":true,"href":"https:\/\/olemosaic.com\/fr\/wp-json\/wp\/v2\/product_brand?post=34762"},{"taxonomy":"product_cat","embeddable":true,"href":"https:\/\/olemosaic.com\/fr\/wp-json\/wp\/v2\/product_cat?post=34762"},{"taxonomy":"product_tag","embeddable":true,"href":"https:\/\/olemosaic.com\/fr\/wp-json\/wp\/v2\/product_tag?post=34762"}],"curies":[{"name":"wp","href":"https:\/\/api.w.org\/{rel}","templated":true}]}}