{"id":34761,"date":"2025-02-20T22:36:35","date_gmt":"2025-02-20T22:36:35","guid":{"rendered":"http:\/\/olemosaic.com\/producto\/llavero-de-madera-letra-k-mosaico\/"},"modified":"2025-07-25T19:12:38","modified_gmt":"2025-07-25T17:12:38","slug":"porte-cles-en-bois-lettre-k-mosaique","status":"publish","type":"product","link":"https:\/\/olemosaic.com\/fr\/produit\/porte-cles-en-bois-lettre-k-mosaique\/","title":{"rendered":"Porte-cl\u00e9s en bois. Lettre K. Mosa\u00efque."},"content":{"rendered":"<p>Porte-cl\u00e9s en bois en forme de lettre \u00ab\u00a0K\u00a0\u00bb avec un design de mosa\u00efque vibrant. Ce charmant porte-cl\u00e9s d&rsquo;Ol\u00e9 Mosaic est une pi\u00e8ce unique qui inspire par sa combinaison de couleurs \u00e9clatantes, telles que le rouge, le bleu, le jaune et le vert, dispos\u00e9es m\u00e9ticuleusement dans un style rappelant la technique du trencad\u00eds, embl\u00e9matique de la c\u00e9ramique espagnole. Fabriqu\u00e9 en bois de haute qualit\u00e9, ce porte-cl\u00e9s se distingue non seulement par son attrait esth\u00e9tique, mais aussi par sa durabilit\u00e9. Sa forme stylis\u00e9e de la lettre \u00ab\u00a0K\u00a0\u00bb apporte une touche personnelle, en faisant un accessoire id\u00e9al pour ceux qui cherchent \u00e0 exprimer leur identit\u00e9 ou \u00e0 faire un cadeau significatif.<\/p>\n<p>Le design de la mosa\u00efque, vibrant et color\u00e9, \u00e9voque la riche tradition artistique de l&rsquo;Espagne, connue pour son abondance d&rsquo;\u0153uvres en c\u00e9ramique et d&rsquo;architecture en mosa\u00efque, particuli\u00e8rement dans des r\u00e9gions comme la Catalogne. Ce porte-cl\u00e9s ne sert pas seulement d&rsquo;organisateur de cl\u00e9s pratique, mais agit \u00e9galement comme un rappel constant d&rsquo;un voyage en Espagne ou comme un cadeau sp\u00e9cial pour les proches qui appr\u00e9cient l&rsquo;artisanat.<\/p>\n<p>En tant que grossistes de souvenirs authentiques chez Ol\u00e9 Mosaic, nous proposons ce porte-cl\u00e9s en bois comme une excellente option pour les boutiques de cadeaux touristiques \u00e0 la recherche de produits uniques et repr\u00e9sentatifs. Ce porte-cl\u00e9s en mosa\u00efque est, sans aucun doute, un souvenir parfait, capturant l&rsquo;essence de l&rsquo;art espagnol et la joie de vivre.<\/p>\n","protected":false},"excerpt":{"rendered":"<p>Porte-cl\u00e9s en bois en forme de lettre \u00ab\u00a0K\u00a0\u00bb, d\u00e9cor\u00e9 d&rsquo;un design de mosa\u00efque frappant. Ce porte-cl\u00e9s attrayant combine des couleurs vives comme le rouge, le bleu, le jaune et le vert, imitant la technique du trencad\u00eds, si caract\u00e9ristique de la c\u00e9ramique espagnole. Avec une finition polie, il est parfait pour ajouter une touche artistique et personnelle \u00e0 vos cl\u00e9s. Son design moderne et accrocheur en fait un souvenir parfait d&rsquo;Espagne.<\/p>\n","protected":false},"featured_media":10761,"template":"","meta":{"_acf_changed":false},"product_brand":[],"product_cat":[607],"product_tag":[614],"class_list":{"0":"post-34761","1":"product","2":"type-product","3":"status-publish","4":"has-post-thumbnail","6":"product_cat-porte-cles","7":"product_tag-lettres","8":"pa_motivo-lettre-k","10":"first","11":"instock","12":"shipping-taxable","13":"product-type-simple"},"acf":[],"_links":{"self":[{"href":"https:\/\/olemosaic.com\/fr\/wp-json\/wp\/v2\/product\/34761","targetHints":{"allow":["GET"]}}],"collection":[{"href":"https:\/\/olemosaic.com\/fr\/wp-json\/wp\/v2\/product"}],"about":[{"href":"https:\/\/olemosaic.com\/fr\/wp-json\/wp\/v2\/types\/product"}],"wp:featuredmedia":[{"embeddable":true,"href":"https:\/\/olemosaic.com\/fr\/wp-json\/wp\/v2\/media\/10761"}],"wp:attachment":[{"href":"https:\/\/olemosaic.com\/fr\/wp-json\/wp\/v2\/media?parent=34761"}],"wp:term":[{"taxonomy":"product_brand","embeddable":true,"href":"https:\/\/olemosaic.com\/fr\/wp-json\/wp\/v2\/product_brand?post=34761"},{"taxonomy":"product_cat","embeddable":true,"href":"https:\/\/olemosaic.com\/fr\/wp-json\/wp\/v2\/product_cat?post=34761"},{"taxonomy":"product_tag","embeddable":true,"href":"https:\/\/olemosaic.com\/fr\/wp-json\/wp\/v2\/product_tag?post=34761"}],"curies":[{"name":"wp","href":"https:\/\/api.w.org\/{rel}","templated":true}]}}