{"id":34748,"date":"2025-02-20T23:36:35","date_gmt":"2025-02-20T22:36:35","guid":{"rendered":"http:\/\/olemosaic.com\/producto\/llavero-de-madera-caballito-de-mar-3\/"},"modified":"2025-07-25T20:16:08","modified_gmt":"2025-07-25T18:16:08","slug":"porte-cles-en-bois-hippocampe-3","status":"publish","type":"product","link":"https:\/\/olemosaic.com\/fr\/produit\/porte-cles-en-bois-hippocampe-3\/","title":{"rendered":"Porte-cl\u00e9s en bois. Hippocampe. Motifs floraux."},"content":{"rendered":"<p>Porte-cl\u00e9s en bois en forme d&rsquo;hippocampe, orn\u00e9 d&rsquo;un design vibrant inspir\u00e9 de la c\u00e9ramique traditionnelle. Ce charmant porte-cl\u00e9s, peint \u00e0 la main avec des motifs floraux dans des tons bleus, rouges et oranges, capture l&rsquo;essence de la M\u00e9diterran\u00e9e et le caract\u00e8re artistique des c\u00f4tes d&rsquo;Espagne et du Portugal. La figure de l&rsquo;hippocampe, reconnue pour sa force et son \u00e9l\u00e9gance, est un symbole de la vie marine et repr\u00e9sente la beaut\u00e9 de la culture c\u00f4ti\u00e8re, en faisant un souvenir repr\u00e9sentatif de la r\u00e9gion.<\/p>\n<p>Chaque porte-cl\u00e9s se distingue par ses d\u00e9tails m\u00e9ticuleux ; les fleurs vibrantes qui d\u00e9corent la surface cr\u00e9ent un effet visuel percutant, \u00e9voquant l&rsquo;atmosph\u00e8re joyeuse des march\u00e9s locaux et les traditions artisanales. De taille pratique, ce porte-cl\u00e9s ne sert pas seulement \u00e0 garder vos cl\u00e9s organis\u00e9es, mais il est aussi un rappel color\u00e9 et artistique de vos exp\u00e9riences sur les c\u00f4tes m\u00e9diterran\u00e9ennes.<\/p>\n<p>Ol\u00e9 Mosaic se sp\u00e9cialise dans la distribution de souvenirs en gros, et ce porte-cl\u00e9s hippocampe est le choix parfait pour les boutiques de cadeaux touristiques \u00e0 la recherche de produits authentiques. En tant que grossistes en souvenirs, nous garantissons que chaque pi\u00e8ce refl\u00e8te le riche h\u00e9ritage culturel de la r\u00e9gion, offrant une touche d&rsquo;art et de tradition aux touristes qui souhaitent emporter un morceau du charme m\u00e9diterran\u00e9en. Ce porte-cl\u00e9s est, sans aucun doute, un cadeau id\u00e9al qui combine fonctionnalit\u00e9 et connexion \u00e9motionnelle avec leur voyage.<\/p>\n","protected":false},"excerpt":{"rendered":"<p>Porte-cl\u00e9s en bois en forme d&rsquo;hippocampe, orn\u00e9 d&rsquo;un design color\u00e9 inspir\u00e9 de la c\u00e9ramique traditionnelle. Ce porte-cl\u00e9s au design artisanal, peint \u00e0 la main, pr\u00e9sente des motifs floraux vibrants dans des tons bleus, rouges et oranges, qui \u00e9voquent le charme des c\u00f4tes m\u00e9diterran\u00e9ennes. Le d\u00e9tail de l&rsquo;hippocampe, symbole de force et d&rsquo;\u00e9l\u00e9gance, en fait un souvenir id\u00e9al des r\u00e9gions maritimes d&rsquo;Espagne et du Portugal. Parfait pour porter vos cl\u00e9s avec une touche artistique.<\/p>\n","protected":false},"featured_media":10965,"template":"","meta":{"_acf_changed":false},"product_brand":[],"product_cat":[607],"product_tag":[530],"class_list":{"0":"post-34748","1":"product","2":"type-product","3":"status-publish","4":"has-post-thumbnail","6":"product_cat-porte-cles","7":"product_tag-animaux","8":"pa_motivo-hippocampes","10":"first","11":"instock","12":"shipping-taxable","13":"product-type-simple"},"acf":[],"_links":{"self":[{"href":"https:\/\/olemosaic.com\/fr\/wp-json\/wp\/v2\/product\/34748","targetHints":{"allow":["GET"]}}],"collection":[{"href":"https:\/\/olemosaic.com\/fr\/wp-json\/wp\/v2\/product"}],"about":[{"href":"https:\/\/olemosaic.com\/fr\/wp-json\/wp\/v2\/types\/product"}],"wp:featuredmedia":[{"embeddable":true,"href":"https:\/\/olemosaic.com\/fr\/wp-json\/wp\/v2\/media\/10965"}],"wp:attachment":[{"href":"https:\/\/olemosaic.com\/fr\/wp-json\/wp\/v2\/media?parent=34748"}],"wp:term":[{"taxonomy":"product_brand","embeddable":true,"href":"https:\/\/olemosaic.com\/fr\/wp-json\/wp\/v2\/product_brand?post=34748"},{"taxonomy":"product_cat","embeddable":true,"href":"https:\/\/olemosaic.com\/fr\/wp-json\/wp\/v2\/product_cat?post=34748"},{"taxonomy":"product_tag","embeddable":true,"href":"https:\/\/olemosaic.com\/fr\/wp-json\/wp\/v2\/product_tag?post=34748"}],"curies":[{"name":"wp","href":"https:\/\/api.w.org\/{rel}","templated":true}]}}