{"id":34747,"date":"2025-02-20T23:36:35","date_gmt":"2025-02-20T22:36:35","guid":{"rendered":"http:\/\/olemosaic.com\/producto\/llavero-de-madera-buho-3\/"},"modified":"2025-07-25T18:52:08","modified_gmt":"2025-07-25T16:52:08","slug":"porte-cles-en-bois-hibou-3","status":"publish","type":"product","link":"https:\/\/olemosaic.com\/fr\/produit\/porte-cles-en-bois-hibou-3\/","title":{"rendered":"Porte-cl\u00e9s en bois. Hibou. Mosa\u00efque."},"content":{"rendered":"<p>Porte-cl\u00e9s en bois en forme de hibou, orn\u00e9 d&rsquo;une mosa\u00efque attrayante aux couleurs vibrantes, c&rsquo;est un souvenir parfait qui encapsule l&rsquo;essence du folklore espagnol. Ce porte-cl\u00e9s, fabriqu\u00e9 avec du bois de haute qualit\u00e9, pr\u00e9sente une finition peinte \u00e0 la main qui \u00e9voque la faune et les paysages uniques de l&rsquo;Espagne. L&rsquo;illustration du hibou se distingue par ses couleurs, avec des d\u00e9tails dans des tons rouges, jaunes, verts et bleus qui s&rsquo;entrelacent dans un design rappelant les c\u00e9l\u00e8bres mosa\u00efques de la culture m\u00e9diterran\u00e9enne. La combinaison de couleurs n&rsquo;attire pas seulement le regard, mais symbolise \u00e9galement l&rsquo;ing\u00e9niosit\u00e9 artistique que l&rsquo;Espagne a cultiv\u00e9e au fil des si\u00e8cles.<\/p>\n<p>Ce porte-cl\u00e9s n&rsquo;est pas seulement fonctionnel pour garder les cl\u00e9s organis\u00e9es, mais il agit \u00e9galement comme un charmant rappel du voyage en Espagne, devenant un excellent cadeau pour les amis et la famille ou un d\u00e9tail personnel \u00e0 ajouter \u00e0 sa collection. Chez Ol\u00e9 Mosaic, nous nous distinguons par l&rsquo;offre de souvenirs authentiques, et ce porte-cl\u00e9s hibou est une magnifique repr\u00e9sentation de la riche culture espagnole. Parfait pour les boutiques de cadeaux touristiques, cet accessoire est un choix id\u00e9al pour ceux qui recherchent des souvenirs embl\u00e9matiques refl\u00e9tant la tradition et la vitalit\u00e9 du patrimoine espagnol. En tant que distributeurs de souvenirs en gros, nous garantissons la qualit\u00e9 et la singularit\u00e9 de nos produits, apportant une touche sp\u00e9ciale \u00e0 chaque achat.<\/p>\n","protected":false},"excerpt":{"rendered":"<p>Porte-cl\u00e9s en bois en forme de hibou, con\u00e7u avec une mosa\u00efque attrayante de couleurs vibrantes. Ce porte-cl\u00e9s se distingue par sa structure en bois et son design artisanal fini, peint \u00e0 la main, qui recr\u00e9e un magnifique hibou avec des d\u00e9tails dans des tons rouge, jaune, vert et bleu, \u00e9voquant le folklore et la faune espagnole. Parfait pour ajouter une touche de distinction \u00e0 vos cl\u00e9s, tout en rendant hommage \u00e0 la riche culture espagnole.<\/p>\n","protected":false},"featured_media":10781,"template":"","meta":{"_acf_changed":false},"product_brand":[],"product_cat":[607],"product_tag":[530],"class_list":{"0":"post-34747","1":"product","2":"type-product","3":"status-publish","4":"has-post-thumbnail","6":"product_cat-porte-cles","7":"product_tag-animaux","8":"pa_motivo-hiboux","10":"first","11":"instock","12":"shipping-taxable","13":"product-type-simple"},"acf":[],"_links":{"self":[{"href":"https:\/\/olemosaic.com\/fr\/wp-json\/wp\/v2\/product\/34747","targetHints":{"allow":["GET"]}}],"collection":[{"href":"https:\/\/olemosaic.com\/fr\/wp-json\/wp\/v2\/product"}],"about":[{"href":"https:\/\/olemosaic.com\/fr\/wp-json\/wp\/v2\/types\/product"}],"wp:featuredmedia":[{"embeddable":true,"href":"https:\/\/olemosaic.com\/fr\/wp-json\/wp\/v2\/media\/10781"}],"wp:attachment":[{"href":"https:\/\/olemosaic.com\/fr\/wp-json\/wp\/v2\/media?parent=34747"}],"wp:term":[{"taxonomy":"product_brand","embeddable":true,"href":"https:\/\/olemosaic.com\/fr\/wp-json\/wp\/v2\/product_brand?post=34747"},{"taxonomy":"product_cat","embeddable":true,"href":"https:\/\/olemosaic.com\/fr\/wp-json\/wp\/v2\/product_cat?post=34747"},{"taxonomy":"product_tag","embeddable":true,"href":"https:\/\/olemosaic.com\/fr\/wp-json\/wp\/v2\/product_tag?post=34747"}],"curies":[{"name":"wp","href":"https:\/\/api.w.org\/{rel}","templated":true}]}}