{"id":34746,"date":"2025-02-20T23:36:34","date_gmt":"2025-02-20T22:36:34","guid":{"rendered":"http:\/\/olemosaic.com\/producto\/llavero-de-madera-letra-x-2\/"},"modified":"2025-07-25T18:46:50","modified_gmt":"2025-07-25T16:46:50","slug":"porte-cles-en-bois-lettre-x-2","status":"publish","type":"product","link":"https:\/\/olemosaic.com\/fr\/produit\/porte-cles-en-bois-lettre-x-2\/","title":{"rendered":"Porte-cl\u00e9s en bois. Lettre X. Azulejos."},"content":{"rendered":"<p>Porte-cl\u00e9s en bois d\u00e9cor\u00e9 de c\u00e9ramique traditionnelle en forme de lettre X, refl\u00e9tant le riche h\u00e9ritage culturel espagnol. Cette pi\u00e8ce unique combine une finition en bois de haute qualit\u00e9 avec une mosa\u00efque vibrante d&rsquo;azulejos, caract\u00e9ristique de l&rsquo;art c\u00e9ramique ib\u00e9rique, pleine de nuances de rouge, bleu, orange et blanc. Les motifs floraux et g\u00e9om\u00e9triques qui ornent le porte-cl\u00e9s sont repr\u00e9sentatifs de la tradition espagnole, \u00e9voquant la beaut\u00e9 des patios andalous et de la c\u00e9ramique de Talavera. Son design en forme de lettre X en fait un souvenir personnalisable et moderne, id\u00e9al pour ceux qui souhaitent emporter avec eux un morceau de la culture espagnole. Ce porte-cl\u00e9s, en plus d&rsquo;\u00eatre fonctionnel, est un rappel visuel de la diversit\u00e9 et de l&rsquo;art que l&rsquo;Espagne offre, devenant un excellent cadeau pour les touristes et les visiteurs qui souhaitent emporter un morceau authentique de leur voyage. Chez Ol\u00e9 Mosaic, en tant que distributeurs de souvenirs en gros, nous proposons ce porte-cl\u00e9s comme une magnifique option pour les boutiques de cadeaux touristiques \u00e0 la recherche de produits originaux et culturellement significatifs, apportant authenticit\u00e9 et design \u00e0 leur catalogue de souvenirs d&rsquo;Espagne.<\/p>\n","protected":false},"excerpt":{"rendered":"<p>Porte-cl\u00e9s en bois en forme de lettre X, d\u00e9cor\u00e9 de c\u00e9ramiques traditionnelles \u00e9voquant les couleurs des azulejos espagnols. Ce porte-cl\u00e9s frappant int\u00e8gre une palette vibrante de rouge, bleu, orange et blanc, repr\u00e9sentant des motifs floraux et g\u00e9om\u00e9triques typiques de la culture ib\u00e9rique. Avec une finition en bois, le porte-cl\u00e9s allie esth\u00e9tique et fonctionnalit\u00e9, \u00e9tant id\u00e9al pour personnaliser vos cl\u00e9s ou comme un souvenir attrayant de l&rsquo;Espagne.<\/p>\n","protected":false},"featured_media":9614,"template":"","meta":{"_acf_changed":false},"product_brand":[],"product_cat":[607],"product_tag":[614],"class_list":{"0":"post-34746","1":"product","2":"type-product","3":"status-publish","4":"has-post-thumbnail","6":"product_cat-porte-cles","7":"product_tag-lettres","8":"pa_motivo-lettre-x","10":"first","11":"instock","12":"shipping-taxable","13":"product-type-simple"},"acf":[],"_links":{"self":[{"href":"https:\/\/olemosaic.com\/fr\/wp-json\/wp\/v2\/product\/34746","targetHints":{"allow":["GET"]}}],"collection":[{"href":"https:\/\/olemosaic.com\/fr\/wp-json\/wp\/v2\/product"}],"about":[{"href":"https:\/\/olemosaic.com\/fr\/wp-json\/wp\/v2\/types\/product"}],"wp:featuredmedia":[{"embeddable":true,"href":"https:\/\/olemosaic.com\/fr\/wp-json\/wp\/v2\/media\/9614"}],"wp:attachment":[{"href":"https:\/\/olemosaic.com\/fr\/wp-json\/wp\/v2\/media?parent=34746"}],"wp:term":[{"taxonomy":"product_brand","embeddable":true,"href":"https:\/\/olemosaic.com\/fr\/wp-json\/wp\/v2\/product_brand?post=34746"},{"taxonomy":"product_cat","embeddable":true,"href":"https:\/\/olemosaic.com\/fr\/wp-json\/wp\/v2\/product_cat?post=34746"},{"taxonomy":"product_tag","embeddable":true,"href":"https:\/\/olemosaic.com\/fr\/wp-json\/wp\/v2\/product_tag?post=34746"}],"curies":[{"name":"wp","href":"https:\/\/api.w.org\/{rel}","templated":true}]}}