{"id":34745,"date":"2025-02-20T23:36:34","date_gmt":"2025-02-20T22:36:34","guid":{"rendered":"http:\/\/olemosaic.com\/producto\/llavero-de-madera-panoramica-valencia\/"},"modified":"2025-07-25T19:57:11","modified_gmt":"2025-07-25T17:57:11","slug":"porte-cles-en-bois-panoramique-valence","status":"publish","type":"product","link":"https:\/\/olemosaic.com\/fr\/produit\/porte-cles-en-bois-panoramique-valence\/","title":{"rendered":"Porte-cl\u00e9s en bois. Panoramique. Valence."},"content":{"rendered":"<p>Porte-cl\u00e9s en bois de Valence. Ce charmant porte-cl\u00e9s pr\u00e9sente une vue panoramique vibrante de la ville, avec des monuments embl\u00e9matiques tels que l&rsquo;iconique Loge de la Soie (Lonja de la Seda) et la moderne Cit\u00e9 des Arts et des Sciences. Fabriqu\u00e9 en bois de haute qualit\u00e9, ce souvenir capture l&rsquo;essence culturelle de Valence \u00e0 travers un design color\u00e9 qui souligne les d\u00e9tails architecturaux complexes de chaque \u00e9difice. Le mot \u00ab\u00a0Valence\u00a0\u00bb s&rsquo;affiche en lettres frappantes, fusionnant modernit\u00e9 et tradition, tandis qu&rsquo;un soleil radieux compl\u00e8te la sc\u00e8ne avec une touche de joie m\u00e9diterran\u00e9enne.<\/p>\n<p>Ce porte-cl\u00e9s n&rsquo;est pas seulement un accessoire pratique pour ranger les cl\u00e9s, mais il repr\u00e9sente aussi un petit morceau de la riche histoire et de la beaut\u00e9 de Valence, devenant un souvenir irrempla\u00e7able. La Loge de la Soie, patrimoine mondial de l&rsquo;humanit\u00e9, se dresse fi\u00e8rement aux c\u00f4t\u00e9s des structures futuristes de la Cit\u00e9 des Arts, symbolisant le contraste entre l&rsquo;ancien et le contemporain qui d\u00e9finit la ville.<\/p>\n<p>Chez Ol\u00e9 Mosaic, nous sommes fiers de proposer des souvenirs authentiques qui refl\u00e8tent la culture et le patrimoine de l&rsquo;Espagne. Ce porte-cl\u00e9s en bois est un choix id\u00e9al pour les touristes et les boutiques de cadeaux touristiques \u00e0 la recherche de produits attrayants et de qualit\u00e9. Faites de chaque jour un rappel de vos exp\u00e9riences dans cette belle ville m\u00e9diterran\u00e9enne avec un souvenir qui est, sans aucun doute, une pi\u00e8ce essentielle dans la collection de tout voyageur.<\/p>\n","protected":false},"excerpt":{"rendered":"<p>Porte-cl\u00e9s en bois avec une vue panoramique vibrante de Valence, pr\u00e9sentant des monuments embl\u00e9matiques tels que la Loge de la Soie et la Cit\u00e9 des Arts et des Sciences. Ce porte-cl\u00e9s attrayant affiche un design color\u00e9, mettant en valeur les d\u00e9tails architecturaux avec une finition brillante. Le mot \u00ab\u00a0Valence\u00a0\u00bb se distingue en lettres frappantes, et un soleil radieux compl\u00e8te la sc\u00e8ne, capturant l&rsquo;essence de cette belle ville m\u00e9diterran\u00e9enne. Un souvenir parfait pour se souvenir de la culture et de la beaut\u00e9 de Valence.<\/p>\n","protected":false},"featured_media":10798,"template":"","meta":{"_acf_changed":false},"product_brand":[],"product_cat":[607],"product_tag":[],"class_list":{"0":"post-34745","1":"product","2":"type-product","3":"status-publish","4":"has-post-thumbnail","6":"product_cat-porte-cles","7":"pa_ciudad-valencia","8":"pa_motivo-panoramas","9":"pa_pais-espana","11":"first","12":"instock","13":"shipping-taxable","14":"product-type-simple"},"acf":[],"_links":{"self":[{"href":"https:\/\/olemosaic.com\/fr\/wp-json\/wp\/v2\/product\/34745","targetHints":{"allow":["GET"]}}],"collection":[{"href":"https:\/\/olemosaic.com\/fr\/wp-json\/wp\/v2\/product"}],"about":[{"href":"https:\/\/olemosaic.com\/fr\/wp-json\/wp\/v2\/types\/product"}],"wp:featuredmedia":[{"embeddable":true,"href":"https:\/\/olemosaic.com\/fr\/wp-json\/wp\/v2\/media\/10798"}],"wp:attachment":[{"href":"https:\/\/olemosaic.com\/fr\/wp-json\/wp\/v2\/media?parent=34745"}],"wp:term":[{"taxonomy":"product_brand","embeddable":true,"href":"https:\/\/olemosaic.com\/fr\/wp-json\/wp\/v2\/product_brand?post=34745"},{"taxonomy":"product_cat","embeddable":true,"href":"https:\/\/olemosaic.com\/fr\/wp-json\/wp\/v2\/product_cat?post=34745"},{"taxonomy":"product_tag","embeddable":true,"href":"https:\/\/olemosaic.com\/fr\/wp-json\/wp\/v2\/product_tag?post=34745"}],"curies":[{"name":"wp","href":"https:\/\/api.w.org\/{rel}","templated":true}]}}