{"id":34727,"date":"2025-02-20T23:36:34","date_gmt":"2025-02-20T22:36:34","guid":{"rendered":"http:\/\/olemosaic.com\/producto\/llavero-de-madera-letra-q-madrid\/"},"modified":"2025-07-25T19:09:24","modified_gmt":"2025-07-25T17:09:24","slug":"porte-cles-en-bois-lettre-q-madrid","status":"publish","type":"product","link":"https:\/\/olemosaic.com\/fr\/produit\/porte-cles-en-bois-lettre-q-madrid\/","title":{"rendered":"Porte-cl\u00e9s en bois. Lettre Q. Madrid."},"content":{"rendered":"<p>Porte-cl\u00e9s en bois en forme de lettre Q, d\u00e9cor\u00e9 d&rsquo;illustrations embl\u00e9matiques de Madrid. Ce porte-cl\u00e9s unique repr\u00e9sente l&rsquo;essence de la capitale espagnole, int\u00e9grant des \u00e9l\u00e9ments iconiques tels que la Puerta del Sol et le c\u00e9l\u00e8bre ours de la sculpture qui donne son nom \u00e0 la ville. Peint \u00e0 la main dans des couleurs vibrantes, chaque d\u00e9tail refl\u00e8te la richesse culturelle et le dynamisme de Madrid, de l&rsquo;horloge qui marque l&rsquo;heure exacte aux carreaux color\u00e9s qui ornent la place. La finition brillante rehausse son attrait, en faisant un objet non seulement fonctionnel, mais aussi esth\u00e9tiquement captivant.<\/p>\n<p>Ce porte-cl\u00e9s n&rsquo;est pas seulement un accessoire pratique, mais un authentique souvenir qui capture l&rsquo;identit\u00e9 madril\u00e8ne, id\u00e9al pour ceux qui souhaitent emporter un petit morceau de Madrid avec eux. De plus, son design en forme de lettre Q ajoute une touche moderne et originale, parfaite pour les collectionneurs et les touristes \u00e0 la recherche d&rsquo;un cadeau significatif. Chez Ol\u00e9 Mosaic, nous nous sp\u00e9cialisons dans la distribution de souvenirs en gros, offrant des produits authentiques et repr\u00e9sentatifs de la culture espagnole. Ce porte-cl\u00e9s de Madrid est une excellente option pour les boutiques de cadeaux touristiques qui cherchent \u00e0 attirer des clients int\u00e9ress\u00e9s par des articles uniques et m\u00e9morables.<\/p>\n","protected":false},"excerpt":{"rendered":"<p>Porte-cl\u00e9s en bois en forme de lettre Q, d\u00e9cor\u00e9 d&rsquo;illustrations repr\u00e9sentatives de Madrid. Ce porte-cl\u00e9s attrayant pr\u00e9sente dans son design des \u00e9l\u00e9ments iconiques tels que la Puerta del Sol et le c\u00e9l\u00e8bre ours de l&#8217;embl\u00e9matique sculpture. Peint avec un style artisanal aux couleurs vibrantes, il refl\u00e8te la culture madril\u00e8ne avec des d\u00e9tails distinctifs et une finition brillante. Parfait pour emporter un souvenir de la capitale espagnole partout avec vous.<\/p>\n","protected":false},"featured_media":10849,"template":"","meta":{"_acf_changed":false},"product_brand":[],"product_cat":[607],"product_tag":[614],"class_list":{"0":"post-34727","1":"product","2":"type-product","3":"status-publish","4":"has-post-thumbnail","6":"product_cat-porte-cles","7":"product_tag-lettres","8":"pa_ciudad-madrid","9":"pa_motivo-lettre-q","10":"pa_pais-espana","12":"first","13":"instock","14":"shipping-taxable","15":"product-type-simple"},"acf":[],"_links":{"self":[{"href":"https:\/\/olemosaic.com\/fr\/wp-json\/wp\/v2\/product\/34727","targetHints":{"allow":["GET"]}}],"collection":[{"href":"https:\/\/olemosaic.com\/fr\/wp-json\/wp\/v2\/product"}],"about":[{"href":"https:\/\/olemosaic.com\/fr\/wp-json\/wp\/v2\/types\/product"}],"wp:featuredmedia":[{"embeddable":true,"href":"https:\/\/olemosaic.com\/fr\/wp-json\/wp\/v2\/media\/10849"}],"wp:attachment":[{"href":"https:\/\/olemosaic.com\/fr\/wp-json\/wp\/v2\/media?parent=34727"}],"wp:term":[{"taxonomy":"product_brand","embeddable":true,"href":"https:\/\/olemosaic.com\/fr\/wp-json\/wp\/v2\/product_brand?post=34727"},{"taxonomy":"product_cat","embeddable":true,"href":"https:\/\/olemosaic.com\/fr\/wp-json\/wp\/v2\/product_cat?post=34727"},{"taxonomy":"product_tag","embeddable":true,"href":"https:\/\/olemosaic.com\/fr\/wp-json\/wp\/v2\/product_tag?post=34727"}],"curies":[{"name":"wp","href":"https:\/\/api.w.org\/{rel}","templated":true}]}}