{"id":34724,"date":"2025-02-20T23:36:33","date_gmt":"2025-02-20T22:36:33","guid":{"rendered":"http:\/\/olemosaic.com\/producto\/libreta-de-80-hojas-mosaico\/"},"modified":"2025-07-25T18:41:59","modified_gmt":"2025-07-25T16:41:59","slug":"carnet-de-80-feuilles-mosaique","status":"publish","type":"product","link":"https:\/\/olemosaic.com\/fr\/produit\/carnet-de-80-feuilles-mosaique\/","title":{"rendered":"Carnet de 80 feuilles. Mosa\u00efque."},"content":{"rendered":"<p>Carnet de Mosa\u00efques d&rsquo;Espagne et du Portugal<\/p>\n<p>Ce carnet d\u00e9coratif de 80 feuilles est un hommage \u00e0 la riche tradition artistique de l&rsquo;Espagne et du Portugal, parfait pour ceux qui recherchent un souvenir authentique et fonctionnel. Sa couverture pr\u00e9sente un design vibrant de mosa\u00efques qui combine des \u00e9l\u00e9ments g\u00e9om\u00e9triques et floraux complexes, refl\u00e9tant la c\u00e9l\u00e8bre esth\u00e9tique des azulejos qui ornent les places et les b\u00e2timents historiques des deux nations. Les tons bleus, rouges, jaunes et blancs cr\u00e9ent un motif visuellement captivant qui \u00e9voque l&rsquo;atmosph\u00e8re culturelle color\u00e9e du sud de l&rsquo;Europe.<\/p>\n<p>La finition brillante du carnet garantit qu&rsquo;il se d\u00e9marque dans n&rsquo;importe quel environnement, tandis que la bande \u00e9lastique rouge pratique offre un confort en le maintenant ferm\u00e9. Cela en fait une excellente option pour noter des id\u00e9es, des r\u00eaves ou des souvenirs pendant vos voyages. En tant qu&rsquo;authentique souvenir, ce carnet ne sert pas seulement d&rsquo;accessoire d&rsquo;\u00e9criture utile, mais il encapsule \u00e9galement l&rsquo;essence de l&rsquo;h\u00e9ritage artistique qu&rsquo;il repr\u00e9sente.<\/p>\n<p>Chez Ol\u00e9 Mosaic, nous proposons ce carnet de mosa\u00efques en gros, id\u00e9al pour les boutiques de cadeaux touristiques qui recherchent des produits uniques mettant en valeur la culture m\u00e9diterran\u00e9enne. Avec son design tr\u00e8s sp\u00e9cial et sa connexion culturelle, ce carnet est un excellent cadeau pour ceux qui souhaitent emporter un morceau d&rsquo;Espagne et du Portugal avec eux.<\/p>\n","protected":false},"excerpt":{"rendered":"<p>Carnet de 80 feuilles d\u00e9cor\u00e9 d&rsquo;un design vibrant de mosa\u00efques, inspir\u00e9 de la riche tradition artistique de l&rsquo;Espagne et du Portugal. La couverture pr\u00e9sente un motif color\u00e9 qui combine des \u00e9l\u00e9ments g\u00e9om\u00e9triques et floraux dans des tons bleus, rouges, jaunes et blancs, \u00e9voquant les c\u00e9l\u00e8bres azulejos des places et des b\u00e2timents historiques. Avec une finition brillante et une bande \u00e9lastique rouge pratique, ce carnet est id\u00e9al pour noter vos id\u00e9es et souvenirs avec un style distinctif et culturel.<\/p>\n","protected":false},"featured_media":9367,"template":"","meta":{"_acf_changed":false},"product_brand":[],"product_cat":[806],"product_tag":[],"class_list":{"0":"post-34724","1":"product","2":"type-product","3":"status-publish","4":"has-post-thumbnail","6":"product_cat-carnets","7":"pa_motivo-mosaique","9":"first","10":"instock","11":"shipping-taxable","12":"product-type-simple"},"acf":[],"_links":{"self":[{"href":"https:\/\/olemosaic.com\/fr\/wp-json\/wp\/v2\/product\/34724","targetHints":{"allow":["GET"]}}],"collection":[{"href":"https:\/\/olemosaic.com\/fr\/wp-json\/wp\/v2\/product"}],"about":[{"href":"https:\/\/olemosaic.com\/fr\/wp-json\/wp\/v2\/types\/product"}],"wp:featuredmedia":[{"embeddable":true,"href":"https:\/\/olemosaic.com\/fr\/wp-json\/wp\/v2\/media\/9367"}],"wp:attachment":[{"href":"https:\/\/olemosaic.com\/fr\/wp-json\/wp\/v2\/media?parent=34724"}],"wp:term":[{"taxonomy":"product_brand","embeddable":true,"href":"https:\/\/olemosaic.com\/fr\/wp-json\/wp\/v2\/product_brand?post=34724"},{"taxonomy":"product_cat","embeddable":true,"href":"https:\/\/olemosaic.com\/fr\/wp-json\/wp\/v2\/product_cat?post=34724"},{"taxonomy":"product_tag","embeddable":true,"href":"https:\/\/olemosaic.com\/fr\/wp-json\/wp\/v2\/product_tag?post=34724"}],"curies":[{"name":"wp","href":"https:\/\/api.w.org\/{rel}","templated":true}]}}