{"id":34711,"date":"2025-02-20T23:36:33","date_gmt":"2025-02-20T22:36:33","guid":{"rendered":"http:\/\/olemosaic.com\/producto\/lata-inox-de-500-ml-panoramica-barcelona-2\/"},"modified":"2025-07-25T19:37:37","modified_gmt":"2025-07-25T17:37:37","slug":"canette-inox-500-ml-panoramique-barcelone-2","status":"publish","type":"product","link":"https:\/\/olemosaic.com\/fr\/produit\/canette-inox-500-ml-panoramique-barcelone-2\/","title":{"rendered":"Canette en inox de 500 ml. Panoramique. Sagrada Familia. Barcelone."},"content":{"rendered":"<p>Canette en acier inoxydable de 500 ml avec une vue panoramique vibrante de la Sagrada Familia, le monument embl\u00e9matique de Barcelone. Cette canette \u00e9l\u00e9gante, au design artistique inspir\u00e9 des mosa\u00efques caract\u00e9ristiques de l&rsquo;\u0153uvre de Gaud\u00ed, se distingue par ses couleurs chaudes et brillantes qui \u00e9voquent la majest\u00e9 de cette basilique iconique. La Sagrada Familia, reconnue non seulement pour son architecture impressionnante mais aussi pour son symbolisme culturel, est un \u00e9l\u00e9ment essentiel du paysage urbain de Barcelone ; ainsi, cette canette n&rsquo;est pas seulement un objet fonctionnel, mais aussi un souvenir repr\u00e9sentatif du riche h\u00e9ritage catalan.<\/p>\n<p>D&rsquo;une capacit\u00e9 de 500 ml, elle est id\u00e9ale pour garder vos boissons fra\u00eeches, alliant fonctionnalit\u00e9 et style attrayant. Des d\u00e9tails tels que le contour des tours et la fa\u00e7ade de l&rsquo;\u00e9glise sont m\u00e9ticuleusement repr\u00e9sent\u00e9s, faisant de cette canette une pi\u00e8ce de collection, parfaite pour ceux qui appr\u00e9cient la fusion de l&rsquo;art et de la vie quotidienne. Chez Ol\u00e9 Mosaic, nous sommes sp\u00e9cialis\u00e9s dans la distribution de souvenirs en gros, et cette canette de la Sagrada Familia est une excellente option pour les boutiques de cadeaux touristiques recherchant authenticit\u00e9 et design dans leurs produits. C&rsquo;est un souvenir id\u00e9al pour ceux qui souhaitent ramener un morceau de Barcelone chez eux.<\/p>\n","protected":false},"excerpt":{"rendered":"<p>Canette en acier inoxydable de 500 ml d\u00e9cor\u00e9e d&rsquo;une vue panoramique vibrante de la Sagrada Familia, le monument embl\u00e9matique de Barcelone. Cette canette \u00e9l\u00e9gante pr\u00e9sente un design artistique en mosa\u00efque qui souligne les couleurs chaudes et brillantes, \u00e9voquant la beaut\u00e9 de l&rsquo;\u0153uvre de Gaud\u00ed. Id\u00e9ale pour garder vos boissons fra\u00eeches, elle allie fonctionnalit\u00e9 et style, devenant un cadeau parfait pour les amateurs d&rsquo;art et de culture catalane.<\/p>\n","protected":false},"featured_media":11152,"template":"","meta":{"_acf_changed":false},"product_brand":[],"product_cat":[796],"product_tag":[],"class_list":{"0":"post-34711","1":"product","2":"type-product","3":"status-publish","4":"has-post-thumbnail","6":"product_cat-boites-en-metal","7":"pa_ciudad-barcelona","8":"pa_motivo-panoramas","9":"pa_pais-espana","11":"first","12":"instock","13":"shipping-taxable","14":"product-type-simple"},"acf":[],"_links":{"self":[{"href":"https:\/\/olemosaic.com\/fr\/wp-json\/wp\/v2\/product\/34711","targetHints":{"allow":["GET"]}}],"collection":[{"href":"https:\/\/olemosaic.com\/fr\/wp-json\/wp\/v2\/product"}],"about":[{"href":"https:\/\/olemosaic.com\/fr\/wp-json\/wp\/v2\/types\/product"}],"wp:featuredmedia":[{"embeddable":true,"href":"https:\/\/olemosaic.com\/fr\/wp-json\/wp\/v2\/media\/11152"}],"wp:attachment":[{"href":"https:\/\/olemosaic.com\/fr\/wp-json\/wp\/v2\/media?parent=34711"}],"wp:term":[{"taxonomy":"product_brand","embeddable":true,"href":"https:\/\/olemosaic.com\/fr\/wp-json\/wp\/v2\/product_brand?post=34711"},{"taxonomy":"product_cat","embeddable":true,"href":"https:\/\/olemosaic.com\/fr\/wp-json\/wp\/v2\/product_cat?post=34711"},{"taxonomy":"product_tag","embeddable":true,"href":"https:\/\/olemosaic.com\/fr\/wp-json\/wp\/v2\/product_tag?post=34711"}],"curies":[{"name":"wp","href":"https:\/\/api.w.org\/{rel}","templated":true}]}}