{"id":34710,"date":"2025-02-20T23:36:32","date_gmt":"2025-02-20T22:36:32","guid":{"rendered":"http:\/\/olemosaic.com\/producto\/taza-de-ceramica-caballito-de-mar-mallorca-beige\/"},"modified":"2025-07-25T20:21:44","modified_gmt":"2025-07-25T18:21:44","slug":"mug-en-ceramique-hippocampe-majorque-beige-fr","status":"publish","type":"product","link":"https:\/\/olemosaic.com\/fr\/produit\/mug-en-ceramique-hippocampe-majorque-beige-fr\/","title":{"rendered":"Mug en c\u00e9ramique. Hippocampe. Majorque. Beige."},"content":{"rendered":"<p>L&rsquo;\u00e9l\u00e9gant mug en c\u00e9ramique de Majorque est un charmant souvenir qui capture l&rsquo;essence de la mer M\u00e9diterran\u00e9e. Avec un design attrayant pr\u00e9sentant des hippocampes vibrants, ce produit est parfait pour ceux qui souhaitent emporter un petit morceau de la beaut\u00e9 de Majorque. Le mug poss\u00e8de un fond beige qui met en valeur les d\u00e9tails color\u00e9s des hippocampes, peints \u00e0 la main selon des techniques traditionnelles, ce qui garantit son authenticit\u00e9 et la qualit\u00e9 artisanale de la pi\u00e8ce. Sur le devant, le nom \u00ab\u00a0MALLORCA\u00a0\u00bb se distingue dans un style ludique qui ajoute une touche amusante et repr\u00e9sentative de l&rsquo;esprit joyeux de l&rsquo;\u00eele.<\/p>\n<p>Son anse de couleur contrast\u00e9e et sa finition peinte \u00e0 la main font de ce mug non seulement un objet esth\u00e9tiquement attrayant, mais aussi fonctionnel, id\u00e9al pour savourer votre boisson pr\u00e9f\u00e9r\u00e9e, qu&rsquo;il s&rsquo;agisse de caf\u00e9, de th\u00e9 ou de toute autre infusion. Ce mug devient non seulement un article d&rsquo;usage quotidien, mais aussi un pr\u00e9cieux souvenir \u00e9voquant les c\u00f4tes et la faune marine de Majorque.<\/p>\n<p>Chez Ol\u00e9 Mosaic, nous sommes leaders dans la distribution de souvenirs en gros, et ce mug en c\u00e9ramique repr\u00e9sente parfaitement la tradition culturelle des Bal\u00e9ares, devenant un cadeau id\u00e9al pour les touristes \u00e0 la recherche de souvenirs authentiques et significatifs de leur visite en Espagne. Avec sa pertinence culturelle et son design attrayant, c&rsquo;est une excellente option pour toute boutique de cadeaux touristiques.<\/p>\n","protected":false},"excerpt":{"rendered":"<p>\u00c9l\u00e9gant mug en c\u00e9ramique d\u00e9cor\u00e9 d&rsquo;hippocampes vibrants, repr\u00e9sentant la faune marine de Majorque. Avec un fond beige, le mug pr\u00e9sente des d\u00e9tails color\u00e9s et le nom \u00ab\u00a0MALLORCA\u00a0\u00bb imprim\u00e9 dans un style ludique. Son design inclut une anse de couleur contrast\u00e9e et une finition artisanale peinte \u00e0 la main qui souligne l&rsquo;artisanat local. Id\u00e9al pour savourer votre boisson pr\u00e9f\u00e9r\u00e9e, ce mug est un souvenir charmant de la beaut\u00e9 m\u00e9diterran\u00e9enne.<\/p>\n","protected":false},"featured_media":7019,"template":"","meta":{"_acf_changed":false},"product_brand":[],"product_cat":[822],"product_tag":[530,585],"class_list":{"0":"post-34710","1":"product","2":"type-product","3":"status-publish","4":"has-post-thumbnail","6":"product_cat-mugs-fr","7":"product_tag-animaux","8":"product_tag-ceramique","9":"pa_ciudad-mallorca","10":"pa_motivo-hippocampes","11":"pa_pais-espana","13":"first","14":"instock","15":"shipping-taxable","16":"product-type-simple"},"acf":[],"_links":{"self":[{"href":"https:\/\/olemosaic.com\/fr\/wp-json\/wp\/v2\/product\/34710","targetHints":{"allow":["GET"]}}],"collection":[{"href":"https:\/\/olemosaic.com\/fr\/wp-json\/wp\/v2\/product"}],"about":[{"href":"https:\/\/olemosaic.com\/fr\/wp-json\/wp\/v2\/types\/product"}],"wp:featuredmedia":[{"embeddable":true,"href":"https:\/\/olemosaic.com\/fr\/wp-json\/wp\/v2\/media\/7019"}],"wp:attachment":[{"href":"https:\/\/olemosaic.com\/fr\/wp-json\/wp\/v2\/media?parent=34710"}],"wp:term":[{"taxonomy":"product_brand","embeddable":true,"href":"https:\/\/olemosaic.com\/fr\/wp-json\/wp\/v2\/product_brand?post=34710"},{"taxonomy":"product_cat","embeddable":true,"href":"https:\/\/olemosaic.com\/fr\/wp-json\/wp\/v2\/product_cat?post=34710"},{"taxonomy":"product_tag","embeddable":true,"href":"https:\/\/olemosaic.com\/fr\/wp-json\/wp\/v2\/product_tag?post=34710"}],"curies":[{"name":"wp","href":"https:\/\/api.w.org\/{rel}","templated":true}]}}