{"id":34709,"date":"2025-02-20T22:36:32","date_gmt":"2025-02-20T22:36:32","guid":{"rendered":"http:\/\/olemosaic.com\/producto\/taza-de-ceramica-mosaico-blanco\/"},"modified":"2025-07-25T20:07:30","modified_gmt":"2025-07-25T18:07:30","slug":"mug-en-ceramique-mosaique-blanc","status":"publish","type":"product","link":"https:\/\/olemosaic.com\/fr\/produit\/mug-en-ceramique-mosaique-blanc\/","title":{"rendered":"Mug en c\u00e9ramique. Mosa\u00efque. Blanc."},"content":{"rendered":"<p>Le mug en c\u00e9ramique au design de mosa\u00efque vibrant est un hommage \u00e0 la riche tradition d\u00e9corative espagnole, parfait pour les amateurs d&rsquo;art et de culture. Cet article distinctif se distingue par son ext\u00e9rieur \u00e9l\u00e9gant, o\u00f9 une vari\u00e9t\u00e9 de motifs complexes se combinent dans des tons de bleu, rouge et jaune, \u00e9voquant les azulejos caract\u00e9ristiques qui ornent l&rsquo;architecture historique du pays. Chaque d\u00e9tail de la mosa\u00efque raconte une histoire, refl\u00e9tant la diversit\u00e9 culturelle et la cr\u00e9ativit\u00e9 des r\u00e9gions espagnoles.<\/p>\n<p>L&rsquo;int\u00e9rieur du mug, d&rsquo;un rouge attrayant, ajoute une explosion de couleur qui rehausse l&rsquo;exp\u00e9rience visuelle, tandis que l&rsquo;anse, avec son design original simulant une forme stylis\u00e9e, apporte une touche \u00e0 la fois moderne et fonctionnelle. Ce mug est non seulement id\u00e9al pour savourer un caf\u00e9, un th\u00e9 ou une infusion, mais il devient \u00e9galement un \u00e9l\u00e9ment d\u00e9coratif qui enrichira toute cuisine ou espace de travail gr\u00e2ce \u00e0 son design artistique.<\/p>\n<p>En tant que souvenir repr\u00e9sentatif de la culture espagnole, ce mug est un excellent choix pour les touristes cherchant \u00e0 emporter un souvenir authentique qui capture l&rsquo;essence vibrante du pays. Chez Ol\u00e9 Mosaic, nous sommes sp\u00e9cialis\u00e9s dans la distribution de souvenirs en gros, et ce mug en c\u00e9ramique est une pi\u00e8ce incontournable dans l&rsquo;inventaire des boutiques de cadeaux touristiques souhaitant offrir des produits uniques et pertinents \u00e0 leurs clients.<\/p>\n","protected":false},"excerpt":{"rendered":"<p>Mug en c\u00e9ramique au design de mosa\u00efque vibrant, inspir\u00e9 de la riche tradition d\u00e9corative espagnole. Cette pi\u00e8ce distinctive pr\u00e9sente une vari\u00e9t\u00e9 de motifs et de couleurs dans des tons de bleu, rouge et jaune, \u00e9voquant les azulejos caract\u00e9ristiques de l&rsquo;architecture espagnole. L&rsquo;int\u00e9rieur du mug est rouge, tandis que l&rsquo;anse poss\u00e8de un design original avec une forme stylis\u00e9e. Id\u00e9al pour savourer vos boissons pr\u00e9f\u00e9r\u00e9es avec une touche d&rsquo;art et de culture.<\/p>\n","protected":false},"featured_media":8920,"template":"","meta":{"_acf_changed":false},"product_brand":[],"product_cat":[822],"product_tag":[585],"class_list":{"0":"post-34709","1":"product","2":"type-product","3":"status-publish","4":"has-post-thumbnail","6":"product_cat-mugs-fr","7":"product_tag-ceramique","8":"pa_motivo-mosaique","10":"first","11":"instock","12":"shipping-taxable","13":"product-type-simple"},"acf":[],"_links":{"self":[{"href":"https:\/\/olemosaic.com\/fr\/wp-json\/wp\/v2\/product\/34709","targetHints":{"allow":["GET"]}}],"collection":[{"href":"https:\/\/olemosaic.com\/fr\/wp-json\/wp\/v2\/product"}],"about":[{"href":"https:\/\/olemosaic.com\/fr\/wp-json\/wp\/v2\/types\/product"}],"wp:featuredmedia":[{"embeddable":true,"href":"https:\/\/olemosaic.com\/fr\/wp-json\/wp\/v2\/media\/8920"}],"wp:attachment":[{"href":"https:\/\/olemosaic.com\/fr\/wp-json\/wp\/v2\/media?parent=34709"}],"wp:term":[{"taxonomy":"product_brand","embeddable":true,"href":"https:\/\/olemosaic.com\/fr\/wp-json\/wp\/v2\/product_brand?post=34709"},{"taxonomy":"product_cat","embeddable":true,"href":"https:\/\/olemosaic.com\/fr\/wp-json\/wp\/v2\/product_cat?post=34709"},{"taxonomy":"product_tag","embeddable":true,"href":"https:\/\/olemosaic.com\/fr\/wp-json\/wp\/v2\/product_tag?post=34709"}],"curies":[{"name":"wp","href":"https:\/\/api.w.org\/{rel}","templated":true}]}}