{"id":34707,"date":"2025-02-20T22:36:32","date_gmt":"2025-02-20T22:36:32","guid":{"rendered":"http:\/\/olemosaic.com\/producto\/libreta-de-80-hojas-mariposas-barcelona\/"},"modified":"2025-07-25T18:44:12","modified_gmt":"2025-07-25T16:44:12","slug":"carnet-de-80-feuilles-papillons-barcelone","status":"publish","type":"product","link":"https:\/\/olemosaic.com\/fr\/produit\/carnet-de-80-feuilles-papillons-barcelone\/","title":{"rendered":"Carnet de 80 feuilles. Papillons. Barcelone."},"content":{"rendered":"<p>Ce carnet d\u00e9coratif de 80 feuilles, inspir\u00e9 des mosa\u00efques de Gaud\u00ed, est un \u00e9l\u00e9gant souvenir qui capture l&rsquo;essence vibrante de Barcelone. Sa couverture color\u00e9e pr\u00e9sente un design audacieux dans des tons blancs et gris qui sert de toile \u00e0 une explosion de papillons bleus, rouges et jaunes. Chaque papillon, soigneusement illustr\u00e9, refl\u00e8te les d\u00e9tails complexes du modernisme catalan, si embl\u00e9matique de l&rsquo;architecture de Gaud\u00ed, c\u00e9l\u00e8bre pour son amour de la nature et son utilisation exub\u00e9rante de la couleur.<\/p>\n<p>Ce carnet n&rsquo;est pas seulement fonctionnel, avec ses 80 feuilles pr\u00eates pour des notes, des croquis ou des r\u00e9flexions, mais il sert \u00e9galement de rappel visuel de la splendeur artistique de Barcelone. Sa fermeture \u00e9lastique rouge pratique ajoute une touche de couleur et de modernit\u00e9, garantissant que les pages restent prot\u00e9g\u00e9es et organis\u00e9es. C&rsquo;est un excellent souvenir, id\u00e9al pour ceux qui souhaitent emporter un petit morceau de la ville catalane historique et vibrante.<\/p>\n<p>Chez Ol\u00e9 Mosaic, nous proposons des souvenirs de Barcelone authentiques et de haute qualit\u00e9, parfaits pour les boutiques de cadeaux touristiques \u00e0 la recherche de produits distinctifs. Ce carnet, avec son design plein de vie et de sens, est un produit phare de notre collection d&rsquo;articles d\u00e9coratifs, ce qui en fait un choix parfait pour ceux qui recherchent quelque chose de sp\u00e9cial repr\u00e9sentant la magie de cette ville merveilleuse.<\/p>\n","protected":false},"excerpt":{"rendered":"<p>Carnet de 80 feuilles d\u00e9cor\u00e9 de papillons et de fleurs color\u00e9s, inspir\u00e9 du style de la mosa\u00efque de Gaud\u00ed \u00e0 Barcelone. La couverture pr\u00e9sente un design vibrant, avec des papillons dans des tons bleus, rouges et jaunes sur un fond de mosa\u00efque blanc et gris, \u00e9vocateur du modernisme catalan. Cet article, id\u00e9al pour prendre des notes et faire des croquis, dispose d&rsquo;une fermeture \u00e9lastique rouge pratique, qui ajoute une touche de couleur et de fonctionnalit\u00e9.<\/p>\n","protected":false},"featured_media":12005,"template":"","meta":{"_acf_changed":false},"product_brand":[],"product_cat":[806],"product_tag":[530],"class_list":{"0":"post-34707","1":"product","2":"type-product","3":"status-publish","4":"has-post-thumbnail","6":"product_cat-carnets","7":"product_tag-animaux","8":"pa_ciudad-barcelona","9":"pa_motivo-papillons","10":"pa_pais-espana","12":"first","13":"instock","14":"shipping-taxable","15":"product-type-simple"},"acf":[],"_links":{"self":[{"href":"https:\/\/olemosaic.com\/fr\/wp-json\/wp\/v2\/product\/34707","targetHints":{"allow":["GET"]}}],"collection":[{"href":"https:\/\/olemosaic.com\/fr\/wp-json\/wp\/v2\/product"}],"about":[{"href":"https:\/\/olemosaic.com\/fr\/wp-json\/wp\/v2\/types\/product"}],"wp:featuredmedia":[{"embeddable":true,"href":"https:\/\/olemosaic.com\/fr\/wp-json\/wp\/v2\/media\/12005"}],"wp:attachment":[{"href":"https:\/\/olemosaic.com\/fr\/wp-json\/wp\/v2\/media?parent=34707"}],"wp:term":[{"taxonomy":"product_brand","embeddable":true,"href":"https:\/\/olemosaic.com\/fr\/wp-json\/wp\/v2\/product_brand?post=34707"},{"taxonomy":"product_cat","embeddable":true,"href":"https:\/\/olemosaic.com\/fr\/wp-json\/wp\/v2\/product_cat?post=34707"},{"taxonomy":"product_tag","embeddable":true,"href":"https:\/\/olemosaic.com\/fr\/wp-json\/wp\/v2\/product_tag?post=34707"}],"curies":[{"name":"wp","href":"https:\/\/api.w.org\/{rel}","templated":true}]}}