{"id":34706,"date":"2025-02-20T22:36:32","date_gmt":"2025-02-20T22:36:32","guid":{"rendered":"http:\/\/olemosaic.com\/producto\/lata-inox-de-500-ml-mosaico\/"},"modified":"2025-07-25T20:02:47","modified_gmt":"2025-07-25T18:02:47","slug":"gourde-en-inox-de-500-ml-mosaique","status":"publish","type":"product","link":"https:\/\/olemosaic.com\/fr\/produit\/gourde-en-inox-de-500-ml-mosaique\/","title":{"rendered":"Gourde en inox de 500 ml. Mosa\u00efque."},"content":{"rendered":"<p>La gourde en inox de 500 ml au design mosa\u00efque, inspir\u00e9e des azulejos traditionnels espagnols, est un souvenir exceptionnel qui capture l&rsquo;essence de l&rsquo;art d\u00e9coratif du sud de l&rsquo;Espagne. Sa d\u00e9coration vibrante pr\u00e9sente une vari\u00e9t\u00e9 de motifs g\u00e9om\u00e9triques dans une palette de couleurs attrayante, incluant des tons bleus intenses, des oranges chauds et des verts frais, rappelant les fa\u00e7ades color\u00e9es de nombreuses villes espagnoles. Fabriqu\u00e9e en acier inoxydable, cette gourde offre non seulement fonctionnalit\u00e9 et durabilit\u00e9, mais se distingue \u00e9galement par son \u00e9l\u00e9gance et son style, devenant un compagnon id\u00e9al pour savourer des boissons froides ou chaudes.<\/p>\n<p>Chaque d\u00e9tail du design rend hommage \u00e0 la riche tradition des azulejos, refl\u00e9tant la ma\u00eetrise et l&rsquo;art pr\u00e9sents dans l&rsquo;architecture et le folklore espagnol. Ce souvenir n&rsquo;est pas seulement un rappel visuel des vues impressionnantes du sud de l&rsquo;Espagne, mais il devient \u00e9galement un sujet de conversation qui connecte les touristes \u00e0 la culture locale \u00e0 travers l&rsquo;art. Chez Ol\u00e9 Mosaic, nous nous sp\u00e9cialisons dans la distribution de souvenirs en gros, et cette gourde en inox est parfaite pour les boutiques de cadeaux touristiques qui cherchent \u00e0 proposer des produits authentiques et significatifs. Sa pertinence culturelle et l&rsquo;attrait de son design en font une excellente option pour ceux qui souhaitent ramener un morceau d&rsquo;Espagne chez eux.<\/p>\n","protected":false},"excerpt":{"rendered":"<p>Gourde en acier inoxydable de 500 ml avec un design mosa\u00efque vibrant inspir\u00e9 des azulejos traditionnels espagnols. Cette gourde \u00e9l\u00e9gante pr\u00e9sente une vari\u00e9t\u00e9 de motifs g\u00e9om\u00e9triques dans des tons bleus, oranges et verts, capturant l&rsquo;essence de l&rsquo;art d\u00e9coratif du sud de l&rsquo;Espagne. Id\u00e9ale pour les boissons froides et chaudes, sa finition en acier inoxydable assure durabilit\u00e9 et style, en faisant un souvenir parfait pour c\u00e9l\u00e9brer la richesse culturelle de l&rsquo;Espagne.<\/p>\n","protected":false},"featured_media":11150,"template":"","meta":{"_acf_changed":false},"product_brand":[],"product_cat":[796],"product_tag":[],"class_list":{"0":"post-34706","1":"product","2":"type-product","3":"status-publish","4":"has-post-thumbnail","6":"product_cat-boites-en-metal","7":"pa_motivo-mosaique","9":"first","10":"instock","11":"shipping-taxable","12":"product-type-simple"},"acf":[],"_links":{"self":[{"href":"https:\/\/olemosaic.com\/fr\/wp-json\/wp\/v2\/product\/34706","targetHints":{"allow":["GET"]}}],"collection":[{"href":"https:\/\/olemosaic.com\/fr\/wp-json\/wp\/v2\/product"}],"about":[{"href":"https:\/\/olemosaic.com\/fr\/wp-json\/wp\/v2\/types\/product"}],"wp:featuredmedia":[{"embeddable":true,"href":"https:\/\/olemosaic.com\/fr\/wp-json\/wp\/v2\/media\/11150"}],"wp:attachment":[{"href":"https:\/\/olemosaic.com\/fr\/wp-json\/wp\/v2\/media?parent=34706"}],"wp:term":[{"taxonomy":"product_brand","embeddable":true,"href":"https:\/\/olemosaic.com\/fr\/wp-json\/wp\/v2\/product_brand?post=34706"},{"taxonomy":"product_cat","embeddable":true,"href":"https:\/\/olemosaic.com\/fr\/wp-json\/wp\/v2\/product_cat?post=34706"},{"taxonomy":"product_tag","embeddable":true,"href":"https:\/\/olemosaic.com\/fr\/wp-json\/wp\/v2\/product_tag?post=34706"}],"curies":[{"name":"wp","href":"https:\/\/api.w.org\/{rel}","templated":true}]}}