{"id":34697,"date":"2025-02-20T22:36:31","date_gmt":"2025-02-20T22:36:31","guid":{"rendered":"http:\/\/olemosaic.com\/producto\/funda-de-telefono-para-xiaomi-11-tpu-sagrada-familia-barcelona-azul\/"},"modified":"2025-07-25T19:02:04","modified_gmt":"2025-07-25T17:02:04","slug":"coque-de-telephone-pour-xiaomi-11-tpu-sagrada-familia-barcelone-bleu","status":"publish","type":"product","link":"https:\/\/olemosaic.com\/fr\/produit\/coque-de-telephone-pour-xiaomi-11-tpu-sagrada-familia-barcelone-bleu\/","title":{"rendered":"Coque de t\u00e9l\u00e9phone pour Xiaomi 11 (TPU). Sagrada Familia. Barcelone. Bleu"},"content":{"rendered":"<p>La coque pour le Xiaomi 11 pr\u00e9sente un design vibrant de la Sagrada Familia de Barcelone, un symbole embl\u00e9matique de l&rsquo;architecture moderniste catalane. Fabriqu\u00e9e en TPU, cette coque se distingue par sa durabilit\u00e9 et sa flexibilit\u00e9, assurant une protection optimale pour votre appareil. L&rsquo;illustration color\u00e9e montre les tours \u00e9lev\u00e9es et l&rsquo;impressionnante mosa\u00efque bleue du ciel, capturant l&rsquo;essence \u00e9th\u00e9r\u00e9e du monument con\u00e7u par Antoni Gaud\u00ed. Dans la partie inf\u00e9rieure, le mot \u00ab Barcelone \u00bb s&rsquo;int\u00e8gre de mani\u00e8re \u00e9l\u00e9gante, ajoutant une touche moderne qui attire aussi bien les amateurs de mode que les passionn\u00e9s d&rsquo;art.<\/p>\n<p>La Sagrada Familia n&rsquo;est pas seulement un embl\u00e8me de la ville, mais aussi un h\u00e9ritage culturel qui attire des millions de visiteurs chaque ann\u00e9e. Ce souvenir souligne la pertinence de son histoire architecturale, ce qui en fait un cadeau parfait pour ceux qui cherchent \u00e0 emporter un morceau de la culture catalane. La coque sert, en plus d&rsquo;\u00eatre un accessoire pratique, de rappel constant de la beaut\u00e9 de Barcelone et de son patrimoine artistique.<\/p>\n<p>Chez Ol\u00e9 Mosaic, nous disposons d&rsquo;une large gamme de souvenirs authentiques et de qualit\u00e9. Cette coque de t\u00e9l\u00e9phone est une excellente option pour les boutiques de cadeaux touristiques qui souhaitent proposer des produits innovants et pertinents, parfaits pour ceux qui recherchent des souvenirs significatifs de leur visite dans la ville.<\/p>\n","protected":false},"excerpt":{"rendered":"<p>Coque pour Xiaomi 11, fabriqu\u00e9e en TPU, avec un design vibrant de la Sagrada Familia de Barcelone. Cette coque se distingue par son illustration color\u00e9e avec des d\u00e9tails architecturaux, incluant les tours iconiques et la mosa\u00efque bleue du ciel. Le mot \u00ab Barcelone \u00bb s&rsquo;int\u00e8gre dans la partie inf\u00e9rieure, apportant une touche moderne et culturelle. Elle est id\u00e9ale pour ceux qui cherchent \u00e0 prot\u00e9ger leur t\u00e9l\u00e9phone tout en arborant un symbole embl\u00e9matique de l&rsquo;architecture catalane.<\/p>\n","protected":false},"featured_media":12639,"template":"","meta":{"_acf_changed":false},"product_brand":[],"product_cat":[674],"product_tag":[],"class_list":{"0":"post-34697","1":"product","2":"type-product","3":"status-publish","4":"has-post-thumbnail","6":"product_cat-etuis-pour-telephones-portables","7":"pa_ciudad-barcelona","8":"pa_motivo-sagrada-familia","9":"pa_pais-espana","11":"first","12":"instock","13":"shipping-taxable","14":"product-type-simple"},"acf":[],"_links":{"self":[{"href":"https:\/\/olemosaic.com\/fr\/wp-json\/wp\/v2\/product\/34697","targetHints":{"allow":["GET"]}}],"collection":[{"href":"https:\/\/olemosaic.com\/fr\/wp-json\/wp\/v2\/product"}],"about":[{"href":"https:\/\/olemosaic.com\/fr\/wp-json\/wp\/v2\/types\/product"}],"wp:featuredmedia":[{"embeddable":true,"href":"https:\/\/olemosaic.com\/fr\/wp-json\/wp\/v2\/media\/12639"}],"wp:attachment":[{"href":"https:\/\/olemosaic.com\/fr\/wp-json\/wp\/v2\/media?parent=34697"}],"wp:term":[{"taxonomy":"product_brand","embeddable":true,"href":"https:\/\/olemosaic.com\/fr\/wp-json\/wp\/v2\/product_brand?post=34697"},{"taxonomy":"product_cat","embeddable":true,"href":"https:\/\/olemosaic.com\/fr\/wp-json\/wp\/v2\/product_cat?post=34697"},{"taxonomy":"product_tag","embeddable":true,"href":"https:\/\/olemosaic.com\/fr\/wp-json\/wp\/v2\/product_tag?post=34697"}],"curies":[{"name":"wp","href":"https:\/\/api.w.org\/{rel}","templated":true}]}}