{"id":34695,"date":"2025-02-20T22:36:31","date_gmt":"2025-02-20T22:36:31","guid":{"rendered":"http:\/\/olemosaic.com\/producto\/funda-de-telefono-para-samsung-a54-tpu-punt-de-trobada-barcelona-blanco\/"},"modified":"2025-07-25T19:26:39","modified_gmt":"2025-07-25T17:26:39","slug":"coque-de-telephone-pour-samsung-a54-tpu-punt-de-trobada-barcelone-blanc","status":"publish","type":"product","link":"https:\/\/olemosaic.com\/fr\/produit\/coque-de-telephone-pour-samsung-a54-tpu-punt-de-trobada-barcelone-blanc\/","title":{"rendered":"Coque de t\u00e9l\u00e9phone pour Samsung A54 (TPU). Punt de trobada. Barcelone. Blanc"},"content":{"rendered":"<p>La coque pour le t\u00e9l\u00e9phone Samsung A54 est un souvenir exclusif de Barcelone qui fusionne utilit\u00e9 et art dans un design vibrant. Fabriqu\u00e9e en TPU, cette coque offre non seulement une protection durable pour votre appareil, mais agit \u00e9galement comme une pi\u00e8ce de d\u00e9coration inspir\u00e9e de l&rsquo;iconique \u00ab Punt de trobada \u00bb, embl\u00e8me du style artistique de Gaud\u00ed qui d\u00e9finit l&rsquo;essence de la ville. Sa base blanche parsem\u00e9e de mosa\u00efques color\u00e9es dans des tons rouges, jaunes, verts et bleus cr\u00e9e une esth\u00e9tique joyeuse et dynamique, \u00e9voquant les couleurs vibrantes de l&rsquo;architecture moderniste barcelonaise.<\/p>\n<p>Le mot \u00ab Barcelone \u00bb est pr\u00e9sent\u00e9 dans un design ludique, qui renforce la connexion culturelle et l&rsquo;histoire artistique de la m\u00e9tropole catalane. Ce souvenir est parfait pour ceux qui souhaitent emporter avec eux un morceau du riche patrimoine culturel de Barcelone, devenant ainsi un excellent cadeau pour les touristes \u00e0 la recherche de souvenirs authentiques. Chez Ol\u00e9 Mosaic, nous sommes distributeurs d&rsquo;accessoires en gros, et cette coque de t\u00e9l\u00e9phone est une magnifique option pour les boutiques de cadeaux touristiques, offrant non seulement de la fonctionnalit\u00e9, mais aussi une touche artistique incomparable. Offrez l&rsquo;\u00e9l\u00e9gance et la culture avec cette coque, un objet qui capture l&rsquo;esprit de Barcelone dans chaque d\u00e9tail.<\/p>\n","protected":false},"excerpt":{"rendered":"<p>Coque pour t\u00e9l\u00e9phone Samsung A54 fabriqu\u00e9e en TPU, avec un design vibrant repr\u00e9sentant l&rsquo;iconique \u00ab Punt de trobada \u00bb de Barcelone. La coque pr\u00e9sente une base blanche parsem\u00e9e de mosa\u00efques color\u00e9es dans des tons rouges, jaunes, verts et bleus, \u00e9voquant le style artistique de Gaud\u00ed. La d\u00e9coration est compl\u00e9t\u00e9e par le mot \u00ab Barcelone \u00bb, avec un design ludique qui encapsule l&rsquo;essence culturelle de la ville. Id\u00e9ale pour ceux qui recherchent protection et une touche artistique pour leur t\u00e9l\u00e9phone.<\/p>\n","protected":false},"featured_media":12578,"template":"","meta":{"_acf_changed":false},"product_brand":[],"product_cat":[674],"product_tag":[],"class_list":{"0":"post-34695","1":"product","2":"type-product","3":"status-publish","4":"has-post-thumbnail","6":"product_cat-etuis-pour-telephones-portables","7":"pa_ciudad-barcelona","8":"pa_motivo-punt-de-trobada","9":"pa_pais-espana","11":"first","12":"instock","13":"shipping-taxable","14":"product-type-simple"},"acf":[],"_links":{"self":[{"href":"https:\/\/olemosaic.com\/fr\/wp-json\/wp\/v2\/product\/34695","targetHints":{"allow":["GET"]}}],"collection":[{"href":"https:\/\/olemosaic.com\/fr\/wp-json\/wp\/v2\/product"}],"about":[{"href":"https:\/\/olemosaic.com\/fr\/wp-json\/wp\/v2\/types\/product"}],"wp:featuredmedia":[{"embeddable":true,"href":"https:\/\/olemosaic.com\/fr\/wp-json\/wp\/v2\/media\/12578"}],"wp:attachment":[{"href":"https:\/\/olemosaic.com\/fr\/wp-json\/wp\/v2\/media?parent=34695"}],"wp:term":[{"taxonomy":"product_brand","embeddable":true,"href":"https:\/\/olemosaic.com\/fr\/wp-json\/wp\/v2\/product_brand?post=34695"},{"taxonomy":"product_cat","embeddable":true,"href":"https:\/\/olemosaic.com\/fr\/wp-json\/wp\/v2\/product_cat?post=34695"},{"taxonomy":"product_tag","embeddable":true,"href":"https:\/\/olemosaic.com\/fr\/wp-json\/wp\/v2\/product_tag?post=34695"}],"curies":[{"name":"wp","href":"https:\/\/api.w.org\/{rel}","templated":true}]}}