{"id":34677,"date":"2025-02-20T22:36:30","date_gmt":"2025-02-20T22:36:30","guid":{"rendered":"http:\/\/olemosaic.com\/producto\/funda-de-telefono-para-iphone-15-promax-tpu-gato-mallorca-blanco\/"},"modified":"2025-07-25T18:34:33","modified_gmt":"2025-07-25T16:34:33","slug":"coque-de-telephone-pour-iphone-15-pro-max-tpu-chat-majorque-blanc","status":"publish","type":"product","link":"https:\/\/olemosaic.com\/fr\/produit\/coque-de-telephone-pour-iphone-15-pro-max-tpu-chat-majorque-blanc\/","title":{"rendered":"Coque de t\u00e9l\u00e9phone pour iPhone 15 Pro Max (TPU). Chat. Majorque. Blanc"},"content":{"rendered":"<p>La coque pour iPhone 15 Pro Max est l&rsquo;accessoire id\u00e9al pour ceux qui souhaitent emporter un petit morceau de Majorque avec eux. Fabriqu\u00e9e en TPU de haute qualit\u00e9, cette coque prot\u00e8ge non seulement efficacement contre les chocs et les chutes, mais se distingue \u00e9galement par son illustration attrayante et color\u00e9e d&rsquo;un chat de style mosa\u00efque. Le fond blanc fait ressortir le design vibrant, qui pr\u00e9sente un chat aux tons \u00e9clatants de rouge, vert, bleu et jaune, entour\u00e9 de papillons qui ajoutent une touche de joie et de vitalit\u00e9. Ce chat est plac\u00e9 sur un effet mosa\u00efque qui \u00e9voque l&rsquo;art populaire de l&rsquo;\u00eele, faisant r\u00e9f\u00e9rence \u00e0 la riche culture majorquine.<\/p>\n<p>Le mot \u00ab\u00a0Majorque\u00a0\u00bb, \u00e9crit avec une typographie \u00e9l\u00e9gante, compl\u00e8te l&rsquo;illustration, faisant de cette coque un souvenir repr\u00e9sentatif de la r\u00e9gion. En tant qu&rsquo;article authentique de la culture bal\u00e9are, c&rsquo;est le cadeau parfait pour les touristes \u00e0 la recherche d&rsquo;objets uniques refl\u00e9tant leur voyage. Chez Ol\u00e9 Mosaic, nous nous sp\u00e9cialisons dans la distribution de souvenirs en gros, offrant des produits qui ne sont pas seulement fonctionnels, mais qui capturent \u00e9galement l&rsquo;essence des traditions locales. Cette coque chat de Majorque est une excellente option pour les boutiques de cadeaux touristiques \u00e0 la recherche d&rsquo;articles de caract\u00e8re et de pertinence culturelle.<\/p>\n","protected":false},"excerpt":{"rendered":"<p>Coque pour iPhone 15 Pro Max en TPU, orn\u00e9e d&rsquo;une illustration color\u00e9e d&rsquo;un chat de style mosa\u00efque, inspir\u00e9e de la vibrante culture majorquine. Le fond blanc fait ressortir le design, qui inclut des papillons voletant autour de lui, cr\u00e9ant une sc\u00e8ne joyeuse et artistique. Le chat, aux tons \u00e9clatants de rouge, vert, bleu et jaune, se dresse sur un effet de mosa\u00efque \u00e9voquant l&rsquo;art populaire de l&rsquo;\u00eele, accompagn\u00e9 du mot \u00ab\u00a0Majorque\u00a0\u00bb dans une typographie \u00e9l\u00e9gante.<\/p>\n","protected":false},"featured_media":12986,"template":"","meta":{"_acf_changed":false},"product_brand":[],"product_cat":[674],"product_tag":[530],"class_list":{"0":"post-34677","1":"product","2":"type-product","3":"status-publish","4":"has-post-thumbnail","6":"product_cat-etuis-pour-telephones-portables","7":"product_tag-animaux","8":"pa_ciudad-mallorca","9":"pa_motivo-chats","10":"pa_pais-espana","12":"first","13":"instock","14":"shipping-taxable","15":"product-type-simple"},"acf":[],"_links":{"self":[{"href":"https:\/\/olemosaic.com\/fr\/wp-json\/wp\/v2\/product\/34677","targetHints":{"allow":["GET"]}}],"collection":[{"href":"https:\/\/olemosaic.com\/fr\/wp-json\/wp\/v2\/product"}],"about":[{"href":"https:\/\/olemosaic.com\/fr\/wp-json\/wp\/v2\/types\/product"}],"wp:featuredmedia":[{"embeddable":true,"href":"https:\/\/olemosaic.com\/fr\/wp-json\/wp\/v2\/media\/12986"}],"wp:attachment":[{"href":"https:\/\/olemosaic.com\/fr\/wp-json\/wp\/v2\/media?parent=34677"}],"wp:term":[{"taxonomy":"product_brand","embeddable":true,"href":"https:\/\/olemosaic.com\/fr\/wp-json\/wp\/v2\/product_brand?post=34677"},{"taxonomy":"product_cat","embeddable":true,"href":"https:\/\/olemosaic.com\/fr\/wp-json\/wp\/v2\/product_cat?post=34677"},{"taxonomy":"product_tag","embeddable":true,"href":"https:\/\/olemosaic.com\/fr\/wp-json\/wp\/v2\/product_tag?post=34677"}],"curies":[{"name":"wp","href":"https:\/\/api.w.org\/{rel}","templated":true}]}}