{"id":34676,"date":"2025-02-20T22:36:30","date_gmt":"2025-02-20T22:36:30","guid":{"rendered":"http:\/\/olemosaic.com\/producto\/funda-de-telefono-para-iphone-14-promax-tpu-mosaico-azul\/"},"modified":"2025-07-26T00:10:45","modified_gmt":"2025-07-25T22:10:45","slug":"coque-de-telephone-pour-iphone-14-pro-max-tpu-mosaique-bleu","status":"publish","type":"product","link":"https:\/\/olemosaic.com\/fr\/produit\/coque-de-telephone-pour-iphone-14-pro-max-tpu-mosaique-bleu\/","title":{"rendered":"Coque de t\u00e9l\u00e9phone pour iPhone 14 Pro Max (TPU). Mosa\u00efque. Bleu"},"content":{"rendered":"<p>La coque pour iPhone 14 Pro Max est un article indispensable qui allie protection et esth\u00e9tique, fabriqu\u00e9e en TPU de haute qualit\u00e9. Son design sophistiqu\u00e9 de mosa\u00efque dans les tons bleus et blancs rend hommage \u00e0 la riche tradition de la mosa\u00efque qui pars\u00e8me la g\u00e9ographie espagnole, apportant une touche d&rsquo;\u00e9l\u00e9gance et d&rsquo;art \u00e0 votre appareil. Ce motif, qui \u00e9voque les \u0153uvres d\u00e9coratives ornant les rues et les places, est pr\u00e9sent\u00e9 de mani\u00e8re contemporaine, permettant \u00e0 la coque de non seulement r\u00e9sister aux chutes et aux chocs, mais d&rsquo;\u00eatre aussi un accessoire de style.<\/p>\n<p>La finition lisse facilite une prise en main confortable, tandis que son design mince \u00e9vite que l&rsquo;iPhone ne perde sa finesse. Cet article est parfait aussi bien pour ceux qui cherchent \u00e0 prot\u00e9ger leur t\u00e9l\u00e9phone que pour ceux qui souhaitent emporter un petit morceau de la culture espagnole avec eux. La coque est un magnifique souvenir pour les touristes visitant l&rsquo;Espagne, car elle capture l&rsquo;essence de l&rsquo;esth\u00e9tique locale.<\/p>\n<p>Chez Ol\u00e9 Mosaic, nous sommes des distributeurs de souvenirs de qualit\u00e9, et cette coque en mosa\u00efque est un choix id\u00e9al pour les boutiques de cadeaux touristiques souhaitant proposer des produits authentiques et significatifs. En tant que grossistes d&rsquo;articles de design local, nous garantissons que chaque pi\u00e8ce se distingue par son originalit\u00e9 et son lien avec la riche culture espagnole.<\/p>\n","protected":false},"excerpt":{"rendered":"<p>Coque pour iPhone 14 Pro Max fabriqu\u00e9e en TPU, avec un \u00e9l\u00e9gant design de mosa\u00efque dans les tons bleus et blancs. Elle offre une protection durable et se distingue par son style inspir\u00e9 des mosa\u00efques traditionnelles qui ornent les rues espagnoles. Sa finition lisse et contemporaine se combine avec un motif qui \u00e9voque la beaut\u00e9 de l&rsquo;art d\u00e9coratif, apportant une touche artistique et moderne \u00e0 votre appareil. Id\u00e9ale pour ceux qui recherchent style et fonctionnalit\u00e9 en un seul produit.<\/p>\n","protected":false},"featured_media":12417,"template":"","meta":{"_acf_changed":false},"product_brand":[],"product_cat":[674],"product_tag":[],"class_list":{"0":"post-34676","1":"product","2":"type-product","3":"status-publish","4":"has-post-thumbnail","6":"product_cat-etuis-pour-telephones-portables","7":"pa_motivo-mosaique","9":"first","10":"instock","11":"shipping-taxable","12":"product-type-simple"},"acf":[],"_links":{"self":[{"href":"https:\/\/olemosaic.com\/fr\/wp-json\/wp\/v2\/product\/34676","targetHints":{"allow":["GET"]}}],"collection":[{"href":"https:\/\/olemosaic.com\/fr\/wp-json\/wp\/v2\/product"}],"about":[{"href":"https:\/\/olemosaic.com\/fr\/wp-json\/wp\/v2\/types\/product"}],"wp:featuredmedia":[{"embeddable":true,"href":"https:\/\/olemosaic.com\/fr\/wp-json\/wp\/v2\/media\/12417"}],"wp:attachment":[{"href":"https:\/\/olemosaic.com\/fr\/wp-json\/wp\/v2\/media?parent=34676"}],"wp:term":[{"taxonomy":"product_brand","embeddable":true,"href":"https:\/\/olemosaic.com\/fr\/wp-json\/wp\/v2\/product_brand?post=34676"},{"taxonomy":"product_cat","embeddable":true,"href":"https:\/\/olemosaic.com\/fr\/wp-json\/wp\/v2\/product_cat?post=34676"},{"taxonomy":"product_tag","embeddable":true,"href":"https:\/\/olemosaic.com\/fr\/wp-json\/wp\/v2\/product_tag?post=34676"}],"curies":[{"name":"wp","href":"https:\/\/api.w.org\/{rel}","templated":true}]}}