{"id":34675,"date":"2025-02-20T23:36:30","date_gmt":"2025-02-20T22:36:30","guid":{"rendered":"http:\/\/olemosaic.com\/producto\/funda-de-telefono-para-iphone-14-pro-tpu-abstracto-azul-2\/"},"modified":"2025-07-25T19:32:27","modified_gmt":"2025-07-25T17:32:27","slug":"coque-de-telephone-pour-iphone-14-pro-tpu-abstrait-majorque-bleu","status":"publish","type":"product","link":"https:\/\/olemosaic.com\/fr\/produit\/coque-de-telephone-pour-iphone-14-pro-tpu-abstrait-majorque-bleu\/","title":{"rendered":"Coque de t\u00e9l\u00e9phone pour iPhone 14 Pro (TPU). Abstrait. Majorque. Bleu"},"content":{"rendered":"<p>La coque pour iPhone 14 Pro est un accessoire impressionnant qui fusionne fonctionnalit\u00e9 et style, id\u00e9al pour ceux qui souhaitent emporter un morceau de Majorque partout. Con\u00e7ue en TPU de haute qualit\u00e9, cette coque se distingue par son design abstrait et ses tons bleus vibrants qui \u00e9voquent la beaut\u00e9 de la mer M\u00e9diterran\u00e9e. Les d\u00e9tails aux couleurs chaudes ajoutent une touche dynamique et festive, transformant chaque regard en une c\u00e9l\u00e9bration de la cr\u00e9ativit\u00e9 et de l&rsquo;art local. Le motif fluide et \u00e9nergique repr\u00e9sente l&rsquo;essence de l&rsquo;\u00eele, tandis que le mot \u00ab\u00a0Majorque\u00a0\u00bb, pr\u00e9sent\u00e9 en lettres pro\u00e9minentes, renforce la connexion avec cette destination touristique embl\u00e9matique.<\/p>\n<p>Avec sa finition \u00e9l\u00e9gante, cette coque ne prot\u00e8ge pas seulement votre appareil, mais le fait avec originalit\u00e9 et un style contemporain. Id\u00e9ale comme souvenir, elle capture l&rsquo;essence culturelle de Majorque, devenant un souvenir repr\u00e9sentatif pour les touristes qui cherchent \u00e0 emporter avec eux un fragment de cette \u00eele magnifique. Chez Ol\u00e9 Mosaic, nous sommes fiers d&rsquo;\u00eatre des distributeurs de produits authentiques et de qualit\u00e9 ; cette coque est une excellente option pour les boutiques de cadeaux touristiques qui cherchent \u00e0 offrir \u00e0 leurs clients la riche culture de Majorque. Devenez grossiste de ce souvenir et d&rsquo;autres articles authentiques qui refl\u00e8tent la beaut\u00e9 du patrimoine espagnol.<\/p>\n","protected":false},"excerpt":{"rendered":"<p>Coque pour iPhone 14 Pro fabriqu\u00e9e en TPU, avec un design abstrait qui se distingue par ses tons bleus vibrants et ses d\u00e9tails aux couleurs chaudes. Cette coque pr\u00e9sente un motif dynamique et fluide qui \u00e9voque la beaut\u00e9 de Majorque, incorporant le mot \u00ab\u00a0Majorque\u00a0\u00bb en lettres pro\u00e9minentes. Sa finition \u00e9l\u00e9gante ajoute non seulement une touche artistique, mais prot\u00e8ge \u00e9galement votre appareil avec style et originalit\u00e9.<\/p>\n","protected":false},"featured_media":12964,"template":"","meta":{"_acf_changed":false},"product_brand":[],"product_cat":[674],"product_tag":[],"class_list":{"0":"post-34675","1":"product","2":"type-product","3":"status-publish","4":"has-post-thumbnail","6":"product_cat-etuis-pour-telephones-portables","7":"pa_ciudad-mallorca","8":"pa_motivo-resume","9":"pa_pais-espana","11":"first","12":"instock","13":"shipping-taxable","14":"product-type-simple"},"acf":[],"_links":{"self":[{"href":"https:\/\/olemosaic.com\/fr\/wp-json\/wp\/v2\/product\/34675","targetHints":{"allow":["GET"]}}],"collection":[{"href":"https:\/\/olemosaic.com\/fr\/wp-json\/wp\/v2\/product"}],"about":[{"href":"https:\/\/olemosaic.com\/fr\/wp-json\/wp\/v2\/types\/product"}],"wp:featuredmedia":[{"embeddable":true,"href":"https:\/\/olemosaic.com\/fr\/wp-json\/wp\/v2\/media\/12964"}],"wp:attachment":[{"href":"https:\/\/olemosaic.com\/fr\/wp-json\/wp\/v2\/media?parent=34675"}],"wp:term":[{"taxonomy":"product_brand","embeddable":true,"href":"https:\/\/olemosaic.com\/fr\/wp-json\/wp\/v2\/product_brand?post=34675"},{"taxonomy":"product_cat","embeddable":true,"href":"https:\/\/olemosaic.com\/fr\/wp-json\/wp\/v2\/product_cat?post=34675"},{"taxonomy":"product_tag","embeddable":true,"href":"https:\/\/olemosaic.com\/fr\/wp-json\/wp\/v2\/product_tag?post=34675"}],"curies":[{"name":"wp","href":"https:\/\/api.w.org\/{rel}","templated":true}]}}