{"id":34674,"date":"2025-02-20T23:36:30","date_gmt":"2025-02-20T22:36:30","guid":{"rendered":"http:\/\/olemosaic.com\/producto\/funda-de-telefono-para-iphone-14-pro-tpu-abstracto-azul\/"},"modified":"2025-07-25T18:34:38","modified_gmt":"2025-07-25T16:34:38","slug":"coque-de-telephone-pour-iphone-14-pro-tpu-abstrait-barcelone-bleu","status":"publish","type":"product","link":"https:\/\/olemosaic.com\/fr\/produit\/coque-de-telephone-pour-iphone-14-pro-tpu-abstrait-barcelone-bleu\/","title":{"rendered":"Coque de t\u00e9l\u00e9phone pour iPhone 14 Pro (TPU). Abstrait. Barcelone. Bleu"},"content":{"rendered":"<p>La coque pour iPhone 14 Pro \u00ab\u00a0Barcelone\u00a0\u00bb est un accessoire indispensable pour ceux qui souhaitent emporter un morceau de la vibrante culture catalane partout avec eux. Fabriqu\u00e9e en TPU, cette coque se distingue par son design abstrait et dynamique, utilisant une explosion de couleurs telles que le bleu, le rouge et le jaune, capturant l&rsquo;\u00e9nergie et la diversit\u00e9 de la ville. Au centre, le mot \u00ab\u00a0Barcelone\u00a0\u00bb ressort en grandes lettres stylis\u00e9es, parfaitement int\u00e9gr\u00e9 dans la composition artistique qui \u00e9voque la modernit\u00e9 et l&rsquo;esprit innovateur de la capitale catalane.<\/p>\n<p>La finition douce et flexible de ce produit offre non seulement une protection l\u00e9g\u00e8re et r\u00e9sistante pour le quotidien, mais procure \u00e9galement une exp\u00e9rience tactile agr\u00e9able, fusionnant fonctionnalit\u00e9 et style. Ce souvenir n&rsquo;est pas seulement un simple accessoire, c&rsquo;est une d\u00e9claration d&rsquo;amour pour Barcelone, id\u00e9al pour les touristes et les voyageurs \u00e0 la recherche d&rsquo;un souvenir authentique et repr\u00e9sentatif de la ville. Son lien avec le riche h\u00e9ritage culturel de la r\u00e9gion et son attrait esth\u00e9tique en font un excellent choix pour les boutiques de cadeaux touristiques. Chez Ol\u00e9 Mosaic, en tant que grossiste d&rsquo;articles de souvenirs, nous garantissons que chaque produit, y compris cette coque de t\u00e9l\u00e9phone stylis\u00e9e, refl\u00e8te l&rsquo;essence unique de son lieu d&rsquo;origine.<\/p>\n","protected":false},"excerpt":{"rendered":"<p>Coque pour iPhone 14 Pro en TPU, avec un design abstrait frappant aux couleurs vibrantes comme le bleu, le rouge et le jaune. La coque inclut le mot \u00ab\u00a0Barcelone\u00a0\u00bb en grandes lettres stylis\u00e9es, int\u00e9gr\u00e9 dans un design dynamique qui \u00e9voque l&rsquo;\u00e9nergie de la ville. Sa finition douce et flexible offre une protection l\u00e9g\u00e8re et r\u00e9sistante, id\u00e9ale pour ceux qui recherchent un accessoire moderne repr\u00e9sentant l&rsquo;esprit de la capitale catalane.<\/p>\n","protected":false},"featured_media":12382,"template":"","meta":{"_acf_changed":false},"product_brand":[],"product_cat":[674],"product_tag":[],"class_list":{"0":"post-34674","1":"product","2":"type-product","3":"status-publish","4":"has-post-thumbnail","6":"product_cat-etuis-pour-telephones-portables","7":"pa_ciudad-barcelona","8":"pa_motivo-resume","9":"pa_pais-espana","11":"first","12":"instock","13":"shipping-taxable","14":"product-type-simple"},"acf":[],"_links":{"self":[{"href":"https:\/\/olemosaic.com\/fr\/wp-json\/wp\/v2\/product\/34674","targetHints":{"allow":["GET"]}}],"collection":[{"href":"https:\/\/olemosaic.com\/fr\/wp-json\/wp\/v2\/product"}],"about":[{"href":"https:\/\/olemosaic.com\/fr\/wp-json\/wp\/v2\/types\/product"}],"wp:featuredmedia":[{"embeddable":true,"href":"https:\/\/olemosaic.com\/fr\/wp-json\/wp\/v2\/media\/12382"}],"wp:attachment":[{"href":"https:\/\/olemosaic.com\/fr\/wp-json\/wp\/v2\/media?parent=34674"}],"wp:term":[{"taxonomy":"product_brand","embeddable":true,"href":"https:\/\/olemosaic.com\/fr\/wp-json\/wp\/v2\/product_brand?post=34674"},{"taxonomy":"product_cat","embeddable":true,"href":"https:\/\/olemosaic.com\/fr\/wp-json\/wp\/v2\/product_cat?post=34674"},{"taxonomy":"product_tag","embeddable":true,"href":"https:\/\/olemosaic.com\/fr\/wp-json\/wp\/v2\/product_tag?post=34674"}],"curies":[{"name":"wp","href":"https:\/\/api.w.org\/{rel}","templated":true}]}}