{"id":34667,"date":"2025-02-20T23:36:30","date_gmt":"2025-02-20T22:36:30","guid":{"rendered":"http:\/\/olemosaic.com\/producto\/funda-de-telefono-para-iphone-13-promax-tpu-abstracto-azul-3\/"},"modified":"2025-07-25T18:55:23","modified_gmt":"2025-07-25T16:55:23","slug":"coque-de-telephone-pour-iphone-13-pro-max-tpu-abstrait-bleu-3","status":"publish","type":"product","link":"https:\/\/olemosaic.com\/fr\/produit\/coque-de-telephone-pour-iphone-13-pro-max-tpu-abstrait-bleu-3\/","title":{"rendered":"Coque de t\u00e9l\u00e9phone pour iPhone 13 Pro Max (TPU). Abstrait. Barcelone. Bleu"},"content":{"rendered":"<p>La coque pour iPhone 13 Pro Max est le compl\u00e9ment parfait pour ceux qui veulent emporter avec eux un morceau de l&rsquo;essence vibrante de Barcelone. Fabriqu\u00e9e en TPU de haute qualit\u00e9, cette coque prot\u00e8ge non seulement efficacement votre appareil, mais se distingue \u00e9galement par son design abstrait qui joue avec une gamme de couleurs vibrantes : bleus, oranges, roses et jaunes s&rsquo;entrelacent dans un motif dynamique qui capture la beaut\u00e9 et l&rsquo;esprit artistique de la cit\u00e9 comtale. Le mot \u00ab\u00a0Barcelone\u00a0\u00bb, \u00e9crit en lettres blanches avec un style moderne, s&rsquo;int\u00e8gre harmonieusement dans la composition visuelle, faisant de cet accessoire un symbole de fiert\u00e9 pour la culture et l&rsquo;art de la r\u00e9gion.<\/p>\n<p>Ce souvenir est plus qu&rsquo;une simple coque ; c&rsquo;est un excellent rappel d&rsquo;un voyage inoubliable, capturant l&rsquo;\u00e9nergie cr\u00e9ative et symbolique de Barcelone, reconnue mondialement pour ses \u0153uvres d&rsquo;art et son architecture innovantes. Chez Ol\u00e9 Mosaic, nous nous sp\u00e9cialisons dans la distribution de souvenirs en gros, et cette coque est une magnifique option pour les boutiques de cadeaux touristiques \u00e0 la recherche de produits uniques et pertinents. Avec son authenticit\u00e9 et sa connexion culturelle, c&rsquo;est le cadeau id\u00e9al pour les touristes qui souhaitent se souvenir de leur visite dans cette ville magnifique.<\/p>\n","protected":false},"excerpt":{"rendered":"<p>Coque pour iPhone 13 Pro Max en TPU, avec un design abstrait et color\u00e9 qui se distingue par ses tons vibrants de bleu, orange, rose et jaune. La coque pr\u00e9sente un motif dynamique qui \u00e9voque l&rsquo;essence artistique de Barcelone, compl\u00e9t\u00e9 par le mot \u00ab\u00a0Barcelone\u00a0\u00bb en lettres blanches de style moderne. Cet accessoire prot\u00e8ge non seulement votre appareil, mais ajoute \u00e9galement une touche de style contemporain et cr\u00e9atif.<\/p>\n","protected":false},"featured_media":12342,"template":"","meta":{"_acf_changed":false},"product_brand":[],"product_cat":[674],"product_tag":[],"class_list":{"0":"post-34667","1":"product","2":"type-product","3":"status-publish","4":"has-post-thumbnail","6":"product_cat-etuis-pour-telephones-portables","7":"pa_ciudad-barcelona","8":"pa_motivo-resume","9":"pa_pais-espana","11":"first","12":"instock","13":"shipping-taxable","14":"product-type-simple"},"acf":[],"_links":{"self":[{"href":"https:\/\/olemosaic.com\/fr\/wp-json\/wp\/v2\/product\/34667","targetHints":{"allow":["GET"]}}],"collection":[{"href":"https:\/\/olemosaic.com\/fr\/wp-json\/wp\/v2\/product"}],"about":[{"href":"https:\/\/olemosaic.com\/fr\/wp-json\/wp\/v2\/types\/product"}],"wp:featuredmedia":[{"embeddable":true,"href":"https:\/\/olemosaic.com\/fr\/wp-json\/wp\/v2\/media\/12342"}],"wp:attachment":[{"href":"https:\/\/olemosaic.com\/fr\/wp-json\/wp\/v2\/media?parent=34667"}],"wp:term":[{"taxonomy":"product_brand","embeddable":true,"href":"https:\/\/olemosaic.com\/fr\/wp-json\/wp\/v2\/product_brand?post=34667"},{"taxonomy":"product_cat","embeddable":true,"href":"https:\/\/olemosaic.com\/fr\/wp-json\/wp\/v2\/product_cat?post=34667"},{"taxonomy":"product_tag","embeddable":true,"href":"https:\/\/olemosaic.com\/fr\/wp-json\/wp\/v2\/product_tag?post=34667"}],"curies":[{"name":"wp","href":"https:\/\/api.w.org\/{rel}","templated":true}]}}