{"id":34666,"date":"2025-02-20T23:36:29","date_gmt":"2025-02-20T22:36:29","guid":{"rendered":"http:\/\/olemosaic.com\/producto\/funda-de-telefono-para-iphone-13-tpu-abstracto-verde-2\/"},"modified":"2025-07-25T20:22:32","modified_gmt":"2025-07-25T18:22:32","slug":"coque-de-telephone-pour-iphone-13-tpu-abstrait-vert-2","status":"publish","type":"product","link":"https:\/\/olemosaic.com\/fr\/produit\/coque-de-telephone-pour-iphone-13-tpu-abstrait-vert-2\/","title":{"rendered":"Coque de t\u00e9l\u00e9phone pour iPhone 13 (TPU). Abstrait. Effet marbre. Vert"},"content":{"rendered":"<p>La coque de t\u00e9l\u00e9phone pour iPhone 13 en TPU au design abstrait est un accessoire indispensable pour ceux qui recherchent la combinaison parfaite entre protection et style. Elle pr\u00e9sente un design vibrant dans les tons verts, bleus, rouges et jaunes, cr\u00e9ant un effet marbr\u00e9 frappant et unique. Cette fusion de couleurs rehausse non seulement l&rsquo;originalit\u00e9 de la coque, mais en fait \u00e9galement une pi\u00e8ce artistique id\u00e9ale pour les amateurs de modernit\u00e9 et de couleur.<\/p>\n<p>Fabriqu\u00e9e en TPU (polyur\u00e9thane thermoplastique), la coque est l\u00e9g\u00e8re et douce au toucher, offrant une protection efficace contre les chocs et les rayures que l&rsquo;appareil peut subir au quotidien. Son ajustement pr\u00e9cis pour l&rsquo;iPhone 13 garantit un acc\u00e8s facile \u00e0 tous les boutons et ports, permettant une utilisation confortable et sans restrictions. Ce design abstrait ne prot\u00e8ge pas seulement le t\u00e9l\u00e9phone, il agit \u00e9galement comme un signe distinctif de style qui refl\u00e8te la cr\u00e9ativit\u00e9 et la modernit\u00e9 de l&rsquo;utilisateur.<\/p>\n<p>La connexion culturelle de ce produit r\u00e9side dans l&rsquo;esth\u00e9tique contemporaine qu&rsquo;il repr\u00e9sente, soutenue par la tendance de personnalisation technologique. Chez Ol\u00e9 Mosaic, nous sommes fiers de proposer des souvenirs qui \u00e9quilibrent fonctionnalit\u00e9 et design, cette coque \u00e9tant une excellente option pour les boutiques de cadeaux touristiques cherchant \u00e0 satisfaire une client\u00e8le moderne. En tant que grossistes d&rsquo;accessoires technologiques, nous garantissons la qualit\u00e9 et l&rsquo;authenticit\u00e9 de chaque produit, assurant que chaque client reparte avec un morceau d&rsquo;art et de culture.<\/p>\n","protected":false},"excerpt":{"rendered":"<p>Coque de t\u00e9l\u00e9phone pour iPhone 13 en TPU avec un design abstrait et vibrant. Cette coque pr\u00e9sente une combinaison de couleurs dans les tons verts, bleus, rouges et jaunes, cr\u00e9ant un effet de marbre qui souligne son originalit\u00e9. La surface douce et l\u00e9g\u00e8re offre non seulement une protection efficace contre les chocs et les rayures, mais ajoute \u00e9galement une touche artistique \u00e0 votre appareil, id\u00e9ale pour ceux qui recherchent un style moderne et color\u00e9.<\/p>\n","protected":false},"featured_media":12283,"template":"","meta":{"_acf_changed":false},"product_brand":[],"product_cat":[674],"product_tag":[],"class_list":{"0":"post-34666","1":"product","2":"type-product","3":"status-publish","4":"has-post-thumbnail","6":"product_cat-etuis-pour-telephones-portables","7":"pa_motivo-resume","9":"first","10":"instock","11":"shipping-taxable","12":"product-type-simple"},"acf":[],"_links":{"self":[{"href":"https:\/\/olemosaic.com\/fr\/wp-json\/wp\/v2\/product\/34666","targetHints":{"allow":["GET"]}}],"collection":[{"href":"https:\/\/olemosaic.com\/fr\/wp-json\/wp\/v2\/product"}],"about":[{"href":"https:\/\/olemosaic.com\/fr\/wp-json\/wp\/v2\/types\/product"}],"wp:featuredmedia":[{"embeddable":true,"href":"https:\/\/olemosaic.com\/fr\/wp-json\/wp\/v2\/media\/12283"}],"wp:attachment":[{"href":"https:\/\/olemosaic.com\/fr\/wp-json\/wp\/v2\/media?parent=34666"}],"wp:term":[{"taxonomy":"product_brand","embeddable":true,"href":"https:\/\/olemosaic.com\/fr\/wp-json\/wp\/v2\/product_brand?post=34666"},{"taxonomy":"product_cat","embeddable":true,"href":"https:\/\/olemosaic.com\/fr\/wp-json\/wp\/v2\/product_cat?post=34666"},{"taxonomy":"product_tag","embeddable":true,"href":"https:\/\/olemosaic.com\/fr\/wp-json\/wp\/v2\/product_tag?post=34666"}],"curies":[{"name":"wp","href":"https:\/\/api.w.org\/{rel}","templated":true}]}}