{"id":34664,"date":"2025-02-20T22:36:29","date_gmt":"2025-02-20T22:36:29","guid":{"rendered":"http:\/\/olemosaic.com\/producto\/funda-de-telefono-para-iphone-12-pro-tpu-salamandra-negro\/"},"modified":"2025-07-25T20:34:33","modified_gmt":"2025-07-25T18:34:33","slug":"coque-de-telephone-pour-iphone-12-pro-tpu-salamandre-noir","status":"publish","type":"product","link":"https:\/\/olemosaic.com\/fr\/produit\/coque-de-telephone-pour-iphone-12-pro-tpu-salamandre-noir\/","title":{"rendered":"Coque de t\u00e9l\u00e9phone pour iPhone 12 Pro (TPU). Salamandre. Noir"},"content":{"rendered":"<p>La coque pour iPhone 12 Pro est une option magnifique qui allie style et protection, mettant en avant un design vibrant de salamandres qui attire instantan\u00e9ment l&rsquo;attention. Fabriqu\u00e9e en TPU, cet accessoire offre non seulement une excellente r\u00e9sistance, mais rehausse \u00e9galement la beaut\u00e9 du folklore espagnol \u00e0 travers son art color\u00e9 et d\u00e9taill\u00e9. La base noire de la coque contraste parfaitement avec les salamandres aux tons \u00e9clatants de rouge, vert et bleu, entour\u00e9es de fleurs d\u00e9licates aux couleurs vives qui apportent une esth\u00e9tique joyeuse et amusante.<\/p>\n<p>Chaque salamandre est soigneusement illustr\u00e9e, affichant un design qui \u00e9voque la riche biodiversit\u00e9 et les traditions culturelles pr\u00e9sentes dans diverses r\u00e9gions d&rsquo;Espagne. Cette faune est embl\u00e9matique de l&rsquo;art populaire, symbolisant la transformation et le renouveau, ce qui en fait un souvenir significatif et authentique. La coque est id\u00e9ale pour ceux qui recherchent un souvenir de qualit\u00e9, car elle prot\u00e8ge non seulement l&rsquo;appareil, mais offre \u00e9galement un moyen d&#8217;emporter un morceau de la culture espagnole partout avec soi.<\/p>\n<p>Ol\u00e9 Mosaic se sp\u00e9cialise dans la distribution de souvenirs en gros, proposant des produits uniques qui refl\u00e8tent l&rsquo;essence de l&rsquo;Espagne. Ce produit est un excellent choix pour les boutiques de cadeaux touristiques qui cherchent \u00e0 proposer des articles qui font la diff\u00e9rence dans leur offre. En d\u00e9finitive, cette coque de salamandres est un souvenir parfait pour ceux qui souhaitent emporter avec eux un souvenir artistique et culturel.<\/p>\n","protected":false},"excerpt":{"rendered":"<p>Coque pour iPhone 12 Pro fabriqu\u00e9e en TPU, avec un design color\u00e9 de salamandres. Cette coque noire pr\u00e9sente des salamandres aux couleurs vibrantes, accompagn\u00e9es de fleurs d\u00e9coratives dans les tons bleus et rouges, \u00e9voquant la beaut\u00e9 du folklore espagnol. L&rsquo;illustration se distingue par son d\u00e9tail soign\u00e9, ajoutant une touche artistique et amusante. Avec une finition r\u00e9sistante, elle prot\u00e8ge votre appareil tout en apportant un style unique et original.<\/p>\n","protected":false},"featured_media":13000,"template":"","meta":{"_acf_changed":false},"product_brand":[],"product_cat":[674],"product_tag":[530],"class_list":{"0":"post-34664","1":"product","2":"type-product","3":"status-publish","4":"has-post-thumbnail","6":"product_cat-etuis-pour-telephones-portables","7":"product_tag-animaux","8":"pa_motivo-salamandres","10":"first","11":"instock","12":"shipping-taxable","13":"product-type-simple"},"acf":[],"_links":{"self":[{"href":"https:\/\/olemosaic.com\/fr\/wp-json\/wp\/v2\/product\/34664","targetHints":{"allow":["GET"]}}],"collection":[{"href":"https:\/\/olemosaic.com\/fr\/wp-json\/wp\/v2\/product"}],"about":[{"href":"https:\/\/olemosaic.com\/fr\/wp-json\/wp\/v2\/types\/product"}],"wp:featuredmedia":[{"embeddable":true,"href":"https:\/\/olemosaic.com\/fr\/wp-json\/wp\/v2\/media\/13000"}],"wp:attachment":[{"href":"https:\/\/olemosaic.com\/fr\/wp-json\/wp\/v2\/media?parent=34664"}],"wp:term":[{"taxonomy":"product_brand","embeddable":true,"href":"https:\/\/olemosaic.com\/fr\/wp-json\/wp\/v2\/product_brand?post=34664"},{"taxonomy":"product_cat","embeddable":true,"href":"https:\/\/olemosaic.com\/fr\/wp-json\/wp\/v2\/product_cat?post=34664"},{"taxonomy":"product_tag","embeddable":true,"href":"https:\/\/olemosaic.com\/fr\/wp-json\/wp\/v2\/product_tag?post=34664"}],"curies":[{"name":"wp","href":"https:\/\/api.w.org\/{rel}","templated":true}]}}