{"id":34663,"date":"2025-02-20T23:36:29","date_gmt":"2025-02-20T22:36:29","guid":{"rendered":"http:\/\/olemosaic.com\/producto\/funda-de-telefono-para-iphone-11-promax-tpu-abstracto-negro-2\/"},"modified":"2025-07-25T18:55:57","modified_gmt":"2025-07-25T16:55:57","slug":"coque-de-telephone-pour-iphone-11-promax-tpu-abstrait-noir-2","status":"publish","type":"product","link":"https:\/\/olemosaic.com\/fr\/produit\/coque-de-telephone-pour-iphone-11-promax-tpu-abstrait-noir-2\/","title":{"rendered":"Coque de t\u00e9l\u00e9phone pour iPhone 11 Promax (TPU). Abstrait. Motif nuages. Noir"},"content":{"rendered":"<p>La coque pour iPhone 11 Pro Max est une option moderne et fonctionnelle qui combine protection et style. Fabriqu\u00e9e en TPU, cet accessoire se distingue par son design abstrait qui \u00e9voque l&rsquo;essence de l&rsquo;art contemporain. Le fond noir rehausse un effet visuel impressionnant compos\u00e9 de nuages aux couleurs intenses, o\u00f9 pr\u00e9dominent les tons bleus, roses et oranges. Ce design attrayant ne donne pas seulement une touche unique \u00e0 votre appareil, mais refl\u00e8te \u00e9galement une esth\u00e9tique fra\u00eeche et vibrante qui attirera s\u00fbrement l&rsquo;attention.<\/p>\n<p>La coque n&rsquo;est pas seulement visuellement percutante, son mat\u00e9riau flexible offre une protection exceptionnelle contre les chocs et les rayures, assurant que votre iPhone 11 Pro Max soit toujours en s\u00e9curit\u00e9. Son ajustement parfait permet un acc\u00e8s facile aux ports et boutons, ce qui ajoute du confort \u00e0 son utilisation quotidienne. Ce produit devient un souvenir id\u00e9al pour ceux qui souhaitent emporter une pi\u00e8ce de design contemporain d&rsquo;Espagne, fusionnant art et fonctionnalit\u00e9 en un seul objet.<\/p>\n<p>Chez Ol\u00e9 Mosaic, nous nous sp\u00e9cialisons dans la distribution d&rsquo;accessoires et de souvenirs de haute qualit\u00e9, et cette coque de t\u00e9l\u00e9phone se distingue comme une option parfaite pour les boutiques de cadeaux touristiques \u00e0 la recherche de produits uniques et pertinents. En tant que grossistes d&rsquo;accessoires, nous garantissons l&rsquo;authenticit\u00e9 et le design de chaque article. D\u00e9couvrez le meilleur des souvenirs modernes avec cette coque exclusive !<\/p>\n","protected":false},"excerpt":{"rendered":"<p>Coque de t\u00e9l\u00e9phone pour iPhone 11 Pro Max, fabriqu\u00e9e en TPU, avec un design abstrait dans des tons noirs et vibrants. La coque pr\u00e9sente un effet visuel impressionnant qui combine des nuages de couleurs intenses comme le bleu, le rose et l&rsquo;orange, cr\u00e9ant une esth\u00e9tique moderne et artistique. Son mat\u00e9riau flexible offre une excellente protection contre les chocs et les rayures, tandis que son design unique garantit que votre t\u00e9l\u00e9phone se d\u00e9marque avec une touche contemporaine et originale.<\/p>\n","protected":false},"featured_media":12213,"template":"","meta":{"_acf_changed":false},"product_brand":[],"product_cat":[674],"product_tag":[],"class_list":{"0":"post-34663","1":"product","2":"type-product","3":"status-publish","4":"has-post-thumbnail","6":"product_cat-etuis-pour-telephones-portables","7":"pa_motivo-resume","9":"first","10":"instock","11":"shipping-taxable","12":"product-type-simple"},"acf":[],"_links":{"self":[{"href":"https:\/\/olemosaic.com\/fr\/wp-json\/wp\/v2\/product\/34663","targetHints":{"allow":["GET"]}}],"collection":[{"href":"https:\/\/olemosaic.com\/fr\/wp-json\/wp\/v2\/product"}],"about":[{"href":"https:\/\/olemosaic.com\/fr\/wp-json\/wp\/v2\/types\/product"}],"wp:featuredmedia":[{"embeddable":true,"href":"https:\/\/olemosaic.com\/fr\/wp-json\/wp\/v2\/media\/12213"}],"wp:attachment":[{"href":"https:\/\/olemosaic.com\/fr\/wp-json\/wp\/v2\/media?parent=34663"}],"wp:term":[{"taxonomy":"product_brand","embeddable":true,"href":"https:\/\/olemosaic.com\/fr\/wp-json\/wp\/v2\/product_brand?post=34663"},{"taxonomy":"product_cat","embeddable":true,"href":"https:\/\/olemosaic.com\/fr\/wp-json\/wp\/v2\/product_cat?post=34663"},{"taxonomy":"product_tag","embeddable":true,"href":"https:\/\/olemosaic.com\/fr\/wp-json\/wp\/v2\/product_tag?post=34663"}],"curies":[{"name":"wp","href":"https:\/\/api.w.org\/{rel}","templated":true}]}}