{"id":34662,"date":"2025-02-20T22:36:29","date_gmt":"2025-02-20T22:36:29","guid":{"rendered":"http:\/\/olemosaic.com\/producto\/funda-de-telefono-para-iphone-11-pro-tpu-mariposa-barcelona-blanco\/"},"modified":"2025-07-25T19:50:19","modified_gmt":"2025-07-25T17:50:19","slug":"coque-de-telephone-pour-iphone-11-pro-tpu-papillon-barcelone-blanc","status":"publish","type":"product","link":"https:\/\/olemosaic.com\/fr\/produit\/coque-de-telephone-pour-iphone-11-pro-tpu-papillon-barcelone-blanc\/","title":{"rendered":"Coque de t\u00e9l\u00e9phone pour iPhone 11 Pro (TPU). Papillon. Barcelone. Blanc"},"content":{"rendered":"<p>La coque pour iPhone 11 Pro est un accessoire indispensable qui allie fonctionnalit\u00e9 et style, orn\u00e9e d&rsquo;un design vibrant de papillons qui encapsule la cr\u00e9ativit\u00e9 et les couleurs caract\u00e9ristiques de Barcelone. Fabriqu\u00e9e en TPU, cette protection l\u00e9g\u00e8re mais r\u00e9sistante offre une couverture compl\u00e8te, prot\u00e9geant votre appareil des chocs et des rayures. La base blanche, fra\u00eeche et moderne, est compl\u00e9t\u00e9e \u00e0 la perfection par une mosa\u00efque dans des tons rouges et bleus, \u00e9voquant l&rsquo;architecture moderniste embl\u00e9matique qui d\u00e9finit la capitale catalane. Ce design n&rsquo;est pas seulement visuellement attrayant, il renvoie \u00e9galement \u00e0 l&rsquo;\u0153uvre de grands ma\u00eetres comme Gaud\u00ed, c\u00e9l\u00e8bre pour son utilisation de la couleur et de la forme.<\/p>\n<p>Les papillons, d\u00e9licieusement peints avec des d\u00e9tails aux couleurs vives et des motifs complexes, semblent prendre vie et refl\u00e8tent la diversit\u00e9 et la beaut\u00e9 de la nature que l&rsquo;on trouve au Parc de la Ciutadella. Cette coque, en tant que souvenir embl\u00e9matique de Barcelone, est parfaite pour les touristes qui souhaitent emporter un morceau de la culture catalane chez eux, en plus d&rsquo;\u00eatre un excellent cadeau pour les amateurs d&rsquo;art et d&rsquo;architecture. Chez Ol\u00e9 Mosaic, en tant que distributeurs d&rsquo;accessoires en gros, nous proposons des produits authentiques qui se distinguent par leur qualit\u00e9 et leur design, id\u00e9aux pour les boutiques de cadeaux touristiques. Cette coque de t\u00e9l\u00e9phone est, sans aucun doute, une excellente option pour ceux qui recherchent des souvenirs uniques avec une connexion culturelle significative.<\/p>\n","protected":false},"excerpt":{"rendered":"<p>Coque pour iPhone 11 Pro en TPU, d\u00e9cor\u00e9e d&rsquo;un design vibrant de papillons repr\u00e9sentant la cr\u00e9ativit\u00e9 et les couleurs de Barcelone. La base blanche est compl\u00e9t\u00e9e par une mosa\u00efque dans des tons rouges et bleus, \u00e9voquant l&rsquo;architecture moderniste de la ville. Chaque papillon, peint avec des d\u00e9tails aux couleurs vives et des motifs complexes, offre une protection \u00e9l\u00e9gante et stylis\u00e9e pour votre appareil, id\u00e9ale pour les amoureux de la culture catalane.<\/p>\n","protected":false},"featured_media":12157,"template":"","meta":{"_acf_changed":false},"product_brand":[],"product_cat":[674],"product_tag":[530],"class_list":{"0":"post-34662","1":"product","2":"type-product","3":"status-publish","4":"has-post-thumbnail","6":"product_cat-etuis-pour-telephones-portables","7":"product_tag-animaux","8":"pa_ciudad-barcelona","9":"pa_motivo-papillons","10":"pa_pais-espana","12":"first","13":"instock","14":"shipping-taxable","15":"product-type-simple"},"acf":[],"_links":{"self":[{"href":"https:\/\/olemosaic.com\/fr\/wp-json\/wp\/v2\/product\/34662","targetHints":{"allow":["GET"]}}],"collection":[{"href":"https:\/\/olemosaic.com\/fr\/wp-json\/wp\/v2\/product"}],"about":[{"href":"https:\/\/olemosaic.com\/fr\/wp-json\/wp\/v2\/types\/product"}],"wp:featuredmedia":[{"embeddable":true,"href":"https:\/\/olemosaic.com\/fr\/wp-json\/wp\/v2\/media\/12157"}],"wp:attachment":[{"href":"https:\/\/olemosaic.com\/fr\/wp-json\/wp\/v2\/media?parent=34662"}],"wp:term":[{"taxonomy":"product_brand","embeddable":true,"href":"https:\/\/olemosaic.com\/fr\/wp-json\/wp\/v2\/product_brand?post=34662"},{"taxonomy":"product_cat","embeddable":true,"href":"https:\/\/olemosaic.com\/fr\/wp-json\/wp\/v2\/product_cat?post=34662"},{"taxonomy":"product_tag","embeddable":true,"href":"https:\/\/olemosaic.com\/fr\/wp-json\/wp\/v2\/product_tag?post=34662"}],"curies":[{"name":"wp","href":"https:\/\/api.w.org\/{rel}","templated":true}]}}