{"id":34661,"date":"2025-02-20T22:36:29","date_gmt":"2025-02-20T22:36:29","guid":{"rendered":"http:\/\/olemosaic.com\/producto\/funda-de-telefono-para-iphone-11-tpu-salamandra-barcelona-blanco\/"},"modified":"2025-07-25T19:35:04","modified_gmt":"2025-07-25T17:35:04","slug":"coque-de-telephone-pour-iphone-11-tpu-salamandre-barcelone-blanc","status":"publish","type":"product","link":"https:\/\/olemosaic.com\/fr\/produit\/coque-de-telephone-pour-iphone-11-tpu-salamandre-barcelone-blanc\/","title":{"rendered":"Coque de t\u00e9l\u00e9phone pour iPhone 11 (TPU). Salamandre. Barcelone. Blanc"},"content":{"rendered":"<p>La coque pour iPhone 11 est une fusion de fonctionnalit\u00e9 et d&rsquo;art, id\u00e9ale pour ceux qui souhaitent emporter un morceau de Barcelone toujours avec eux. Fabriqu\u00e9e en TPU de haute qualit\u00e9, cette coque offre une protection efficace contre les chocs et les rayures, assurant que votre appareil reste en parfait \u00e9tat. Son design vibrant pr\u00e9sente des salamandres et des fleurs qui \u00e9voquent le style moderniste incomparable de la cit\u00e9 comtale. Le fond blanc, d\u00e9cor\u00e9 de d\u00e9tails en mosa\u00efque rappelant les \u0153uvres fantastiques d&rsquo;Antoni Gaud\u00ed, offre un contraste id\u00e9al qui rehausse la beaut\u00e9 de chaque \u00e9l\u00e9ment graphique.<\/p>\n<p>Les salamandres, repr\u00e9sent\u00e9es dans des couleurs intenses comme le bleu, le vert et le rouge, ainsi que les fleurs qui apportent une touche fra\u00eeche et joyeuse, font de cette coque un accessoire frappant et unique. De plus, le texte \u00ab\u00a0Barcelone\u00a0\u00bb dans un style joyeux et color\u00e9 ajoute une touche personnelle et authentique, en faisant un excellent souvenir pour les touristes \u00e0 la recherche d&rsquo;articles repr\u00e9sentatifs de la ville.<\/p>\n<p>Ce produit n&rsquo;est pas seulement un excellent moyen de prot\u00e9ger votre iPhone, c&rsquo;est aussi un symbole de la riche culture artistique de Barcelone. Chez Ol\u00e9 Mosaic, en tant que grossiste de souvenirs, nous proposons des produits qui c\u00e9l\u00e8brent l&rsquo;identit\u00e9 locale, et cette coque est un choix parfait pour les boutiques de cadeaux touristiques recherchant des articles de qualit\u00e9 et de design.<\/p>\n","protected":false},"excerpt":{"rendered":"<p>Coque pour iPhone 11 en TPU avec un design vibrant de salamandres et de fleurs, inspir\u00e9 du modernisme barcelonais. Cet accessoire pr\u00e9sente un fond blanc avec des d\u00e9tails de mosa\u00efque qui \u00e9voquent l&rsquo;essence du Parc G\u00fcell. Les salamandres, aux couleurs intenses et frappantes, se d\u00e9tachent sur le fond, tandis que le texte \u00ab\u00a0Barcelone\u00a0\u00bb ajoute une touche personnelle. Id\u00e9al pour ceux qui cherchent \u00e0 combiner protection et style.<\/p>\n","protected":false},"featured_media":12134,"template":"","meta":{"_acf_changed":false},"product_brand":[],"product_cat":[674],"product_tag":[530],"class_list":{"0":"post-34661","1":"product","2":"type-product","3":"status-publish","4":"has-post-thumbnail","6":"product_cat-etuis-pour-telephones-portables","7":"product_tag-animaux","8":"pa_ciudad-barcelona","9":"pa_motivo-salamandres","10":"pa_pais-espana","12":"first","13":"instock","14":"shipping-taxable","15":"product-type-simple"},"acf":[],"_links":{"self":[{"href":"https:\/\/olemosaic.com\/fr\/wp-json\/wp\/v2\/product\/34661","targetHints":{"allow":["GET"]}}],"collection":[{"href":"https:\/\/olemosaic.com\/fr\/wp-json\/wp\/v2\/product"}],"about":[{"href":"https:\/\/olemosaic.com\/fr\/wp-json\/wp\/v2\/types\/product"}],"wp:featuredmedia":[{"embeddable":true,"href":"https:\/\/olemosaic.com\/fr\/wp-json\/wp\/v2\/media\/12134"}],"wp:attachment":[{"href":"https:\/\/olemosaic.com\/fr\/wp-json\/wp\/v2\/media?parent=34661"}],"wp:term":[{"taxonomy":"product_brand","embeddable":true,"href":"https:\/\/olemosaic.com\/fr\/wp-json\/wp\/v2\/product_brand?post=34661"},{"taxonomy":"product_cat","embeddable":true,"href":"https:\/\/olemosaic.com\/fr\/wp-json\/wp\/v2\/product_cat?post=34661"},{"taxonomy":"product_tag","embeddable":true,"href":"https:\/\/olemosaic.com\/fr\/wp-json\/wp\/v2\/product_tag?post=34661"}],"curies":[{"name":"wp","href":"https:\/\/api.w.org\/{rel}","templated":true}]}}