{"id":34660,"date":"2025-02-20T22:36:29","date_gmt":"2025-02-20T22:36:29","guid":{"rendered":"http:\/\/olemosaic.com\/producto\/funda-de-telefono-para-iphone-11-tpu-salamandra-mallorca-blanco\/"},"modified":"2025-07-25T19:49:58","modified_gmt":"2025-07-25T17:49:58","slug":"coque-de-telephone-pour-iphone-11-tpu-salamandre-majorque-blanc","status":"publish","type":"product","link":"https:\/\/olemosaic.com\/fr\/produit\/coque-de-telephone-pour-iphone-11-tpu-salamandre-majorque-blanc\/","title":{"rendered":"Coque de t\u00e9l\u00e9phone pour iPhone 11 (TPU). Salamandre. Majorque. Blanc"},"content":{"rendered":"<p>La coque pour iPhone 11 est un accessoire indispensable qui allie style et protection. D\u00e9cor\u00e9e d&rsquo;une illustration vibrante de salamandres et de fleurs, elle rend hommage \u00e0 la riche culture de Majorque. Fabriqu\u00e9e en TPU de haute r\u00e9sistance, cette coque prot\u00e8ge non seulement efficacement contre les chocs et les chutes, mais pr\u00e9sente \u00e9galement un design captivant qui souligne son caract\u00e8re artistique. Le fond blanc est compl\u00e9t\u00e9 par un subtil effet mosa\u00efque, une r\u00e9f\u00e9rence visuelle aux traditions de l&rsquo;art m\u00e9diterran\u00e9en, tandis que les salamandres color\u00e9es en bleu, rouge et vert donnent vie \u00e0 la pi\u00e8ce avec leur \u00e9nergie. Le nom \u00ab\u00a0Majorque\u00a0\u00bb appara\u00eet dans un style moderne et frappant, apportant une touche quotidienne d&rsquo;\u00e9l\u00e9gance.<\/p>\n<p>Ce souvenir est une repr\u00e9sentation authentique de l&rsquo;identit\u00e9 majorquine, ce qui en fait un excellent d\u00e9tail pour les touristes cherchant \u00e0 emporter un souvenir de cette belle \u00eele. La salamandre, symbole de transformation et de r\u00e9silience, renforce la connexion culturelle de ce produit avec la r\u00e9gion. Chez Ol\u00e9 Mosaic, nous nous sp\u00e9cialisons dans l&rsquo;offre de souvenirs authentiques et exclusifs, et cette coque n&rsquo;est pas seulement fonctionnelle, elle permet \u00e9galement aux utilisateurs d&rsquo;arborer un fragment de l&rsquo;art et de la nature de Majorque au quotidien. Elle est id\u00e9ale pour les boutiques de cadeaux touristiques, car elle garantit qualit\u00e9 et pertinence culturelle.<\/p>\n","protected":false},"excerpt":{"rendered":"<p>Coque pour iPhone 11 fabriqu\u00e9e en TPU, d\u00e9cor\u00e9e d&rsquo;une illustration vibrante de salamandres et de fleurs, inspir\u00e9e de la culture de Majorque. Ce design pr\u00e9sente un fond blanc avec un subtil effet mosa\u00efque qui fait ressortir les figures color\u00e9es en bleu, rouge et vert. Le nom \u00ab Majorque \u00bb appara\u00eet dans un style moderne et accrocheur, faisant de cette coque une option attrayante et unique pour prot\u00e9ger votre appareil tout en ajoutant une touche d&rsquo;art m\u00e9diterran\u00e9en \u00e0 votre quotidien.<\/p>\n","protected":false},"featured_media":13375,"template":"","meta":{"_acf_changed":false},"product_brand":[],"product_cat":[674],"product_tag":[530],"class_list":{"0":"post-34660","1":"product","2":"type-product","3":"status-publish","4":"has-post-thumbnail","6":"product_cat-etuis-pour-telephones-portables","7":"product_tag-animaux","8":"pa_ciudad-mallorca","9":"pa_motivo-salamandres","10":"pa_pais-espana","12":"first","13":"instock","14":"shipping-taxable","15":"product-type-simple"},"acf":[],"_links":{"self":[{"href":"https:\/\/olemosaic.com\/fr\/wp-json\/wp\/v2\/product\/34660","targetHints":{"allow":["GET"]}}],"collection":[{"href":"https:\/\/olemosaic.com\/fr\/wp-json\/wp\/v2\/product"}],"about":[{"href":"https:\/\/olemosaic.com\/fr\/wp-json\/wp\/v2\/types\/product"}],"wp:featuredmedia":[{"embeddable":true,"href":"https:\/\/olemosaic.com\/fr\/wp-json\/wp\/v2\/media\/13375"}],"wp:attachment":[{"href":"https:\/\/olemosaic.com\/fr\/wp-json\/wp\/v2\/media?parent=34660"}],"wp:term":[{"taxonomy":"product_brand","embeddable":true,"href":"https:\/\/olemosaic.com\/fr\/wp-json\/wp\/v2\/product_brand?post=34660"},{"taxonomy":"product_cat","embeddable":true,"href":"https:\/\/olemosaic.com\/fr\/wp-json\/wp\/v2\/product_cat?post=34660"},{"taxonomy":"product_tag","embeddable":true,"href":"https:\/\/olemosaic.com\/fr\/wp-json\/wp\/v2\/product_tag?post=34660"}],"curies":[{"name":"wp","href":"https:\/\/api.w.org\/{rel}","templated":true}]}}