{"id":34638,"date":"2025-02-20T23:36:27","date_gmt":"2025-02-20T22:36:27","guid":{"rendered":"http:\/\/olemosaic.com\/producto\/bola-de-navidad-con-caja-panoramica-bilbao-3\/"},"modified":"2025-07-25T18:44:24","modified_gmt":"2025-07-25T16:44:24","slug":"boule-de-noel-avec-boite-panoramique-bilbao-3","status":"publish","type":"product","link":"https:\/\/olemosaic.com\/fr\/produit\/boule-de-noel-avec-boite-panoramique-bilbao-3\/","title":{"rendered":"Boule de No\u00ebl avec bo\u00eete. Panoramique. Guggenheim. Bilbao."},"content":{"rendered":"<p>La boule de No\u00ebl avec bo\u00eete repr\u00e9sente une vue panoramique color\u00e9e de Bilbao, ce qui en fait un ornement festif id\u00e9al pour cette saison. Ce souvenir exquis en c\u00e9ramique illustre l&rsquo;architecture embl\u00e9matique de la ville, mettant en avant des monuments iconiques tels que le c\u00e9l\u00e8bre mus\u00e9e Guggenheim et l&rsquo;\u00e9glise de San Ant\u00f3n. Avec une mosa\u00efque vibrante combinant des tons jaunes, verts et bleus, cette boule capture l&rsquo;essence du paysage urbain de Bilbao, faisant de chaque regard sur cette pi\u00e8ce \u00e9vocatrice un voyage au c\u0153ur de la ville.<\/p>\n<p>La boule est d\u00e9licatement orn\u00e9e d&rsquo;un ruban rose qui, en plus d&rsquo;ajouter une touche \u00e9l\u00e9gante, en fait un cadeau id\u00e9al \u00e0 suspendre au sapin de No\u00ebl. Ce souvenir de Bilbao n&rsquo;est pas seulement un ornement, mais un v\u00e9ritable rappel des merveilles de la ville, id\u00e9al pour ceux qui souhaitent emporter avec eux un morceau de cette culture riche et vibrante.<\/p>\n<p>Chez Ol\u00e9 Mosaic, nous sommes distributeurs de souvenirs en gros et proposons des produits authentiques qui refl\u00e8tent le patrimoine culturel de l&rsquo;Espagne. Cette boule de No\u00ebl n&rsquo;est pas seulement un magnifique ornement, mais une excellente option pour les boutiques de cadeaux touristiques \u00e0 la recherche d&rsquo;articles repr\u00e9sentatifs et de qualit\u00e9.<\/p>\n","protected":false},"excerpt":{"rendered":"<p>Boule de No\u00ebl avec bo\u00eete, repr\u00e9sentant la vue panoramique de Bilbao. Cet ornement festif en c\u00e9ramique comprend un design color\u00e9 illustrant l&rsquo;architecture iconique de la ville, comme le c\u00e9l\u00e8bre Guggenheim et l&rsquo;\u00e9glise de San Ant\u00f3n, accompagn\u00e9s d&rsquo;une mosa\u00efque vibrante dans les tons jaunes, verts et bleus. Elle pr\u00e9sente un ruban rose pour la suspendre, ce qui en fait une pi\u00e8ce id\u00e9ale pour d\u00e9corer votre sapin de No\u00ebl et se souvenir de la splendeur de Bilbao chaque ann\u00e9e.<\/p>\n","protected":false},"featured_media":9858,"template":"","meta":{"_acf_changed":false},"product_brand":[],"product_cat":[659],"product_tag":[646],"class_list":{"0":"post-34638","1":"product","2":"type-product","3":"status-publish","4":"has-post-thumbnail","6":"product_cat-boules-de-noel","7":"product_tag-noel","8":"pa_ciudad-bilbao","9":"pa_motivo-panoramas","10":"pa_pais-espana","12":"first","13":"instock","14":"shipping-taxable","15":"product-type-simple"},"acf":[],"_links":{"self":[{"href":"https:\/\/olemosaic.com\/fr\/wp-json\/wp\/v2\/product\/34638","targetHints":{"allow":["GET"]}}],"collection":[{"href":"https:\/\/olemosaic.com\/fr\/wp-json\/wp\/v2\/product"}],"about":[{"href":"https:\/\/olemosaic.com\/fr\/wp-json\/wp\/v2\/types\/product"}],"wp:featuredmedia":[{"embeddable":true,"href":"https:\/\/olemosaic.com\/fr\/wp-json\/wp\/v2\/media\/9858"}],"wp:attachment":[{"href":"https:\/\/olemosaic.com\/fr\/wp-json\/wp\/v2\/media?parent=34638"}],"wp:term":[{"taxonomy":"product_brand","embeddable":true,"href":"https:\/\/olemosaic.com\/fr\/wp-json\/wp\/v2\/product_brand?post=34638"},{"taxonomy":"product_cat","embeddable":true,"href":"https:\/\/olemosaic.com\/fr\/wp-json\/wp\/v2\/product_cat?post=34638"},{"taxonomy":"product_tag","embeddable":true,"href":"https:\/\/olemosaic.com\/fr\/wp-json\/wp\/v2\/product_tag?post=34638"}],"curies":[{"name":"wp","href":"https:\/\/api.w.org\/{rel}","templated":true}]}}