{"id":34637,"date":"2025-02-20T22:36:27","date_gmt":"2025-02-20T22:36:27","guid":{"rendered":"http:\/\/olemosaic.com\/producto\/funda-de-telefono-para-iphone-12-pro-tpu-salamandra-barcelona-negro\/"},"modified":"2025-07-25T18:57:30","modified_gmt":"2025-07-25T16:57:30","slug":"coque-de-telephone-pour-iphone-12-pro-tpu-salamandre-barcelone-noir","status":"publish","type":"product","link":"https:\/\/olemosaic.com\/fr\/produit\/coque-de-telephone-pour-iphone-12-pro-tpu-salamandre-barcelone-noir\/","title":{"rendered":"Coque de t\u00e9l\u00e9phone pour iPhone 12 Pro (TPU). Salamandre. Barcelone. Noir"},"content":{"rendered":"<p>La coque pour iPhone 12 Pro est un accessoire indispensable qui fusionne style et protection, inspir\u00e9 par la culture vibrante de Barcelone. Fabriqu\u00e9e en mat\u00e9riau TPU de haute qualit\u00e9, cette coque se distingue par son design captivant orn\u00e9 de salamandres et de fleurs color\u00e9es, un hommage \u00e0 la riche flore et faune de la r\u00e9gion. Sur un fond noir \u00e9l\u00e9gant, les salamandres, peintes dans des tons bleus, verts, rouges et jaunes, apportent une touche de joie et d&rsquo;originalit\u00e9 qui refl\u00e8te l&rsquo;essence artistique de la ville. Les d\u00e9tails de chaque salamandre sont complexes, montrant \u00e0 la fois la tradition et la modernit\u00e9 qui caract\u00e9risent Barcelone.<\/p>\n<p>En plus de son attrait visuel, cette coque offre une excellente protection contre les chutes et les rayures, assurant la s\u00e9curit\u00e9 de votre appareil pendant que vous vous promenez en ville ou profitez d&rsquo;une journ\u00e9e de tourisme. Ce produit n&rsquo;est pas seulement une protection pratique, sino aussi un sujet de conversation, permettant aux touristes d&#8217;emporter un fragment de la culture barcelonaise partout avec eux. Chez Ol\u00e9 Mosaic, en tant que grossistes d&rsquo;accessoires authentiques, nous proposons cette coque comme l&rsquo;option parfaite pour les boutiques de cadeaux touristiques \u00e0 la recherche de souvenirs alliant fonctionnalit\u00e9 et repr\u00e9sentation culturelle. Sans aucun doute, un cadeau id\u00e9al pour ceux qui souhaitent se souvenir de leur visite \u00e0 Barcelone avec une touche de style.<\/p>\n","protected":false},"excerpt":{"rendered":"<p>Coque pour iPhone 12 Pro fabriqu\u00e9e en TPU, d\u00e9cor\u00e9e de salamandres et de fleurs color\u00e9es, inspir\u00e9e par la culture vibrante de Barcelone. Le design se distingue par ses motifs dans des tons bleus, verts, rouges et jaunes, qui apportent joie et originalit\u00e9. Avec un fond noir \u00e9l\u00e9gant, la coque est non seulement attrayante, mais elle prot\u00e8ge et stylise \u00e9galement le t\u00e9l\u00e9phone, devenant un accessoire id\u00e9al pour les amoureux de cette ville embl\u00e9matique.<\/p>\n","protected":false},"featured_media":12252,"template":"","meta":{"_acf_changed":false},"product_brand":[],"product_cat":[674],"product_tag":[530],"class_list":{"0":"post-34637","1":"product","2":"type-product","3":"status-publish","4":"has-post-thumbnail","6":"product_cat-etuis-pour-telephones-portables","7":"product_tag-animaux","8":"pa_ciudad-barcelona","9":"pa_motivo-salamandres","10":"pa_pais-espana","12":"first","13":"instock","14":"shipping-taxable","15":"product-type-simple"},"acf":[],"_links":{"self":[{"href":"https:\/\/olemosaic.com\/fr\/wp-json\/wp\/v2\/product\/34637","targetHints":{"allow":["GET"]}}],"collection":[{"href":"https:\/\/olemosaic.com\/fr\/wp-json\/wp\/v2\/product"}],"about":[{"href":"https:\/\/olemosaic.com\/fr\/wp-json\/wp\/v2\/types\/product"}],"wp:featuredmedia":[{"embeddable":true,"href":"https:\/\/olemosaic.com\/fr\/wp-json\/wp\/v2\/media\/12252"}],"wp:attachment":[{"href":"https:\/\/olemosaic.com\/fr\/wp-json\/wp\/v2\/media?parent=34637"}],"wp:term":[{"taxonomy":"product_brand","embeddable":true,"href":"https:\/\/olemosaic.com\/fr\/wp-json\/wp\/v2\/product_brand?post=34637"},{"taxonomy":"product_cat","embeddable":true,"href":"https:\/\/olemosaic.com\/fr\/wp-json\/wp\/v2\/product_cat?post=34637"},{"taxonomy":"product_tag","embeddable":true,"href":"https:\/\/olemosaic.com\/fr\/wp-json\/wp\/v2\/product_tag?post=34637"}],"curies":[{"name":"wp","href":"https:\/\/api.w.org\/{rel}","templated":true}]}}