{"id":34636,"date":"2025-02-20T23:36:27","date_gmt":"2025-02-20T22:36:27","guid":{"rendered":"http:\/\/olemosaic.com\/producto\/6-vasos-de-chupito-de-vidrio-metalizado-9\/"},"modified":"2025-07-25T22:39:54","modified_gmt":"2025-07-25T20:39:54","slug":"6-verres-a-shot-en-verre-metallise-9","status":"publish","type":"product","link":"https:\/\/olemosaic.com\/fr\/produit\/6-verres-a-shot-en-verre-metallise-9\/","title":{"rendered":"6 verres \u00e0 shot en verre m\u00e9tallis\u00e9. Sagrada Familia. Barcelone."},"content":{"rendered":"<p>Ensemble de 6 verres \u00e0 shot en verre m\u00e9tallis\u00e9 avec des illustrations de la Sagrada Familia. Cet ensemble unique et color\u00e9 est un hommage \u00e0 l&rsquo;\u0153uvre magnifique de l&rsquo;architecte Antoni Gaud\u00ed, symbolisant l&rsquo;essence de Barcelone. Chaque verre pr\u00e9sente une finition m\u00e9tallis\u00e9e vibrante dans des tons de violet, bleu, jaune, rouge, vert et bleu ciel, renfor\u00e7ant son attrait visuel et en faisant un \u00e9l\u00e9ment parfait pour animer toute c\u00e9l\u00e9bration. L&rsquo;illustration de la Sagrada Familia, finement d\u00e9taill\u00e9e, capture la majest\u00e9 de ce monument embl\u00e9matique, invitant les touristes \u00e0 emporter un morceau de l&rsquo;architecture catalane chez eux.<\/p>\n<p>Ces verres \u00e0 shot ne sont pas seulement pratiques pour servir des boissons, ils servent \u00e9galement d&rsquo;excellents souvenirs de Barcelone, id\u00e9aux pour partager un toast sp\u00e9cial entre amis. Leur design contemporain s&rsquo;adapte \u00e0 diverses occasions, des f\u00eates informelles aux r\u00e9unions \u00e9l\u00e9gantes, et leur facilit\u00e9 de nettoyage en fait une option pratique pour un usage quotidien. Chez Ol\u00e9 Mosaic, nous nous sp\u00e9cialisons dans la distribution de souvenirs en gros, offrant des produits authentiques qui c\u00e9l\u00e8brent la culture espagnole. Cette collection de verres est un choix id\u00e9al pour les boutiques de cadeaux touristiques cherchant des articles mettant en valeur le riche patrimoine culturel de Barcelone. En tant que grossistes de souvenirs, nous garantissons la qualit\u00e9 et l&rsquo;authenticit\u00e9 de chaque pi\u00e8ce, assurant que chaque achat laisse un souvenir m\u00e9morable.<\/p>\n","protected":false},"excerpt":{"rendered":"<p>Ensemble de six verres \u00e0 shot en verre m\u00e9tallis\u00e9, parfaits pour apporter une touche distinctive \u00e0 vos c\u00e9l\u00e9brations. Chaque verre pr\u00e9sente une illustration color\u00e9e de la Sagrada Familia, avec des teintes vibrantes telles que le violet, le bleu, le jaune, le rouge et le vert. Avec leur finition m\u00e9tallis\u00e9e, ils refl\u00e8tent l&rsquo;essence de Barcelone et sont id\u00e9aux pour partager un toast entre amis. Design contemporain, faciles \u00e0 nettoyer et adapt\u00e9s \u00e0 diverses occasions.<\/p>\n","protected":false},"featured_media":11210,"template":"","meta":{"_acf_changed":false},"product_brand":[],"product_cat":[814],"product_tag":[],"class_list":{"0":"post-34636","1":"product","2":"type-product","3":"status-publish","4":"has-post-thumbnail","6":"product_cat-verres-a-shot","7":"pa_ciudad-barcelona","8":"pa_motivo-sagrada-familia","9":"pa_pais-espana","11":"first","12":"instock","13":"shipping-taxable","14":"product-type-simple"},"acf":[],"_links":{"self":[{"href":"https:\/\/olemosaic.com\/fr\/wp-json\/wp\/v2\/product\/34636","targetHints":{"allow":["GET"]}}],"collection":[{"href":"https:\/\/olemosaic.com\/fr\/wp-json\/wp\/v2\/product"}],"about":[{"href":"https:\/\/olemosaic.com\/fr\/wp-json\/wp\/v2\/types\/product"}],"wp:featuredmedia":[{"embeddable":true,"href":"https:\/\/olemosaic.com\/fr\/wp-json\/wp\/v2\/media\/11210"}],"wp:attachment":[{"href":"https:\/\/olemosaic.com\/fr\/wp-json\/wp\/v2\/media?parent=34636"}],"wp:term":[{"taxonomy":"product_brand","embeddable":true,"href":"https:\/\/olemosaic.com\/fr\/wp-json\/wp\/v2\/product_brand?post=34636"},{"taxonomy":"product_cat","embeddable":true,"href":"https:\/\/olemosaic.com\/fr\/wp-json\/wp\/v2\/product_cat?post=34636"},{"taxonomy":"product_tag","embeddable":true,"href":"https:\/\/olemosaic.com\/fr\/wp-json\/wp\/v2\/product_tag?post=34636"}],"curies":[{"name":"wp","href":"https:\/\/api.w.org\/{rel}","templated":true}]}}