{"id":34635,"date":"2025-02-20T22:36:27","date_gmt":"2025-02-20T22:36:27","guid":{"rendered":"http:\/\/olemosaic.com\/producto\/iman-de-metal-bailaora-sevilla-8-cm\/"},"modified":"2025-07-25T19:47:47","modified_gmt":"2025-07-25T17:47:47","slug":"aimant-en-metal-danseuse-flamenco-seville-8-cm","status":"publish","type":"product","link":"https:\/\/olemosaic.com\/fr\/produit\/aimant-en-metal-danseuse-flamenco-seville-8-cm\/","title":{"rendered":"Aimant en m\u00e9tal. Danseuse de flamenco. S\u00e9ville. 8 cm."},"content":{"rendered":"<p>Introduisez une touche vibrante de la culture andalouse avec notre aimant en m\u00e9tal de 8 cm repr\u00e9sentant une danseuse de flamenco, embl\u00e8me de S\u00e9ville. Cet aimant attrayant combine un design color\u00e9 et dynamique, o\u00f9 la danseuse, v\u00eatue d&rsquo;une spectaculaire robe \u00e0 volants aux multiples nuances, ex\u00e9cute la danse avec gr\u00e2ce. Le fond religieux qui encadre sa silhouette est une mosa\u00efque dans les tons bleus et jaunes, \u00e9voquant les magnifiques azulejos typiques qui ornent l&rsquo;architecture s\u00e9villane. Le mot \u00ab\u00a0SEVILLA\u00a0\u00bb appara\u00eet dans une couleur lilas frappante, soulignant l&rsquo;essence culturelle et festive de cette ville andalouse embl\u00e9matique. Cet aimant n&rsquo;est pas seulement un beau souvenir pour les visiteurs de S\u00e9ville, mais aussi une repr\u00e9sentation authentique de son folklore et de sa tradition. Id\u00e9al pour attirer les touristes \u00e0 la recherche de souvenirs capturant l&rsquo;essence de leur voyage, cet aimant s&rsquo;impose comme une option parfaite pour les boutiques de cadeaux touristiques. Chez Ol\u00e9 Mosaic, votre distributeur de souvenirs, nous garantissons la qualit\u00e9 et l&rsquo;authenticit\u00e9 de chaque produit. Cet aimant de danseuse de flamenco est un excellent ajout \u00e0 toute collection de souvenirs de S\u00e9ville.<\/p>\n","protected":false},"excerpt":{"rendered":"<p>Aimant m\u00e9tallique de 8 cm repr\u00e9sentant une danseuse de flamenco, une ic\u00f4ne de S\u00e9ville. Cet aimant attrayant pr\u00e9sente un design color\u00e9 et vibrant, avec une illustration mettant en avant la danseuse dans une robe \u00e0 volants multicolores, sur un fond de mosa\u00efque aux tons bleus et jaunes. Le mot \u00ab\u00a0SEVILLA\u00a0\u00bb appara\u00eet dans une couleur lilas frappante, capturant l&rsquo;essence culturelle et festive de la ville andalouse. Parfait pour ramener un souvenir original de S\u00e9ville \u00e0 la maison.<\/p>\n","protected":false},"featured_media":10555,"template":"","meta":{"_acf_changed":false},"product_brand":[],"product_cat":[697],"product_tag":[],"class_list":{"0":"post-34635","1":"product","2":"type-product","3":"status-publish","4":"has-post-thumbnail","6":"product_cat-aimants","7":"pa_ciudad-sevilla","8":"pa_motivo-danseurs","9":"pa_pais-espana","11":"first","12":"instock","13":"shipping-taxable","14":"product-type-simple"},"acf":[],"_links":{"self":[{"href":"https:\/\/olemosaic.com\/fr\/wp-json\/wp\/v2\/product\/34635","targetHints":{"allow":["GET"]}}],"collection":[{"href":"https:\/\/olemosaic.com\/fr\/wp-json\/wp\/v2\/product"}],"about":[{"href":"https:\/\/olemosaic.com\/fr\/wp-json\/wp\/v2\/types\/product"}],"wp:featuredmedia":[{"embeddable":true,"href":"https:\/\/olemosaic.com\/fr\/wp-json\/wp\/v2\/media\/10555"}],"wp:attachment":[{"href":"https:\/\/olemosaic.com\/fr\/wp-json\/wp\/v2\/media?parent=34635"}],"wp:term":[{"taxonomy":"product_brand","embeddable":true,"href":"https:\/\/olemosaic.com\/fr\/wp-json\/wp\/v2\/product_brand?post=34635"},{"taxonomy":"product_cat","embeddable":true,"href":"https:\/\/olemosaic.com\/fr\/wp-json\/wp\/v2\/product_cat?post=34635"},{"taxonomy":"product_tag","embeddable":true,"href":"https:\/\/olemosaic.com\/fr\/wp-json\/wp\/v2\/product_tag?post=34635"}],"curies":[{"name":"wp","href":"https:\/\/api.w.org\/{rel}","templated":true}]}}