{"id":34634,"date":"2025-02-20T23:36:27","date_gmt":"2025-02-20T22:36:27","guid":{"rendered":"http:\/\/olemosaic.com\/producto\/llavero-de-madera-letra-r-madrid\/"},"modified":"2025-07-25T18:46:44","modified_gmt":"2025-07-25T16:46:44","slug":"porte-cles-en-bois-lettre-r-madrid","status":"publish","type":"product","link":"https:\/\/olemosaic.com\/fr\/produit\/porte-cles-en-bois-lettre-r-madrid\/","title":{"rendered":"Porte-cl\u00e9s en bois. Lettre R. Madrid."},"content":{"rendered":"<p>Apportez une touche madril\u00e8ne \u00e0 votre quotidien avec ce porte-cl\u00e9s en bois orn\u00e9 de la lettre \u00ab\u00a0R\u00a0\u00bb, con\u00e7u pour capturer l&rsquo;essence de la capitale. Avec une mosa\u00efque color\u00e9e et vibrante, le porte-cl\u00e9s pr\u00e9sente des illustrations d\u00e9taill\u00e9es de l&#8217;embl\u00e9matique horloge de la Puerta del Sol, le c\u0153ur de Madrid, ainsi que des figures iconiques refl\u00e9tant sa riche culture et sa tradition. Ce charmant souvenir, peint dans des tons bleus, verts et rouges \u00e9voquant l&rsquo;\u00e9nergie vibrante de la ville, est \u00e9labor\u00e9 selon une technique qui met en valeur l&rsquo;art de la mosa\u00efque, une facette culturelle profond\u00e9ment ancr\u00e9e dans l&rsquo;histoire artistique espagnole.<\/p>\n<p>Chaque d\u00e9tail refl\u00e8te l&rsquo;engagement envers l&rsquo;artisanat et l&rsquo;authenticit\u00e9, faisant de ce porte-cl\u00e9s un souvenir id\u00e9al pour ceux qui souhaitent emporter un petit morceau de Madrid avec eux. Parfait comme cadeau ou attention pour les amis et la famille, il offre une connexion \u00e9motionnelle avec la ville, devenant un symbole des moments v\u00e9cus dans cette m\u00e9tropole. Chez Ol\u00e9 Mosaic, nous transcendons le simple art des souvenirs de gros, en proposant des articles repr\u00e9sentatifs et culturels qui cr\u00e9ent un lien avec les touristes. Ce porte-cl\u00e9s est l&rsquo;option parfaite pour les boutiques de cadeaux touristiques \u00e0 la recherche de produits uniques et significatifs. Ne le manquez pas !<\/p>\n","protected":false},"excerpt":{"rendered":"<p>Porte-cl\u00e9s en bois en forme de lettre \u00ab\u00a0R\u00a0\u00bb, repr\u00e9sentant Madrid. Ce design vibrant inclut des illustrations de l&#8217;embl\u00e9matique horloge de la Puerta del Sol, ainsi que des figures iconiques de la culture madril\u00e8ne, le tout dans un style de mosa\u00efque color\u00e9e. Le porte-cl\u00e9s pr\u00e9sente des d\u00e9tails dans des tons bleus, verts et rouges, gr\u00e2ce \u00e0 une technique qui souligne le charme de la ville. Id\u00e9al comme souvenir ou cadeau, ce porte-cl\u00e9s allie artisanat et symbolisme en un seul produit.<\/p>\n","protected":false},"featured_media":10850,"template":"","meta":{"_acf_changed":false},"product_brand":[],"product_cat":[607],"product_tag":[614],"class_list":{"0":"post-34634","1":"product","2":"type-product","3":"status-publish","4":"has-post-thumbnail","6":"product_cat-porte-cles","7":"product_tag-lettres","8":"pa_ciudad-madrid","9":"pa_motivo-lettre-r","10":"pa_pais-espana","12":"first","13":"instock","14":"shipping-taxable","15":"product-type-simple"},"acf":[],"_links":{"self":[{"href":"https:\/\/olemosaic.com\/fr\/wp-json\/wp\/v2\/product\/34634","targetHints":{"allow":["GET"]}}],"collection":[{"href":"https:\/\/olemosaic.com\/fr\/wp-json\/wp\/v2\/product"}],"about":[{"href":"https:\/\/olemosaic.com\/fr\/wp-json\/wp\/v2\/types\/product"}],"wp:featuredmedia":[{"embeddable":true,"href":"https:\/\/olemosaic.com\/fr\/wp-json\/wp\/v2\/media\/10850"}],"wp:attachment":[{"href":"https:\/\/olemosaic.com\/fr\/wp-json\/wp\/v2\/media?parent=34634"}],"wp:term":[{"taxonomy":"product_brand","embeddable":true,"href":"https:\/\/olemosaic.com\/fr\/wp-json\/wp\/v2\/product_brand?post=34634"},{"taxonomy":"product_cat","embeddable":true,"href":"https:\/\/olemosaic.com\/fr\/wp-json\/wp\/v2\/product_cat?post=34634"},{"taxonomy":"product_tag","embeddable":true,"href":"https:\/\/olemosaic.com\/fr\/wp-json\/wp\/v2\/product_tag?post=34634"}],"curies":[{"name":"wp","href":"https:\/\/api.w.org\/{rel}","templated":true}]}}