{"id":34628,"date":"2025-02-20T22:36:26","date_gmt":"2025-02-20T22:36:26","guid":{"rendered":"http:\/\/olemosaic.com\/producto\/iman-de-pvc-salamandra-naranja\/"},"modified":"2025-07-25T20:38:26","modified_gmt":"2025-07-25T18:38:26","slug":"aimant-pvc-salamandre-orange","status":"publish","type":"product","link":"https:\/\/olemosaic.com\/fr\/produit\/aimant-pvc-salamandre-orange\/","title":{"rendered":"Aimant en PVC. Salamandre. Orange."},"content":{"rendered":"<p>Aimant d\u00e9coratif de salamandre en PVC, une repr\u00e9sentation color\u00e9e et joyeuse de la faune m\u00e9diterran\u00e9enne qui capture l&rsquo;essence vibrante de l&rsquo;Espagne. Cet aimant, d&rsquo;un orange \u00e9clatant avec des d\u00e9tails captivants en vert et rouge, est con\u00e7u dans un style \u00e9voquant une mosa\u00efque, reflet de la riche culture artistique du pays. La salamandre, symbole de la biodiversit\u00e9 de la r\u00e9gion, est repr\u00e9sent\u00e9e dans une pose dynamique, pattes \u00e9cart\u00e9es et longue queue, ce qui fait de cet aimant un \u00e9l\u00e9ment visuellement attrayant et amusant.<\/p>\n<p>La surface douce et flexible de l&rsquo;aimant en fait l&rsquo;accessoire parfait pour orner votre r\u00e9frig\u00e9rateur ou toute surface m\u00e9tallique, ajoutant une touche de joie et de fra\u00eecheur \u00e0 votre int\u00e9rieur. La salamandre, un reptile aux couleurs remarquables, est un rappel de la beaut\u00e9 naturelle et de la diversit\u00e9 de l&rsquo;environnement m\u00e9diterran\u00e9en, servant de magnifique lien entre l&rsquo;art et la nature. Cet aimant n&rsquo;est pas seulement un souvenir pratique, mais aussi un morceau de culture qui t\u00e9moigne de la richesse du patrimoine espagnol.<\/p>\n<p>Chez Ol\u00e9 Mosaic, nous proposons cet aimant salamandre comme une excellente option pour les boutiques de cadeaux touristiques \u00e0 la recherche de produits authentiques et repr\u00e9sentatifs. En tant que grossistes en souvenirs, nous garantissons que chaque pi\u00e8ce est un reflet de l&rsquo;esprit vibrant de l&rsquo;Espagne, id\u00e9al pour les touristes souhaitant emporter un morceau de cette terre merveilleuse chez eux.<\/p>\n","protected":false},"excerpt":{"rendered":"<p>Aimant en PVC en forme de salamandre, parfait pour se souvenir de la vibrante faune m\u00e9diterran\u00e9enne. Cet aimant attrayant, de couleur orange avec des d\u00e9tails en vert et rouge, pr\u00e9sente un design stylis\u00e9 simulant une mosa\u00efque color\u00e9e. Sa surface douce et flexible en fait un compl\u00e9ment id\u00e9al pour orner votre r\u00e9frig\u00e9rateur ou toute surface m\u00e9tallique. Il repr\u00e9sente la richesse culturelle et naturelle de l&rsquo;Espagne, apportant une touche de joie \u00e0 votre int\u00e9rieur.<\/p>\n","protected":false},"featured_media":7908,"template":"","meta":{"_acf_changed":false},"product_brand":[],"product_cat":[697],"product_tag":[530],"class_list":{"0":"post-34628","1":"product","2":"type-product","3":"status-publish","4":"has-post-thumbnail","6":"product_cat-aimants","7":"product_tag-animaux","8":"pa_motivo-salamandres","10":"first","11":"instock","12":"shipping-taxable","13":"product-type-simple"},"acf":[],"_links":{"self":[{"href":"https:\/\/olemosaic.com\/fr\/wp-json\/wp\/v2\/product\/34628","targetHints":{"allow":["GET"]}}],"collection":[{"href":"https:\/\/olemosaic.com\/fr\/wp-json\/wp\/v2\/product"}],"about":[{"href":"https:\/\/olemosaic.com\/fr\/wp-json\/wp\/v2\/types\/product"}],"wp:featuredmedia":[{"embeddable":true,"href":"https:\/\/olemosaic.com\/fr\/wp-json\/wp\/v2\/media\/7908"}],"wp:attachment":[{"href":"https:\/\/olemosaic.com\/fr\/wp-json\/wp\/v2\/media?parent=34628"}],"wp:term":[{"taxonomy":"product_brand","embeddable":true,"href":"https:\/\/olemosaic.com\/fr\/wp-json\/wp\/v2\/product_brand?post=34628"},{"taxonomy":"product_cat","embeddable":true,"href":"https:\/\/olemosaic.com\/fr\/wp-json\/wp\/v2\/product_cat?post=34628"},{"taxonomy":"product_tag","embeddable":true,"href":"https:\/\/olemosaic.com\/fr\/wp-json\/wp\/v2\/product_tag?post=34628"}],"curies":[{"name":"wp","href":"https:\/\/api.w.org\/{rel}","templated":true}]}}