{"id":34626,"date":"2025-02-20T23:36:26","date_gmt":"2025-02-20T22:36:26","guid":{"rendered":"http:\/\/olemosaic.com\/producto\/iman-de-pvc-panoramica-2\/"},"modified":"2025-07-25T20:06:47","modified_gmt":"2025-07-25T18:06:47","slug":"aimant-pvc-panoramique-espagne","status":"publish","type":"product","link":"https:\/\/olemosaic.com\/fr\/produit\/aimant-pvc-panoramique-espagne\/","title":{"rendered":"Aimant en PVC. Panoramique. Espagne."},"content":{"rendered":"<p>Aimant d\u00e9coratif en PVC \u00ab\u00a0ESPAGNE\u00a0\u00bb, une pi\u00e8ce vibrante qui capture l&rsquo;essence de la culture espagnole. Cet aimant se distingue par son design color\u00e9 et artistique, avec une vue panoramique pleine de vie incluant des \u00e9l\u00e9ments iconiques tels que des paysages ensoleill\u00e9s, la riche gastronomie m\u00e9diterran\u00e9enne et diverses traditions, comme la danse flamenco. Chaque lettre du mot \u00ab\u00a0ESPA\u00d1A\u00a0\u00bb est m\u00e9ticuleusement illustr\u00e9e avec un effet peint \u00e0 la main, ce qui renforce son authenticit\u00e9 et sa singularit\u00e9 en tant que souvenir.<\/p>\n<p>La finition brillante et joyeuse de l&rsquo;aimant en fait un objet id\u00e9al pour se souvenir des voyages \u00e0 travers les terres espagnoles ou comme cadeau exclusif pour les amis et la famille. Les d\u00e9tails du design refl\u00e8tent la diversit\u00e9 culturelle et la chaleur du pays, de la d\u00e9coration vibrante des festivals aux d\u00e9lices culinaires qui d\u00e9finissent la gastronomie espagnole. Cet aimant ne d\u00e9core pas seulement n&rsquo;importe quelle surface m\u00e9tallique, il repr\u00e9sente \u00e9galement un lien \u00e9motionnel avec la culture et le patrimoine de l&rsquo;Espagne.<\/p>\n<p>Chez Ol\u00e9 Mosaic, nous nous engageons dans la distribution en gros de souvenirs repr\u00e9sentant la richesse et la diversit\u00e9 de la culture espagnole. Cet aimant \u00ab\u00a0ESPAGNE\u00a0\u00bb est une pi\u00e8ce parfaite pour les boutiques de cadeaux touristiques, car il offre un rappel du voyage et de l&rsquo;exp\u00e9rience culturelle que seule l&rsquo;Espagne peut offrir. En tant que grossistes en souvenirs, nous garantissons des produits de qualit\u00e9 qui \u00e9voquent des histoires et des souvenirs significatifs.<\/p>\n","protected":false},"excerpt":{"rendered":"<p>Aimant en PVC avec le mot \u00ab\u00a0ESPAGNE\u00a0\u00bb dans un design color\u00e9 et vibrant. Ce souvenir pr\u00e9sente une vue panoramique d&rsquo;\u00e9l\u00e9ments repr\u00e9sentatifs de la culture espagnole, tels que des paysages ensoleill\u00e9s, la gastronomie, les traditions et les danses, le tout exprim\u00e9 de mani\u00e8re artistique avec un design artisanal peint \u00e0 la main. Avec une finition brillante et joyeuse, il est id\u00e9al pour se souvenir des voyages en Espagne ou comme cadeau unique capturant l&rsquo;essence du pays.<\/p>\n","protected":false},"featured_media":11323,"template":"","meta":{"_acf_changed":false},"product_brand":[],"product_cat":[697],"product_tag":[],"class_list":{"0":"post-34626","1":"product","2":"type-product","3":"status-publish","4":"has-post-thumbnail","6":"product_cat-aimants","7":"pa_motivo-panoramas","9":"first","10":"instock","11":"shipping-taxable","12":"product-type-simple"},"acf":[],"_links":{"self":[{"href":"https:\/\/olemosaic.com\/fr\/wp-json\/wp\/v2\/product\/34626","targetHints":{"allow":["GET"]}}],"collection":[{"href":"https:\/\/olemosaic.com\/fr\/wp-json\/wp\/v2\/product"}],"about":[{"href":"https:\/\/olemosaic.com\/fr\/wp-json\/wp\/v2\/types\/product"}],"wp:featuredmedia":[{"embeddable":true,"href":"https:\/\/olemosaic.com\/fr\/wp-json\/wp\/v2\/media\/11323"}],"wp:attachment":[{"href":"https:\/\/olemosaic.com\/fr\/wp-json\/wp\/v2\/media?parent=34626"}],"wp:term":[{"taxonomy":"product_brand","embeddable":true,"href":"https:\/\/olemosaic.com\/fr\/wp-json\/wp\/v2\/product_brand?post=34626"},{"taxonomy":"product_cat","embeddable":true,"href":"https:\/\/olemosaic.com\/fr\/wp-json\/wp\/v2\/product_cat?post=34626"},{"taxonomy":"product_tag","embeddable":true,"href":"https:\/\/olemosaic.com\/fr\/wp-json\/wp\/v2\/product_tag?post=34626"}],"curies":[{"name":"wp","href":"https:\/\/api.w.org\/{rel}","templated":true}]}}