{"id":34624,"date":"2025-02-20T22:36:26","date_gmt":"2025-02-20T22:36:26","guid":{"rendered":"http:\/\/olemosaic.com\/producto\/iman-de-metal-mariposa-mallorca-negro-8-cm\/"},"modified":"2025-07-25T19:46:02","modified_gmt":"2025-07-25T17:46:02","slug":"aimant-metal-papillon-majorque-noir-8-cm","status":"publish","type":"product","link":"https:\/\/olemosaic.com\/fr\/produit\/aimant-metal-papillon-majorque-noir-8-cm\/","title":{"rendered":"Aimant en m\u00e9tal. Papillon. Majorque. Noir. 8 cm."},"content":{"rendered":"<p>Aimant d\u00e9coratif de papillons de Majorque. Cet aimant m\u00e9tallique vibrant est une pi\u00e8ce attrayante qui capture l&rsquo;essence de la splendeur naturelle de cette magnifique \u00eele m\u00e9diterran\u00e9enne. D&rsquo;une taille de 8 cm, son design se distingue par un fond noir qui sert de toile parfaite pour les papillons color\u00e9s, chacun illustr\u00e9 dans un style simulant une mosa\u00efque, \u00e9voquant le riche h\u00e9ritage artistique de Majorque. Les papillons d\u00e9ploient des teintes \u00e9clatantes de bleu, rouge, jaune et vert, cr\u00e9ant un effet visuel qui \u00e9voque la joie et la vitalit\u00e9 caract\u00e9ristiques de la flore et de la faune locales. \u00c0 leurs c\u00f4t\u00e9s, des fleurs d\u00e9licates aux nuances vari\u00e9es ajoutent une touche de fra\u00eecheur et d&rsquo;harmonie \u00e0 la composition.<\/p>\n<p>Le texte \u00ab\u00a0MALLORCA\u00a0\u00bb en haut, avec des lettres color\u00e9es et brillantes, renforce le lien avec l&rsquo;\u00eele, faisant de cet aimant non seulement un souvenir d\u00e9coratif, mais aussi un rappel significatif qui c\u00e9l\u00e8bre la beaut\u00e9 naturelle de Majorque. Cet aimant est id\u00e9al pour les touristes \u00e0 la recherche d&rsquo;un souvenir authentique repr\u00e9sentant la culture et le paysage de la r\u00e9gion. Chez Ol\u00e9 Mosaic, en tant que distributeurs de souvenirs en gros, nous proposons des produits de qualit\u00e9 qui capturent l&rsquo;essence de chaque destination. Cet aimant papillon est une excellente option pour les boutiques de cadeaux touristiques souhaitant offrir un petit morceau de Majorque \u00e0 leurs clients.<\/p>\n","protected":false},"excerpt":{"rendered":"<p>Aimant m\u00e9tallique d\u00e9coratif au design vibrant de papillons inspir\u00e9 par la beaut\u00e9 de Majorque. D&rsquo;une taille de 8 cm, cet aimant pr\u00e9sente un fond noir qui fait ressortir les papillons aux couleurs \u00e9clatantes, orn\u00e9s de motifs simulant un style mosa\u00efque. \u00c0 leurs c\u00f4t\u00e9s, on appr\u00e9cie des fleurs aux nuances vari\u00e9es, cr\u00e9ant un effet visuel joyeux et color\u00e9. Le mot \u00ab\u00a0MALLORCA\u00a0\u00bb en haut ajoute une touche distinctive qui \u00e9voque cette charmante \u00eele de la M\u00e9diterran\u00e9e.<\/p>\n","protected":false},"featured_media":11447,"template":"","meta":{"_acf_changed":false},"product_brand":[],"product_cat":[697],"product_tag":[530],"class_list":{"0":"post-34624","1":"product","2":"type-product","3":"status-publish","4":"has-post-thumbnail","6":"product_cat-aimants","7":"product_tag-animaux","8":"pa_ciudad-mallorca","9":"pa_motivo-papillons","10":"pa_pais-espana","12":"first","13":"instock","14":"shipping-taxable","15":"product-type-simple"},"acf":[],"_links":{"self":[{"href":"https:\/\/olemosaic.com\/fr\/wp-json\/wp\/v2\/product\/34624","targetHints":{"allow":["GET"]}}],"collection":[{"href":"https:\/\/olemosaic.com\/fr\/wp-json\/wp\/v2\/product"}],"about":[{"href":"https:\/\/olemosaic.com\/fr\/wp-json\/wp\/v2\/types\/product"}],"wp:featuredmedia":[{"embeddable":true,"href":"https:\/\/olemosaic.com\/fr\/wp-json\/wp\/v2\/media\/11447"}],"wp:attachment":[{"href":"https:\/\/olemosaic.com\/fr\/wp-json\/wp\/v2\/media?parent=34624"}],"wp:term":[{"taxonomy":"product_brand","embeddable":true,"href":"https:\/\/olemosaic.com\/fr\/wp-json\/wp\/v2\/product_brand?post=34624"},{"taxonomy":"product_cat","embeddable":true,"href":"https:\/\/olemosaic.com\/fr\/wp-json\/wp\/v2\/product_cat?post=34624"},{"taxonomy":"product_tag","embeddable":true,"href":"https:\/\/olemosaic.com\/fr\/wp-json\/wp\/v2\/product_tag?post=34624"}],"curies":[{"name":"wp","href":"https:\/\/api.w.org\/{rel}","templated":true}]}}