{"id":34618,"date":"2025-02-20T23:36:26","date_gmt":"2025-02-20T22:36:26","guid":{"rendered":"http:\/\/olemosaic.com\/producto\/iman-de-metal-toro-marbella-8-cm-2\/"},"modified":"2025-07-25T18:37:29","modified_gmt":"2025-07-25T16:37:29","slug":"aimant-metal-taureau-marbella-8-cm-fr","status":"publish","type":"product","link":"https:\/\/olemosaic.com\/fr\/produit\/aimant-metal-taureau-marbella-8-cm-fr\/","title":{"rendered":"Aimant en m\u00e9tal. Taureau. Mosa\u00efque. Marbella. 8 cm."},"content":{"rendered":"<p>Aimant d\u00e9coratif de Marbella. Cet aimant en m\u00e9tal vibrant de 8 cm capture l&rsquo;essence du folklore espagnol \u00e0 travers un impressionnant design en mosa\u00efque mettant en valeur un taureau embl\u00e9matique. Avec des couleurs intenses dans les tons rouges et jaunes, le taureau est pr\u00e9sent\u00e9 dans une posture majestueuse, transmettant la force et le symbolisme de la culture taurine espagnole. Le fond bleu clair souligne davantage la richesse chromatique du design, cr\u00e9ant un contraste visuel qui attire le regard et \u00e9voque la beaut\u00e9 de la mer M\u00e9diterran\u00e9e qui entoure Marbella. Le nom \u00ab\u00a0MARBELLA\u00a0\u00bb appara\u00eet en grandes lettres frappantes, faisant de cet aimant un souvenir id\u00e9al de la c\u00f4te andalouse.<\/p>\n<p>Cet aimant n&rsquo;est pas seulement un objet d\u00e9coratif, mais aussi un repr\u00e9sentant du patrimoine culturel de Marbella, une ville c\u00e9l\u00e8bre pour son glamour et ses traditions uniques. Chez Ol\u00e9 Mosaic, nous nous sp\u00e9cialisons dans la distribution de souvenirs en gros, et cet aimant de taureau est une excellente option pour les boutiques de cadeaux touristiques \u00e0 la recherche de produits authentiques. En choisissant ce souvenir, les touristes emportent avec eux un morceau du riche h\u00e9ritage espagnol, id\u00e9al pour se souvenir de leurs exp\u00e9riences \u00e0 Marbella. En tant que grossistes d&rsquo;aimants, nous garantissons la qualit\u00e9 et la fid\u00e9lit\u00e9 culturelle de chaque pi\u00e8ce.<\/p>\n","protected":false},"excerpt":{"rendered":"<p>Aimant m\u00e9tallique de 8 cm, inspir\u00e9 de l&#8217;embl\u00e9matique taureau de Marbella. Cet aimant attrayant pr\u00e9sente un design vibrant en mosa\u00efque de couleurs, avec un taureau dans les tons rouges et jaunes qui capture l&rsquo;essence du folklore espagnol. Le fond bleu fait ressortir davantage les couleurs vives du design, tandis que le nom \u00ab\u00a0MARBELLA\u00a0\u00bb s&rsquo;affiche avec des lettres pro\u00e9minentes, en faisant un souvenir parfait pour se rappeler la beaut\u00e9 et la culture de cette ville.<\/p>\n","protected":false},"featured_media":9987,"template":"","meta":{"_acf_changed":false},"product_brand":[],"product_cat":[697],"product_tag":[530],"class_list":{"0":"post-34618","1":"product","2":"type-product","3":"status-publish","4":"has-post-thumbnail","6":"product_cat-aimants","7":"product_tag-animaux","8":"pa_ciudad-marbella","9":"pa_motivo-taureaux","10":"pa_pais-espana","12":"first","13":"instock","14":"shipping-taxable","15":"product-type-simple"},"acf":[],"_links":{"self":[{"href":"https:\/\/olemosaic.com\/fr\/wp-json\/wp\/v2\/product\/34618","targetHints":{"allow":["GET"]}}],"collection":[{"href":"https:\/\/olemosaic.com\/fr\/wp-json\/wp\/v2\/product"}],"about":[{"href":"https:\/\/olemosaic.com\/fr\/wp-json\/wp\/v2\/types\/product"}],"wp:featuredmedia":[{"embeddable":true,"href":"https:\/\/olemosaic.com\/fr\/wp-json\/wp\/v2\/media\/9987"}],"wp:attachment":[{"href":"https:\/\/olemosaic.com\/fr\/wp-json\/wp\/v2\/media?parent=34618"}],"wp:term":[{"taxonomy":"product_brand","embeddable":true,"href":"https:\/\/olemosaic.com\/fr\/wp-json\/wp\/v2\/product_brand?post=34618"},{"taxonomy":"product_cat","embeddable":true,"href":"https:\/\/olemosaic.com\/fr\/wp-json\/wp\/v2\/product_cat?post=34618"},{"taxonomy":"product_tag","embeddable":true,"href":"https:\/\/olemosaic.com\/fr\/wp-json\/wp\/v2\/product_tag?post=34618"}],"curies":[{"name":"wp","href":"https:\/\/api.w.org\/{rel}","templated":true}]}}