{"id":34617,"date":"2025-02-20T23:36:25","date_gmt":"2025-02-20T22:36:25","guid":{"rendered":"http:\/\/olemosaic.com\/producto\/iman-de-metal-salamandra-mallorca-plata-8-cm-2\/"},"modified":"2025-07-25T18:51:52","modified_gmt":"2025-07-25T16:51:52","slug":"aimant-metal-salamandre-majorque-argent-8-cm-fr","status":"publish","type":"product","link":"https:\/\/olemosaic.com\/fr\/produit\/aimant-metal-salamandre-majorque-argent-8-cm-fr\/","title":{"rendered":"Aimant en m\u00e9tal. Salamandre. Motifs floraux. Majorque. Argent. 8 cm."},"content":{"rendered":"<p>Aimant d\u00e9coratif de Majorque avec un design vibrant de salamandres, parfait pour capturer l&rsquo;essence de la faune de l&rsquo;\u00eele. Cet aimant m\u00e9tallique de 8 cm se distingue par sa finition argent\u00e9e qui rehausse la repr\u00e9sentation color\u00e9e de diverses salamandres, orn\u00e9es de motifs g\u00e9om\u00e9triques et de fleurs. Chaque d\u00e9tail est m\u00e9ticuleusement con\u00e7u, pr\u00e9sentant des cr\u00e9atures qui semblent prendre vie sur un fond simulant une mosa\u00efque, \u00e9voquant la riche tradition artistique de Majorque.<\/p>\n<p>Le mot \u00ab\u00a0MALLORCA\u00a0\u00bb s&rsquo;affiche en lettres frappantes sur la partie sup\u00e9rieure, faisant de cet aimant un souvenir parfait pour ceux qui ont visit\u00e9 cette \u00eele vibrante. Ce souvenir n&rsquo;est pas seulement un objet d\u00e9coratif, mais un t\u00e9moignage de la biodiversit\u00e9 et de la beaut\u00e9 naturelle de Majorque, li\u00e9 \u00e0 la connexion culturelle de l&rsquo;\u00eele avec ses espaces naturels color\u00e9s et sa faune autochtone.<\/p>\n<p>Cet aimant de salamandres est une excellente option pour les touristes \u00e0 la recherche de souvenirs authentiques et repr\u00e9sentatifs c\u00e9l\u00e9brant leur visite. Chez Ol\u00e9 Mosaic, nous sommes sp\u00e9cialistes de la distribution de souvenirs en gros, proposant des produits qui se distinguent par leur qualit\u00e9 et leur pertinence culturelle, comme cet aimant d\u00e9coratif, id\u00e9al pour les boutiques de cadeaux touristiques. En tant que grossistes de souvenirs, nous garantissons que chaque pi\u00e8ce est un v\u00e9ritable hommage \u00e0 la culture bal\u00e9are.<\/p>\n","protected":false},"excerpt":{"rendered":"<p>Aimant d\u00e9coratif en m\u00e9tal de 8 cm, avec un design vibrant de salamandres inspir\u00e9 de la faune de Majorque. Cet aimant, avec une finition argent\u00e9e, pr\u00e9sente une repr\u00e9sentation color\u00e9e de diverses salamandres orn\u00e9es de motifs g\u00e9om\u00e9triques et de fleurs, sur un fond \u00e0 effet mosa\u00efque. Le mot \u00ab\u00a0MALLORCA\u00a0\u00bb est imprim\u00e9 en lettres frappantes, en faisant un souvenir parfait et un attrait pour tout amoureux de l&rsquo;\u00eele.<\/p>\n","protected":false},"featured_media":13530,"template":"","meta":{"_acf_changed":false},"product_brand":[],"product_cat":[697],"product_tag":[530],"class_list":{"0":"post-34617","1":"product","2":"type-product","3":"status-publish","4":"has-post-thumbnail","6":"product_cat-aimants","7":"product_tag-animaux","8":"pa_ciudad-mallorca","9":"pa_motivo-salamandres","10":"pa_pais-espana","12":"first","13":"instock","14":"shipping-taxable","15":"product-type-simple"},"acf":[],"_links":{"self":[{"href":"https:\/\/olemosaic.com\/fr\/wp-json\/wp\/v2\/product\/34617","targetHints":{"allow":["GET"]}}],"collection":[{"href":"https:\/\/olemosaic.com\/fr\/wp-json\/wp\/v2\/product"}],"about":[{"href":"https:\/\/olemosaic.com\/fr\/wp-json\/wp\/v2\/types\/product"}],"wp:featuredmedia":[{"embeddable":true,"href":"https:\/\/olemosaic.com\/fr\/wp-json\/wp\/v2\/media\/13530"}],"wp:attachment":[{"href":"https:\/\/olemosaic.com\/fr\/wp-json\/wp\/v2\/media?parent=34617"}],"wp:term":[{"taxonomy":"product_brand","embeddable":true,"href":"https:\/\/olemosaic.com\/fr\/wp-json\/wp\/v2\/product_brand?post=34617"},{"taxonomy":"product_cat","embeddable":true,"href":"https:\/\/olemosaic.com\/fr\/wp-json\/wp\/v2\/product_cat?post=34617"},{"taxonomy":"product_tag","embeddable":true,"href":"https:\/\/olemosaic.com\/fr\/wp-json\/wp\/v2\/product_tag?post=34617"}],"curies":[{"name":"wp","href":"https:\/\/api.w.org\/{rel}","templated":true}]}}