{"id":34616,"date":"2025-02-20T23:36:25","date_gmt":"2025-02-20T22:36:25","guid":{"rendered":"http:\/\/olemosaic.com\/producto\/iman-de-pvc-panoramica-malaga\/"},"modified":"2025-07-25T19:54:42","modified_gmt":"2025-07-25T17:54:42","slug":"aimant-pvc-panoramique-malaga","status":"publish","type":"product","link":"https:\/\/olemosaic.com\/fr\/produit\/aimant-pvc-panoramique-malaga\/","title":{"rendered":"Aimant en PVC. Panoramique. Malaga."},"content":{"rendered":"<p>Aimant d\u00e9coratif de Malaga symbolisant le riche h\u00e9ritage culturel de cette ville andalouse vibrante. Cet aimant en PVC pr\u00e9sente une vue panoramique color\u00e9e, o\u00f9 s&rsquo;int\u00e8grent des \u00e9l\u00e9ments embl\u00e9matiques de Malaga, cr\u00e9ant une repr\u00e9sentation visuelle attrayante et d\u00e9taill\u00e9e qui capture l&rsquo;essence de sa culture. Chaque lettre du mot \u00ab\u00a0M\u00c1LAGA\u00a0\u00bb est orn\u00e9e d&rsquo;images embl\u00e9matiques, telles que l&rsquo;imposante ar\u00e8ne, un guitariste rendant hommage \u00e0 la tradition musicale andalouse et un paysage de plage paradisiaque qui t\u00e9moigne de la beaut\u00e9 du littoral de Malaga.<\/p>\n<p>Les couleurs vibrantes et les d\u00e9tails artistiques font de cet aimant un souvenir id\u00e9al pour les voyageurs cherchant \u00e0 ramener un petit morceau de Malaga chez eux. Sa finition de haute qualit\u00e9 en fait non seulement un accessoire d\u00e9coratif parfait pour le r\u00e9frig\u00e9rateur, mais ajoute \u00e9galement une touche andalouse \u00e0 n&rsquo;importe quel espace de la maison. En tant que pi\u00e8ce repr\u00e9sentative de la culture de Malaga, cet aimant est un rappel constant des traditions et de l&rsquo;ambiance festive de la ville. Chez Ol\u00e9 Mosaic, nous savons que chaque souvenir raconte une histoire, et cet aimant de Malaga est le moyen id\u00e9al de se souvenir et de partager la beaut\u00e9 de cette merveilleuse ville andalouse. Id\u00e9al pour les boutiques de cadeaux touristiques, cet article s&rsquo;impose comme un incontournable parmi les souvenirs andalous.<\/p>\n","protected":false},"excerpt":{"rendered":"<p>Aimant en PVC avec une vue panoramique color\u00e9e de Malaga, repr\u00e9sentant les \u00e9l\u00e9ments embl\u00e9matiques de la ville. Con\u00e7u avec des lettres int\u00e9grant divers motifs culturels, tels que l&rsquo;ar\u00e8ne, un guitariste et un magnifique paysage de plage. Avec une finition vibrante et des d\u00e9tails artistiques, cet aimant capture l&rsquo;essence de Malaga dans une pi\u00e8ce d\u00e9corative id\u00e9ale pour les souvenirs. Parfait pour ajouter une touche andalouse \u00e0 n&rsquo;importe quel r\u00e9frig\u00e9rateur ou espace de la maison.<\/p>\n","protected":false},"featured_media":8826,"template":"","meta":{"_acf_changed":false},"product_brand":[],"product_cat":[697],"product_tag":[],"class_list":{"0":"post-34616","1":"product","2":"type-product","3":"status-publish","4":"has-post-thumbnail","6":"product_cat-aimants","7":"pa_ciudad-malaga","8":"pa_motivo-panoramas","9":"pa_pais-espana","11":"first","12":"instock","13":"shipping-taxable","14":"product-type-simple"},"acf":[],"_links":{"self":[{"href":"https:\/\/olemosaic.com\/fr\/wp-json\/wp\/v2\/product\/34616","targetHints":{"allow":["GET"]}}],"collection":[{"href":"https:\/\/olemosaic.com\/fr\/wp-json\/wp\/v2\/product"}],"about":[{"href":"https:\/\/olemosaic.com\/fr\/wp-json\/wp\/v2\/types\/product"}],"wp:featuredmedia":[{"embeddable":true,"href":"https:\/\/olemosaic.com\/fr\/wp-json\/wp\/v2\/media\/8826"}],"wp:attachment":[{"href":"https:\/\/olemosaic.com\/fr\/wp-json\/wp\/v2\/media?parent=34616"}],"wp:term":[{"taxonomy":"product_brand","embeddable":true,"href":"https:\/\/olemosaic.com\/fr\/wp-json\/wp\/v2\/product_brand?post=34616"},{"taxonomy":"product_cat","embeddable":true,"href":"https:\/\/olemosaic.com\/fr\/wp-json\/wp\/v2\/product_cat?post=34616"},{"taxonomy":"product_tag","embeddable":true,"href":"https:\/\/olemosaic.com\/fr\/wp-json\/wp\/v2\/product_tag?post=34616"}],"curies":[{"name":"wp","href":"https:\/\/api.w.org\/{rel}","templated":true}]}}