{"id":34614,"date":"2025-02-20T23:36:25","date_gmt":"2025-02-20T22:36:25","guid":{"rendered":"http:\/\/olemosaic.com\/producto\/iman-de-metal-salamandra-gran-canaria-plata-8-cm-2\/"},"modified":"2025-07-25T19:00:41","modified_gmt":"2025-07-25T17:00:41","slug":"aimant-metal-salamandre-gran-canaria-argent-8-cm","status":"publish","type":"product","link":"https:\/\/olemosaic.com\/fr\/produit\/aimant-metal-salamandre-gran-canaria-argent-8-cm\/","title":{"rendered":"Aimant en m\u00e9tal. Salamandre. Mosa\u00efque. Gran Canaria. Argent. 8 cm."},"content":{"rendered":"<p>Aimant d\u00e9coratif de Gran Canaria, magnifiquement con\u00e7u pour capturer l&rsquo;essence vibrante de cette \u00eele des Canaries. D&rsquo;une taille de 8 cm, cet aimant m\u00e9tallique pr\u00e9sente une repr\u00e9sentation color\u00e9e de salamandres, mettant en valeur la faune unique et caract\u00e9ristique de la r\u00e9gion. Les motifs pr\u00e9sentent des salamandres dans une vari\u00e9t\u00e9 de couleurs, chacune illumin\u00e9e par un fond joyeux combinant des tons blancs et des mosa\u00efques qui \u00e9voquent la tradition artistique distinctive de Gran Canaria.<\/p>\n<p>Le texte \u00ab\u00a0Gran Canaria\u00a0\u00bb appara\u00eet en haut en lettres frappantes, faisant de cet aimant un souvenir id\u00e9al pour ceux qui souhaitent emporter un morceau de la culture canarienne. Ce souvenir n&rsquo;est pas seulement fonctionnel, mais aussi une pi\u00e8ce d\u00e9corative qui refl\u00e8te la beaut\u00e9 naturelle et la diversit\u00e9 animale qui habite l&rsquo;\u00eele.<\/p>\n<p>La connexion culturelle de cet aimant r\u00e9side dans le riche h\u00e9ritage de Gran Canaria, o\u00f9 la faune et la flore s&rsquo;entrelacent avec la vie quotidienne de ses habitants. Chez Ol\u00e9 Mosaic, nous savons que les souvenirs de Gran Canaria doivent c\u00e9l\u00e9brer son authenticit\u00e9, et cet aimant est un choix parfait pour les boutiques de cadeaux touristiques \u00e0 la recherche de produits repr\u00e9sentant avec pr\u00e9cision l&rsquo;identit\u00e9 culturelle de l&rsquo;\u00eele. En tant que distributeurs de souvenirs en gros, nous proposons des articles qui se distinguent par leur qualit\u00e9 et leur signification, faisant de chaque pi\u00e8ce un hommage \u00e0 son origine.<\/p>\n","protected":false},"excerpt":{"rendered":"<p>Aimant m\u00e9tallique d\u00e9cor\u00e9 de salamandres color\u00e9es, repr\u00e9sentant la faune unique de Gran Canaria. D&rsquo;une taille de 8 cm, ce souvenir pr\u00e9sente un design vibrant et joyeux, avec un fond dans les tons blancs et des \u00e9l\u00e9ments en mosa\u00efque \u00e9voquant la tradition artistique canarienne. Le texte \u00ab\u00a0Gran Canaria\u00a0\u00bb se d\u00e9tache en haut, en faisant un souvenir parfait de cette \u00eele enchanteresse. Id\u00e9al pour ceux qui souhaitent emporter un morceau de sa culture.<\/p>\n","protected":false},"featured_media":12906,"template":"","meta":{"_acf_changed":false},"product_brand":[],"product_cat":[697],"product_tag":[530],"class_list":{"0":"post-34614","1":"product","2":"type-product","3":"status-publish","4":"has-post-thumbnail","6":"product_cat-aimants","7":"product_tag-animaux","8":"pa_ciudad-gran-canaria","9":"pa_motivo-salamandres","10":"pa_pais-espana","12":"first","13":"instock","14":"shipping-taxable","15":"product-type-simple"},"acf":[],"_links":{"self":[{"href":"https:\/\/olemosaic.com\/fr\/wp-json\/wp\/v2\/product\/34614","targetHints":{"allow":["GET"]}}],"collection":[{"href":"https:\/\/olemosaic.com\/fr\/wp-json\/wp\/v2\/product"}],"about":[{"href":"https:\/\/olemosaic.com\/fr\/wp-json\/wp\/v2\/types\/product"}],"wp:featuredmedia":[{"embeddable":true,"href":"https:\/\/olemosaic.com\/fr\/wp-json\/wp\/v2\/media\/12906"}],"wp:attachment":[{"href":"https:\/\/olemosaic.com\/fr\/wp-json\/wp\/v2\/media?parent=34614"}],"wp:term":[{"taxonomy":"product_brand","embeddable":true,"href":"https:\/\/olemosaic.com\/fr\/wp-json\/wp\/v2\/product_brand?post=34614"},{"taxonomy":"product_cat","embeddable":true,"href":"https:\/\/olemosaic.com\/fr\/wp-json\/wp\/v2\/product_cat?post=34614"},{"taxonomy":"product_tag","embeddable":true,"href":"https:\/\/olemosaic.com\/fr\/wp-json\/wp\/v2\/product_tag?post=34614"}],"curies":[{"name":"wp","href":"https:\/\/api.w.org\/{rel}","templated":true}]}}