{"id":34613,"date":"2025-02-20T22:36:25","date_gmt":"2025-02-20T22:36:25","guid":{"rendered":"http:\/\/olemosaic.com\/producto\/iman-de-metal-gato-plata-8-cm\/"},"modified":"2025-07-25T19:02:28","modified_gmt":"2025-07-25T17:02:28","slug":"aimant-metal-chat-argent-8-cm","status":"publish","type":"product","link":"https:\/\/olemosaic.com\/fr\/produit\/aimant-metal-chat-argent-8-cm\/","title":{"rendered":"Aimant en m\u00e9tal. Chat. Argent. 8 cm."},"content":{"rendered":"<p>Aimant d\u00e9coratif de chat de style mosa\u00efque, un authentique souvenir qui capture l&rsquo;essence de l&rsquo;art de la c\u00e9ramique m\u00e9diterran\u00e9enne. Cet aimant m\u00e9tallique de 8 cm pr\u00e9sente un design vibrant qui fusionne une explosion de couleurs : bleus, verts, jaunes et rouges, \u00e9voquant le style caract\u00e9ristique d&rsquo;Antoni Gaud\u00ed et le patrimoine artistique de Barcelone. L&rsquo;illustration m\u00e9ticuleuse du chat, avec ses grands yeux jaunes et sa posture \u00e9l\u00e9gante, conf\u00e8re \u00e0 cet objet une personnalit\u00e9 charmante, parfaite pour apporter une touche de joie \u00e0 votre r\u00e9frig\u00e9rateur ou \u00e0 d&rsquo;autres surfaces m\u00e9talliques.<\/p>\n<p>Le fond de l&rsquo;aimant simule une mosa\u00efque de c\u00e9ramique, avec un design textur\u00e9 rappelant les chefs-d&rsquo;\u0153uvre du modernisme catalan, transformant cet aimant en un symbole d&rsquo;un h\u00e9ritage culturel vibrant. Ce n&rsquo;est pas seulement un produit fonctionnel, mais il agit \u00e9galement comme un rappel visuel de la richesse de l&rsquo;art espagnol, faisant en sorte qu&rsquo;\u00e0 chaque fois que vous le regardez, vous vous souveniez de votre visite dans la ville magique de Barcelone. Chez Ol\u00e9 Mosaic, nous sommes sp\u00e9cialistes de la distribution de souvenirs en gros, et cet aimant de chat est une excellente option pour les boutiques de cadeaux touristiques cherchant \u00e0 offrir des produits uniques et m\u00e9morables. Id\u00e9al pour ceux qui recherchent des souvenirs repr\u00e9sentatifs de l&rsquo;art et de la culture espagnole, cet aimant est un compl\u00e9ment indispensable pour tout amateur de chats et d&rsquo;art.<\/p>\n","protected":false},"excerpt":{"rendered":"<p>Aimant m\u00e9tallique avec un design frappant d&rsquo;un chat, inspir\u00e9 par l&rsquo;art de la mosa\u00efque. Cet aimant de 8 cm pr\u00e9sente une explosion de couleurs vibrantes, telles que les bleus, les verts, les jaunes et les rouges, qui cr\u00e9ent un attrait visuel rappelant le style d\u00e9coratif typique des \u0153uvres d&rsquo;Antoni Gaud\u00ed. Les d\u00e9tails du chat sont m\u00e9ticuleusement con\u00e7us, mettant en valeur ses grands yeux jaunes et sa pose \u00e9l\u00e9gante, id\u00e9al pour d\u00e9corer votre r\u00e9frig\u00e9rateur ou toute surface m\u00e9tallique.<\/p>\n","protected":false},"featured_media":12822,"template":"","meta":{"_acf_changed":false},"product_brand":[],"product_cat":[697],"product_tag":[530],"class_list":{"0":"post-34613","1":"product","2":"type-product","3":"status-publish","4":"has-post-thumbnail","6":"product_cat-aimants","7":"product_tag-animaux","8":"pa_motivo-chats","10":"first","11":"instock","12":"shipping-taxable","13":"product-type-simple"},"acf":[],"_links":{"self":[{"href":"https:\/\/olemosaic.com\/fr\/wp-json\/wp\/v2\/product\/34613","targetHints":{"allow":["GET"]}}],"collection":[{"href":"https:\/\/olemosaic.com\/fr\/wp-json\/wp\/v2\/product"}],"about":[{"href":"https:\/\/olemosaic.com\/fr\/wp-json\/wp\/v2\/types\/product"}],"wp:featuredmedia":[{"embeddable":true,"href":"https:\/\/olemosaic.com\/fr\/wp-json\/wp\/v2\/media\/12822"}],"wp:attachment":[{"href":"https:\/\/olemosaic.com\/fr\/wp-json\/wp\/v2\/media?parent=34613"}],"wp:term":[{"taxonomy":"product_brand","embeddable":true,"href":"https:\/\/olemosaic.com\/fr\/wp-json\/wp\/v2\/product_brand?post=34613"},{"taxonomy":"product_cat","embeddable":true,"href":"https:\/\/olemosaic.com\/fr\/wp-json\/wp\/v2\/product_cat?post=34613"},{"taxonomy":"product_tag","embeddable":true,"href":"https:\/\/olemosaic.com\/fr\/wp-json\/wp\/v2\/product_tag?post=34613"}],"curies":[{"name":"wp","href":"https:\/\/api.w.org\/{rel}","templated":true}]}}