{"id":34612,"date":"2025-02-20T22:36:25","date_gmt":"2025-02-20T22:36:25","guid":{"rendered":"http:\/\/olemosaic.com\/producto\/iman-de-metal-elefante-negro-8-cm\/"},"modified":"2025-07-25T20:13:08","modified_gmt":"2025-07-25T18:13:08","slug":"aimant-metal-elephant-noir-8-cm","status":"publish","type":"product","link":"https:\/\/olemosaic.com\/fr\/produit\/aimant-metal-elephant-noir-8-cm\/","title":{"rendered":"Aimant en m\u00e9tal. \u00c9l\u00e9phant. Noir. 8 cm."},"content":{"rendered":"<p>Aimant d\u00e9coratif d&rsquo;\u00e9l\u00e9phant avec un design en mosa\u00efque. Cet attrayant aimant en m\u00e9tal de 8 cm se distingue par sa repr\u00e9sentation vibrante d&rsquo;un \u00e9l\u00e9phant, \u00e9l\u00e9gamment illustr\u00e9 par une explosion de couleurs comprenant le rouge, le bleu, le jaune et le vert. Le fond noir rehausse chacun de ces tons, cr\u00e9ant un contraste captivant qui attire le regard et ajoute une touche de joie \u00e0 toute surface m\u00e9tallique, comme les r\u00e9frig\u00e9rateurs ou les tableaux.<\/p>\n<p>La repr\u00e9sentation de l&rsquo;\u00e9l\u00e9phant dans l&rsquo;art de la mosa\u00efque est un hommage \u00e0 la richesse culturelle et artistique de la r\u00e9gion, \u00e9voquant le folklore espagnol qui c\u00e9l\u00e8bre la nature et la diversit\u00e9. Cet aimant n&rsquo;est pas seulement un objet d\u00e9coratif, mais agit \u00e9galement comme un rappel de la beaut\u00e9 culturelle qui entoure l&rsquo;Espagne.<\/p>\n<p>Un souvenir id\u00e9al pour les touristes et les amateurs de culture, cet aimant d&rsquo;\u00e9l\u00e9phant est une excellente option pour ceux qui recherchent un souvenir authentique et repr\u00e9sentatif de leur visite. Chez Ol\u00e9 Mosaic, en tant que distributeurs de souvenirs en gros, nous garantissons la qualit\u00e9 et l&rsquo;originalit\u00e9 de nos produits, faisant de cet aimant un choix incontournable pour les boutiques de cadeaux touristiques souhaitant proposer des articles uniques et pleins de sens.<\/p>\n","protected":false},"excerpt":{"rendered":"<p>Aimant m\u00e9tallique en forme d&rsquo;\u00e9l\u00e9phant, orn\u00e9 d&rsquo;un design attrayant en mosa\u00efque aux couleurs vibrantes. D&rsquo;une taille de 8 cm, cet aimant pr\u00e9sente un fond noir qui rehausse les tons vifs de la figure, notamment le rouge, le bleu, le jaune et le vert. Parfait pour d\u00e9corer le r\u00e9frig\u00e9rateur ou toute surface m\u00e9tallique, cet aimant capture l&rsquo;essence artistique et color\u00e9e du folklore, devenant un souvenir exceptionnel de votre visite en Espagne.<\/p>\n","protected":false},"featured_media":12859,"template":"","meta":{"_acf_changed":false},"product_brand":[],"product_cat":[697],"product_tag":[530],"class_list":{"0":"post-34612","1":"product","2":"type-product","3":"status-publish","4":"has-post-thumbnail","6":"product_cat-aimants","7":"product_tag-animaux","8":"pa_motivo-elephants","10":"first","11":"instock","12":"shipping-taxable","13":"product-type-simple"},"acf":[],"_links":{"self":[{"href":"https:\/\/olemosaic.com\/fr\/wp-json\/wp\/v2\/product\/34612","targetHints":{"allow":["GET"]}}],"collection":[{"href":"https:\/\/olemosaic.com\/fr\/wp-json\/wp\/v2\/product"}],"about":[{"href":"https:\/\/olemosaic.com\/fr\/wp-json\/wp\/v2\/types\/product"}],"wp:featuredmedia":[{"embeddable":true,"href":"https:\/\/olemosaic.com\/fr\/wp-json\/wp\/v2\/media\/12859"}],"wp:attachment":[{"href":"https:\/\/olemosaic.com\/fr\/wp-json\/wp\/v2\/media?parent=34612"}],"wp:term":[{"taxonomy":"product_brand","embeddable":true,"href":"https:\/\/olemosaic.com\/fr\/wp-json\/wp\/v2\/product_brand?post=34612"},{"taxonomy":"product_cat","embeddable":true,"href":"https:\/\/olemosaic.com\/fr\/wp-json\/wp\/v2\/product_cat?post=34612"},{"taxonomy":"product_tag","embeddable":true,"href":"https:\/\/olemosaic.com\/fr\/wp-json\/wp\/v2\/product_tag?post=34612"}],"curies":[{"name":"wp","href":"https:\/\/api.w.org\/{rel}","templated":true}]}}