{"id":34611,"date":"2025-02-20T23:36:25","date_gmt":"2025-02-20T22:36:25","guid":{"rendered":"http:\/\/olemosaic.com\/producto\/iman-de-ceramica-salamandra-y-flores-mallorca-blanco-3\/"},"modified":"2025-07-25T19:46:56","modified_gmt":"2025-07-25T17:46:56","slug":"aimant-ceramique-salamandre-fleurs-majorque-blanc-3","status":"publish","type":"product","link":"https:\/\/olemosaic.com\/fr\/produit\/aimant-ceramique-salamandre-fleurs-majorque-blanc-3\/","title":{"rendered":"Aimant en c\u00e9ramique. Salamandre et fleurs. Bleu et vert. Majorque. Blanc."},"content":{"rendered":"<p>Aimant d\u00e9coratif en c\u00e9ramique de Majorque, un souvenir vibrant qui encapsule l&rsquo;essence de l&rsquo;\u00eele. Ce magnifique aimant pr\u00e9sente un design illustratif avec une salamandre color\u00e9e comme figure centrale, orn\u00e9e d&rsquo;un fond floral exub\u00e9rant. Les tons \u00e9l\u00e9gants bleus et verts de la salamandre contrastent merveilleusement avec les fleurs \u00e9labor\u00e9es dans des tons jaunes et rouges, cr\u00e9ant un effet visuel captivant. Le fond blanc de l&rsquo;aimant fait ressortir ces couleurs vibrantes, tandis que les d\u00e9tails en forme de mosa\u00efque \u00e9voquent la riche tradition artisanale de Majorque.<\/p>\n<p>Un hommage clair \u00e0 la flore et \u00e0 la faune locales, ce produit symbolise la beaut\u00e9 naturelle de l&rsquo;\u00eele et son atmosph\u00e8re m\u00e9diterran\u00e9enne. Le texte \u00ab\u00a0Mallorca\u00a0\u00bb est imprim\u00e9 de mani\u00e8re discr\u00e8te mais \u00e9l\u00e9gante, s&rsquo;int\u00e9grant parfaitement au design et apportant une touche d&rsquo;authenticit\u00e9 culturelle. Cet aimant n&rsquo;est pas seulement un excellent souvenir de vacances \u00e0 Majorque, mais aussi une pi\u00e8ce d\u00e9corative qui ajoutera un air de joie \u00e0 tout r\u00e9frig\u00e9rateur ou surface m\u00e9tallique.<\/p>\n<p>Chez Ol\u00e9 Mosaic, nous nous sp\u00e9cialisons dans la distribution de souvenirs authentiques en gros, et cet aimant en c\u00e9ramique est un choix id\u00e9al pour toute boutique de cadeaux touristiques cherchant \u00e0 offrir \u00e0 ses clients un souvenir repr\u00e9sentatif et de qualit\u00e9. Avec sa combinaison de couleur, d&rsquo;art et de culture, cet aimant de Majorque est le souvenir parfait pour ceux qui souhaitent emporter un petit morceau de l&rsquo;\u00eele chez eux.<\/p>\n","protected":false},"excerpt":{"rendered":"<p>Aimant en c\u00e9ramique d\u00e9cor\u00e9 d&rsquo;une salamandre vibrante et de fleurs, inspir\u00e9 par la beaut\u00e9 de Majorque. Cet aimant, sur fond blanc, pr\u00e9sente un design color\u00e9 qui met en valeur la salamandre dans des tons bleus et verts, aux c\u00f4t\u00e9s de fleurs \u00e9labor\u00e9es jaunes et rouges, avec une finition rappelant la mosa\u00efque. Le mot \u00ab\u00a0Mallorca\u00a0\u00bb est imprim\u00e9, combinant esth\u00e9tique et culture dans une pi\u00e8ce unique qui captera l&rsquo;attention des amoureux de l&rsquo;\u00eele.<\/p>\n","protected":false},"featured_media":8052,"template":"","meta":{"_acf_changed":false},"product_brand":[],"product_cat":[697],"product_tag":[530,585],"class_list":{"0":"post-34611","1":"product","2":"type-product","3":"status-publish","4":"has-post-thumbnail","6":"product_cat-aimants","7":"product_tag-animaux","8":"product_tag-ceramique","9":"pa_ciudad-mallorca","10":"pa_motivo-salamandres","11":"pa_pais-espana","13":"first","14":"instock","15":"shipping-taxable","16":"product-type-simple"},"acf":[],"_links":{"self":[{"href":"https:\/\/olemosaic.com\/fr\/wp-json\/wp\/v2\/product\/34611","targetHints":{"allow":["GET"]}}],"collection":[{"href":"https:\/\/olemosaic.com\/fr\/wp-json\/wp\/v2\/product"}],"about":[{"href":"https:\/\/olemosaic.com\/fr\/wp-json\/wp\/v2\/types\/product"}],"wp:featuredmedia":[{"embeddable":true,"href":"https:\/\/olemosaic.com\/fr\/wp-json\/wp\/v2\/media\/8052"}],"wp:attachment":[{"href":"https:\/\/olemosaic.com\/fr\/wp-json\/wp\/v2\/media?parent=34611"}],"wp:term":[{"taxonomy":"product_brand","embeddable":true,"href":"https:\/\/olemosaic.com\/fr\/wp-json\/wp\/v2\/product_brand?post=34611"},{"taxonomy":"product_cat","embeddable":true,"href":"https:\/\/olemosaic.com\/fr\/wp-json\/wp\/v2\/product_cat?post=34611"},{"taxonomy":"product_tag","embeddable":true,"href":"https:\/\/olemosaic.com\/fr\/wp-json\/wp\/v2\/product_tag?post=34611"}],"curies":[{"name":"wp","href":"https:\/\/api.w.org\/{rel}","templated":true}]}}